{"id":26339,"date":"2024-10-17T01:47:36","date_gmt":"2024-10-17T01:47:36","guid":{"rendered":"https:\/\/wphfund.org\/?page_id=26339"},"modified":"2024-10-17T01:47:36","modified_gmt":"2024-10-17T01:47:36","slug":"definicoes-de-processo-de-paz-tipo-1-e-tipo-2-e-implementacao-de-um-acordo-de-paz","status":"publish","type":"page","link":"https:\/\/wphfund.org\/pt-pt\/definicoes-de-processo-de-paz-tipo-1-e-tipo-2-e-implementacao-de-um-acordo-de-paz\/","title":{"rendered":"Defini\u00e7\u00f5es de processo de paz, tipo 1 e tipo 2, e implementa\u00e7\u00e3o de um acordo de paz"},"content":{"rendered":"<p><span data-contrast=\"none\">Os projetos apoiados atrav\u00e9s da <a href=\"https:\/\/wphfund.org\/pt-pt\/janela-de-resposta-rapida-sobre-a-participacao-das-mulheres-em-processos-de-paz-e-acordos-de-paz\/\">Janela de Resposta R\u00e1pida<\/a> (RRW) do <a href=\"http:\/\/wphfund.org\">Fundo Humanit\u00e1rio e para a Paz das Mulheres<\/a> (WPHF) das Na\u00e7\u00f5es Unidas centrar-se-\u00e3o no aumento da influ\u00eancia significativa das mulheres nos processos de paz.\u00a0<\/span><span data-ccp-props=\"{&quot;201341983&quot;:0,&quot;335551550&quot;:6,&quot;335551620&quot;:6,&quot;335557856&quot;:16777215,&quot;335559685&quot;:375,&quot;335559738&quot;:240,&quot;335559739&quot;:240,&quot;335559740&quot;:240}\">\u00a0<\/span><\/p>\n<ul>\n<li data-leveltext=\"\uf0b7\" data-font=\"Symbol\" data-listid=\"14\" data-list-defn-props=\"{&quot;335552541&quot;:1,&quot;335559685&quot;:1095,&quot;335559991&quot;:360,&quot;469769226&quot;:&quot;Symbol&quot;,&quot;469769242&quot;:[8226],&quot;469777803&quot;:&quot;left&quot;,&quot;469777804&quot;:&quot;\uf0b7&quot;,&quot;469777815&quot;:&quot;hybridMultilevel&quot;}\" aria-setsize=\"-1\" data-aria-posinset=\"1\" data-aria-level=\"1\"><span data-contrast=\"none\">No \u00e2mbito da RRW, os projetos apoiados centrar-se-\u00e3o num <strong>processo de paz<\/strong> entendido como um processo pol\u00edtico formal para resolver conflitos violentos atrav\u00e9s de meios pac\u00edficos &#8211; geralmente uma mistura de pol\u00edtica, diplomacia, negocia\u00e7\u00f5es, sensibiliza\u00e7\u00e3o, media\u00e7\u00e3o e di\u00e1logo em diferentes \u00e1reas.\u00a0\u00a0<\/span><span data-ccp-props=\"{&quot;201341983&quot;:0,&quot;335551550&quot;:6,&quot;335551620&quot;:6,&quot;335557856&quot;:16777215,&quot;335559738&quot;:240,&quot;335559739&quot;:240,&quot;335559740&quot;:240}\">\u00a0<\/span><\/li>\n<\/ul>\n<p><span data-contrast=\"none\">O WPHF-RRW apoia a participa\u00e7\u00e3o das mulheres nas negocia\u00e7\u00f5es de tipo 1 e tipo 2 e na implementa\u00e7\u00e3o de acordos de paz: <\/span><span data-ccp-props=\"{&quot;201341983&quot;:0,&quot;335551550&quot;:6,&quot;335551620&quot;:6,&quot;335557856&quot;:16777215,&quot;335559685&quot;:375,&quot;335559738&quot;:240,&quot;335559739&quot;:240,&quot;335559740&quot;:240}\">\u00a0<\/span><\/p>\n<ul>\n<li data-leveltext=\"\uf0b7\" data-font=\"Symbol\" data-listid=\"9\" data-list-defn-props=\"{&quot;335552541&quot;:1,&quot;335559685&quot;:720,&quot;335559991&quot;:360,&quot;469769226&quot;:&quot;Symbol&quot;,&quot;469769242&quot;:[8226],&quot;469777803&quot;:&quot;left&quot;,&quot;469777804&quot;:&quot;\uf0b7&quot;,&quot;469777815&quot;:&quot;multilevel&quot;}\" aria-setsize=\"-1\" data-aria-posinset=\"1\" data-aria-level=\"1\"><span data-contrast=\"none\"><strong>Tipo 1<\/strong>: Processo de tomada de decis\u00f5es de alto n\u00edvel envolvendo a lideran\u00e7a do pa\u00eds ou governos nacionais frequentemente liderados pela ONU ou organiza\u00e7\u00f5es regionais multilaterais atrav\u00e9s de um comit\u00e9 ou de um enviado especial. Cessar-fogo, di\u00e1logos nacionais, negocia\u00e7\u00f5es do tratado de paz, transi\u00e7\u00e3o pol\u00edtica, reda\u00e7\u00e3o da constitui\u00e7\u00e3o, media\u00e7\u00e3o internacional.<\/span><span data-ccp-props=\"{&quot;201341983&quot;:0,&quot;335551550&quot;:6,&quot;335551620&quot;:6,&quot;335557856&quot;:16777215,&quot;335559685&quot;:1095,&quot;335559739&quot;:0,&quot;335559740&quot;:240}\">\u00a0<\/span><\/li>\n<\/ul>\n<ul>\n<li data-leveltext=\"\uf0b7\" data-font=\"Symbol\" data-listid=\"9\" data-list-defn-props=\"{&quot;335552541&quot;:1,&quot;335559685&quot;:720,&quot;335559991&quot;:360,&quot;469769226&quot;:&quot;Symbol&quot;,&quot;469769242&quot;:[8226],&quot;469777803&quot;:&quot;left&quot;,&quot;469777804&quot;:&quot;\uf0b7&quot;,&quot;469777815&quot;:&quot;multilevel&quot;}\" aria-setsize=\"-1\" data-aria-posinset=\"2\" data-aria-level=\"1\"><span data-contrast=\"none\"><strong>Tipo 2<\/strong>: Normalmente convocados em paralelo ou para trabalhar para um processo de paz de tipo 1. Os processos de tipo 2 influenciam ou aconselham um processo de tipo 1 e\/ou sensibilizam para refor\u00e7ar a ades\u00e3o da comunidade. Podem assumir a forma de uma confer\u00eancia, workshop ou f\u00f3rum envolvendo mulheres construtoras da paz, sociedade civil, l\u00edderes comunit\u00e1rios, outros peritos e mediadores.<\/span><span data-ccp-props=\"{&quot;201341983&quot;:0,&quot;335551550&quot;:6,&quot;335551620&quot;:6,&quot;335557856&quot;:16777215,&quot;335559685&quot;:1095,&quot;335559739&quot;:0,&quot;335559740&quot;:240}\">\u00a0<\/span><\/li>\n<\/ul>\n<ul>\n<li data-leveltext=\"\uf0b7\" data-font=\"Symbol\" data-listid=\"9\" data-list-defn-props=\"{&quot;335552541&quot;:1,&quot;335559685&quot;:720,&quot;335559991&quot;:360,&quot;469769226&quot;:&quot;Symbol&quot;,&quot;469769242&quot;:[8226],&quot;469777803&quot;:&quot;left&quot;,&quot;469777804&quot;:&quot;\uf0b7&quot;,&quot;469777815&quot;:&quot;multilevel&quot;}\" aria-setsize=\"-1\" data-aria-posinset=\"3\" data-aria-level=\"1\"><span data-contrast=\"none\"><strong>Implementa\u00e7\u00e3o de um acordo de paz<\/strong>: Foi alcan\u00e7ado e assinado um acordo a n\u00edvel internacional, nacional e subnacional (por exemplo, uma solu\u00e7\u00e3o pol\u00edtica, um cessar-fogo, etc.). As mulheres construtoras da paz e a sociedade civil trabalham para responsabilizar os decisores pelos compromissos assumidos atrav\u00e9s, por exemplo, de mecanismos ou comit\u00e9s de monitoriza\u00e7\u00e3o, processos parlamentares, comiss\u00f5es da verdade e reconcilia\u00e7\u00e3o, relat\u00f3rios e relat\u00f3rios sombra.\u00a0<\/span><span data-ccp-props=\"{&quot;201341983&quot;:0,&quot;335551550&quot;:6,&quot;335551620&quot;:6,&quot;335557856&quot;:16777215,&quot;335559685&quot;:1095,&quot;335559739&quot;:0,&quot;335559740&quot;:240}\">\u00a0<\/span><\/li>\n<\/ul>\n","protected":false},"excerpt":{"rendered":"<p>Os projetos apoiados atrav\u00e9s da Janela de Resposta R\u00e1pida (RRW) do Fundo Humanit\u00e1rio e para a Paz das Mulheres (WPHF) das Na\u00e7\u00f5es Unidas centrar-se-\u00e3o no aumento da influ\u00eancia significativa das&#8230;<\/p>\n","protected":false},"author":9,"featured_media":0,"parent":0,"menu_order":0,"comment_status":"closed","ping_status":"closed","template":"","meta":{"_acf_changed":false,"footnotes":""},"class_list":["post-26339","page","type-page","status-publish","hentry"],"acf":[],"yoast_head":"<!-- This site is optimized with the Yoast SEO plugin v26.4 - https:\/\/yoast.com\/wordpress\/plugins\/seo\/ -->\n<title>Defini\u00e7\u00f5es de processo de paz, tipo 1 e tipo 2, e implementa\u00e7\u00e3o de um acordo de paz - Women\u2019s Peace and Humanitarian Fund<\/title>\n<meta name=\"robots\" content=\"index, follow, max-snippet:-1, max-image-preview:large, max-video-preview:-1\" \/>\n<link rel=\"canonical\" href=\"https:\/\/wphfund.org\/pt-pt\/definicoes-de-processo-de-paz-tipo-1-e-tipo-2-e-implementacao-de-um-acordo-de-paz\/\" \/>\n<meta property=\"og:locale\" content=\"pt_PT\" \/>\n<meta property=\"og:type\" content=\"article\" \/>\n<meta property=\"og:title\" content=\"Defini\u00e7\u00f5es de processo de paz, tipo 1 e tipo 2, e implementa\u00e7\u00e3o de um acordo de paz - Women\u2019s Peace and Humanitarian Fund\" \/>\n<meta property=\"og:description\" content=\"Os projetos apoiados atrav\u00e9s da Janela de Resposta R\u00e1pida (RRW) do Fundo Humanit\u00e1rio e para a Paz das Mulheres (WPHF) das Na\u00e7\u00f5es Unidas centrar-se-\u00e3o no aumento da influ\u00eancia significativa das...\" \/>\n<meta property=\"og:url\" content=\"https:\/\/wphfund.org\/pt-pt\/definicoes-de-processo-de-paz-tipo-1-e-tipo-2-e-implementacao-de-um-acordo-de-paz\/\" \/>\n<meta property=\"og:site_name\" content=\"Women\u2019s Peace and Humanitarian Fund\" \/>\n<meta name=\"twitter:card\" content=\"summary_large_image\" \/>\n<meta name=\"twitter:label1\" content=\"Tempo estimado de leitura\" \/>\n\t<meta name=\"twitter:data1\" content=\"2 minutos\" \/>\n<script type=\"application\/ld+json\" class=\"yoast-schema-graph\">{\"@context\":\"https:\/\/schema.org\",\"@graph\":[{\"@type\":\"WebPage\",\"@id\":\"https:\/\/wphfund.org\/pt-pt\/definicoes-de-processo-de-paz-tipo-1-e-tipo-2-e-implementacao-de-um-acordo-de-paz\/\",\"url\":\"https:\/\/wphfund.org\/pt-pt\/definicoes-de-processo-de-paz-tipo-1-e-tipo-2-e-implementacao-de-um-acordo-de-paz\/\",\"name\":\"Defini\u00e7\u00f5es de processo de paz, tipo 1 e tipo 2, e implementa\u00e7\u00e3o de um acordo de paz - Women\u2019s Peace and Humanitarian Fund\",\"isPartOf\":{\"@id\":\"https:\/\/wphfund.org\/#website\"},\"datePublished\":\"2024-10-17T01:47:36+00:00\",\"breadcrumb\":{\"@id\":\"https:\/\/wphfund.org\/pt-pt\/definicoes-de-processo-de-paz-tipo-1-e-tipo-2-e-implementacao-de-um-acordo-de-paz\/#breadcrumb\"},\"inLanguage\":\"pt-PT\",\"potentialAction\":[{\"@type\":\"ReadAction\",\"target\":[\"https:\/\/wphfund.org\/pt-pt\/definicoes-de-processo-de-paz-tipo-1-e-tipo-2-e-implementacao-de-um-acordo-de-paz\/\"]}]},{\"@type\":\"BreadcrumbList\",\"@id\":\"https:\/\/wphfund.org\/pt-pt\/definicoes-de-processo-de-paz-tipo-1-e-tipo-2-e-implementacao-de-um-acordo-de-paz\/#breadcrumb\",\"itemListElement\":[{\"@type\":\"ListItem\",\"position\":1,\"name\":\"Home\",\"item\":\"https:\/\/wphfund.org\/\"},{\"@type\":\"ListItem\",\"position\":2,\"name\":\"Defini\u00e7\u00f5es de processo de paz, tipo 1 e tipo 2, e implementa\u00e7\u00e3o de um acordo de paz\"}]},{\"@type\":\"WebSite\",\"@id\":\"https:\/\/wphfund.org\/#website\",\"url\":\"https:\/\/wphfund.org\/\",\"name\":\"Women\u2019s Peace and Humanitarian Fund\",\"description\":\"Support women. Prevent conflict. Build peace.\",\"potentialAction\":[{\"@type\":\"SearchAction\",\"target\":{\"@type\":\"EntryPoint\",\"urlTemplate\":\"https:\/\/wphfund.org\/?s={search_term_string}\"},\"query-input\":{\"@type\":\"PropertyValueSpecification\",\"valueRequired\":true,\"valueName\":\"search_term_string\"}}],\"inLanguage\":\"pt-PT\"}]}<\/script>\n<!-- \/ Yoast SEO plugin. -->","yoast_head_json":{"title":"Defini\u00e7\u00f5es de processo de paz, tipo 1 e tipo 2, e implementa\u00e7\u00e3o de um acordo de paz - Women\u2019s Peace and Humanitarian Fund","robots":{"index":"index","follow":"follow","max-snippet":"max-snippet:-1","max-image-preview":"max-image-preview:large","max-video-preview":"max-video-preview:-1"},"canonical":"https:\/\/wphfund.org\/pt-pt\/definicoes-de-processo-de-paz-tipo-1-e-tipo-2-e-implementacao-de-um-acordo-de-paz\/","og_locale":"pt_PT","og_type":"article","og_title":"Defini\u00e7\u00f5es de processo de paz, tipo 1 e tipo 2, e implementa\u00e7\u00e3o de um acordo de paz - Women\u2019s Peace and Humanitarian Fund","og_description":"Os projetos apoiados atrav\u00e9s da Janela de Resposta R\u00e1pida (RRW) do Fundo Humanit\u00e1rio e para a Paz das Mulheres (WPHF) das Na\u00e7\u00f5es Unidas centrar-se-\u00e3o no aumento da influ\u00eancia significativa das...","og_url":"https:\/\/wphfund.org\/pt-pt\/definicoes-de-processo-de-paz-tipo-1-e-tipo-2-e-implementacao-de-um-acordo-de-paz\/","og_site_name":"Women\u2019s Peace and Humanitarian Fund","twitter_card":"summary_large_image","twitter_misc":{"Tempo estimado de leitura":"2 minutos"},"schema":{"@context":"https:\/\/schema.org","@graph":[{"@type":"WebPage","@id":"https:\/\/wphfund.org\/pt-pt\/definicoes-de-processo-de-paz-tipo-1-e-tipo-2-e-implementacao-de-um-acordo-de-paz\/","url":"https:\/\/wphfund.org\/pt-pt\/definicoes-de-processo-de-paz-tipo-1-e-tipo-2-e-implementacao-de-um-acordo-de-paz\/","name":"Defini\u00e7\u00f5es de processo de paz, tipo 1 e tipo 2, e implementa\u00e7\u00e3o de um acordo de paz - Women\u2019s Peace and Humanitarian Fund","isPartOf":{"@id":"https:\/\/wphfund.org\/#website"},"datePublished":"2024-10-17T01:47:36+00:00","breadcrumb":{"@id":"https:\/\/wphfund.org\/pt-pt\/definicoes-de-processo-de-paz-tipo-1-e-tipo-2-e-implementacao-de-um-acordo-de-paz\/#breadcrumb"},"inLanguage":"pt-PT","potentialAction":[{"@type":"ReadAction","target":["https:\/\/wphfund.org\/pt-pt\/definicoes-de-processo-de-paz-tipo-1-e-tipo-2-e-implementacao-de-um-acordo-de-paz\/"]}]},{"@type":"BreadcrumbList","@id":"https:\/\/wphfund.org\/pt-pt\/definicoes-de-processo-de-paz-tipo-1-e-tipo-2-e-implementacao-de-um-acordo-de-paz\/#breadcrumb","itemListElement":[{"@type":"ListItem","position":1,"name":"Home","item":"https:\/\/wphfund.org\/"},{"@type":"ListItem","position":2,"name":"Defini\u00e7\u00f5es de processo de paz, tipo 1 e tipo 2, e implementa\u00e7\u00e3o de um acordo de paz"}]},{"@type":"WebSite","@id":"https:\/\/wphfund.org\/#website","url":"https:\/\/wphfund.org\/","name":"Women\u2019s Peace and Humanitarian Fund","description":"Support women. Prevent conflict. Build peace.","potentialAction":[{"@type":"SearchAction","target":{"@type":"EntryPoint","urlTemplate":"https:\/\/wphfund.org\/?s={search_term_string}"},"query-input":{"@type":"PropertyValueSpecification","valueRequired":true,"valueName":"search_term_string"}}],"inLanguage":"pt-PT"}]}},"_links":{"self":[{"href":"https:\/\/wphfund.org\/pt-pt\/wp-json\/wp\/v2\/pages\/26339","targetHints":{"allow":["GET"]}}],"collection":[{"href":"https:\/\/wphfund.org\/pt-pt\/wp-json\/wp\/v2\/pages"}],"about":[{"href":"https:\/\/wphfund.org\/pt-pt\/wp-json\/wp\/v2\/types\/page"}],"author":[{"embeddable":true,"href":"https:\/\/wphfund.org\/pt-pt\/wp-json\/wp\/v2\/users\/9"}],"replies":[{"embeddable":true,"href":"https:\/\/wphfund.org\/pt-pt\/wp-json\/wp\/v2\/comments?post=26339"}],"version-history":[{"count":0,"href":"https:\/\/wphfund.org\/pt-pt\/wp-json\/wp\/v2\/pages\/26339\/revisions"}],"wp:attachment":[{"href":"https:\/\/wphfund.org\/pt-pt\/wp-json\/wp\/v2\/media?parent=26339"}],"curies":[{"name":"wp","href":"https:\/\/api.w.org\/{rel}","templated":true}]}}