{"id":26337,"date":"2024-10-17T01:42:31","date_gmt":"2024-10-17T01:42:31","guid":{"rendered":"https:\/\/wphfund.org\/?page_id=26337"},"modified":"2024-10-17T01:42:31","modified_gmt":"2024-10-17T01:42:31","slug":"perguntas-frequentes-faq","status":"publish","type":"page","link":"https:\/\/wphfund.org\/pt-pt\/perguntas-frequentes-faq\/","title":{"rendered":"Perguntas frequentes (FAQ)"},"content":{"rendered":"<p><b><span data-contrast=\"none\">O meu pa\u00eds \u00e9 eleg\u00edvel para se candidatar \u00e0 <a href=\"https:\/\/wphfund.org\/pt-pt\/janela-de-resposta-rapida-sobre-a-participacao-das-mulheres-em-processos-de-paz-e-acordos-de-paz\/\">Janela de Resposta R\u00e1pida<\/a> (RRW) do <a href=\"http:\/\/wphfund.org\">Fundo Humanit\u00e1rio e para a Paz das Mulheres<\/a> (WPHF) das Na\u00e7\u00f5es Unidas?\u00a0<\/span><\/b><span data-ccp-props=\"{&quot;335551550&quot;:6,&quot;335551620&quot;:6,&quot;335559739&quot;:0}\">\u00a0<\/span><\/p>\n<p><span data-contrast=\"auto\">A RRW est\u00e1 aberta a todos os<\/span> <a href=\"https:\/\/www.oecd.org\/dac\/financing-sustainable-development\/development-finance-standards\/daclist.htm\" target=\"_blank\" rel=\"noopener\"><span data-contrast=\"none\">pa\u00edses eleg\u00edveis para a APD<\/span><\/a> <span data-contrast=\"auto\">com um processo de paz Tipo I\/Tipo II ou com a implementa\u00e7\u00e3o de um acordo de paz em curso.<\/span> <span data-contrast=\"auto\">A oportunidade da iniciativa, com base nos pontos de entrada identificados para influenciar o processo ou o acordo de paz, deve ser claramente definida.\u00a0\u00a0<\/span><span data-ccp-props=\"{&quot;335551550&quot;:6,&quot;335551620&quot;:6,&quot;335559739&quot;:0}\">\u00a0<\/span><\/p>\n<p><b><span data-contrast=\"none\">Qual \u00e9 o prazo para apresenta\u00e7\u00e3o de candidaturas?\u00a0<\/span><\/b><span data-ccp-props=\"{&quot;335559739&quot;:0}\">\u00a0<\/span><\/p>\n<p><span data-contrast=\"auto\">A RRW n\u00e3o tem prazo para apresenta\u00e7\u00e3o de candidaturas. Este mecanismo \u00e9 orientado pela procura e est\u00e1 aberto durante todo o ano.\u00a0<\/span><span data-ccp-props=\"{&quot;335559739&quot;:0}\">\u00a0<\/span><\/p>\n<p><b><span data-contrast=\"none\">Podemos candidatar-nos como grupo de reflex\u00e3o, universidade ou organiza\u00e7\u00e3o internacional?\u00a0<\/span><\/b><span data-ccp-props=\"{&quot;335551550&quot;:6,&quot;335551620&quot;:6,&quot;335559739&quot;:0}\">\u00a0<\/span><\/p>\n<p><span data-contrast=\"auto\"><strong>N\u00e3o<\/strong>. As universidades, os grupos de reflex\u00e3o e as organiza\u00e7\u00f5es internacionais n\u00e3o podem candidatar-se \u00e0 RRW. No entanto, podem candidatar-se atrav\u00e9s de um cons\u00f3rcio com uma organiza\u00e7\u00e3o de defesa dos direitos das mulheres como entidade l\u00edder que respeite os crit\u00e9rios de elegibilidade. Para mais informa\u00e7\u00f5es sobre os crit\u00e9rios de elegibilidade, <\/span><a href=\"https:\/\/wphfund.org\/pt-pt\/janela-de-resposta-rapida-sobre-a-participacao-das-mulheres-em-processos-de-paz-e-acordos-de-paz\/\">clique aqui<\/a><b><span data-contrast=\"auto\">.<\/span><\/b><span data-ccp-props=\"{&quot;335551550&quot;:6,&quot;335551620&quot;:6,&quot;335559739&quot;:0}\">\u00a0<\/span><\/p>\n<p><b><span data-contrast=\"none\">Devemos estar legalmente registados como organiza\u00e7\u00e3o para nos candidatarmos?<\/span><\/b><span data-ccp-props=\"{&quot;201341983&quot;:0,&quot;335559739&quot;:0,&quot;335559740&quot;:240}\">\u00a0<\/span><\/p>\n<ul>\n<li><b><span data-contrast=\"none\">SIM para subven\u00e7\u00f5es de curto prazo.<\/span><\/b><span data-contrast=\"auto\"> A organiza\u00e7\u00e3o candidata l\u00edder deve ter estatuto legal e deve apresentar prova de registo legal com o pacote de candidatura. Excecionalmente, um registo noutro pa\u00eds pode ser aceite se o registo no pa\u00eds de interven\u00e7\u00e3o for complicado devido a conflito. Note-se que os estatutos n\u00e3o constituem prova de estatuto jur\u00eddico e que as organiza\u00e7\u00f5es que t\u00eam um \u00e2mbito de interven\u00e7\u00e3o internacional n\u00e3o s\u00e3o eleg\u00edveis.\u00a0\u00a0<\/span><span data-ccp-props=\"{&quot;201341983&quot;:0,&quot;335551550&quot;:6,&quot;335551620&quot;:6,&quot;335559739&quot;:0,&quot;335559740&quot;:240}\">\u00a0<\/span><\/li>\n<li><b><span data-contrast=\"none\">N\u00c3O para apoio direto ou para parceiros de cons\u00f3rcio ou <\/span><\/b><span data-contrast=\"auto\">de co-implementa\u00e7\u00e3o, se relevante. Os parceiros de co-implementa\u00e7\u00e3o n\u00e3o s\u00e3o obrigados a fornecer um registo legal. Salienta-se que as mulheres de diferentes pa\u00edses da APD s\u00e3o eleg\u00edveis para se candidatarem.\u00a0\u00a0<\/span><span data-ccp-props=\"{&quot;201341983&quot;:0,&quot;335551550&quot;:6,&quot;335551620&quot;:6,&quot;335559739&quot;:0,&quot;335559740&quot;:240}\">\u00a0<\/span><\/li>\n<\/ul>\n<p><b><span data-contrast=\"none\">Posso candidatar-me \u00e0s duas vertentes?<\/span><\/b><span data-ccp-props=\"{&quot;335559739&quot;:0}\">\u00a0<\/span><\/p>\n<p><b><span data-contrast=\"none\">SIM.<\/span><\/b><span data-contrast=\"auto\"> Uma organiza\u00e7\u00e3o local pode candidatar-se a ambas as vertentes &#8211; apoio direto e subven\u00e7\u00f5es de curto prazo &#8211; ao mesmo tempo ou consecutivamente. Os candidatos que se candidatem a ambas as vertentes, devem apresentar um formul\u00e1rio de candidatura separado, utilizando os modelos adequados. Cada candidatura ser\u00e1 avaliada separadamente, pelo que a aprova\u00e7\u00e3o de uma n\u00e3o garante a aprova\u00e7\u00e3o da outra. Note-se que, para poder beneficiar das duas vertentes, \u00e9 necess\u00e1rio um registo legal.<\/span><span data-ccp-props=\"{&quot;335559739&quot;:0}\">\u00a0<\/span><\/p>\n<p><b><span data-contrast=\"none\">Quantas vezes posso candidatar-me?<\/span><\/b><span data-ccp-props=\"{&quot;335559739&quot;:0}\">\u00a0<\/span><\/p>\n<p><span data-contrast=\"auto\">Os parceiros da RRW com uma subven\u00e7\u00e3o de curto prazo s\u00f3 podem receber uma subven\u00e7\u00e3o <\/span><b><span data-contrast=\"auto\">uma vez<\/span><\/b><span data-contrast=\"auto\"> como organiza\u00e7\u00e3o l\u00edder, mas podem ser membros de um cons\u00f3rcio para outro projeto, desde que n\u00e3o sejam os l\u00edderes. N\u00e3o \u00e9 poss\u00edvel receber uma subven\u00e7\u00e3o de curto prazo duas vezes como organiza\u00e7\u00e3o l\u00edder. Para a vertente de apoio direto, um parceiro pode beneficiar <\/span><b><span data-contrast=\"auto\">at\u00e9 duas vezes<\/span><\/b><span data-contrast=\"auto\"> num per\u00edodo de 12 meses. Cada candidatura ser\u00e1 analisada de forma independente.<\/span><span data-ccp-props=\"{}\">\u00a0<\/span><\/p>\n<p><b><span data-contrast=\"none\">Podemos apresentar uma proposta centrada no refor\u00e7o das capacidades, na sensibiliza\u00e7\u00e3o ou na implementa\u00e7\u00e3o de um plano de a\u00e7\u00e3o nacional (PAN) no \u00e2mbito da Resolu\u00e7\u00e3o 1325 do Conselho de Seguran\u00e7a das Na\u00e7\u00f5es Unidas (CSNU)?\u00a0<\/span><\/b><span data-ccp-props=\"{&quot;335551550&quot;:6,&quot;335551620&quot;:6,&quot;335559739&quot;:0}\">\u00a0<\/span><\/p>\n<p><span data-contrast=\"auto\"><b>N\u00c3O<\/b>. A implementa\u00e7\u00e3o de atividades e projetos do PAN que se centram apenas em atividades locais e de base comunit\u00e1ria n\u00e3o s\u00e3o eleg\u00edveis para a RRW. No entanto, uma iniciativa pode incluir um ou dois componentes que abordem o refor\u00e7o das capacidades, a sensibiliza\u00e7\u00e3o ou atividades relacionadas com o PAN, desde que existam outras componentes na iniciativa que se centrem na inclus\u00e3o das mulheres nos processos de paz do tipo I ou tipo II ou na implementa\u00e7\u00e3o de um acordo de paz espec\u00edfico.\u00a0\u00a0 <\/span><span data-ccp-props=\"{&quot;335551550&quot;:6,&quot;335551620&quot;:6,&quot;335559739&quot;:0}\">\u00a0<\/span><\/p>\n<p><b><span data-contrast=\"none\">\u00c9 poss\u00edvel obter uma prorroga\u00e7\u00e3o para um projeto?\u00a0<\/span><\/b><span data-ccp-props=\"{&quot;335559739&quot;:0}\">\u00a0<\/span><\/p>\n<p><span data-contrast=\"auto\">Excecionalmente, os projetos financiados atrav\u00e9s de uma subven\u00e7\u00e3o de curto prazo que demonstrem um elevado impacto ou resultados catal\u00edticos e identifiquem uma oportunidade de capitalizar esses resultados podem solicitar uma prorroga\u00e7\u00e3o at\u00e9 50 000 USD por tr\u00eas meses adicionais. A aprova\u00e7\u00e3o destes pedidos ser\u00e1 efetuada caso a caso.\u00a0<\/span><span data-ccp-props=\"{&quot;335551550&quot;:6,&quot;335551620&quot;:6,&quot;335559739&quot;:0}\">\u00a0<\/span><\/p>\n<p><span data-contrast=\"auto\">As extens\u00f5es de custos n\u00e3o est\u00e3o dispon\u00edveis para os benefici\u00e1rios de apoio direto.\u00a0<\/span><span data-ccp-props=\"{&quot;335551550&quot;:6,&quot;335551620&quot;:6,&quot;335559739&quot;:0}\">\u00a0<\/span><\/p>\n<p><span data-contrast=\"auto\">Pode ser concedida uma prorroga\u00e7\u00e3o gratuita de tr\u00eas meses aos benefici\u00e1rios de subven\u00e7\u00f5es de curto prazo e de apoio direto em caso de circunst\u00e2ncias imprevistas que afetem a implementa\u00e7\u00e3o do projeto.\u00a0<\/span><span data-ccp-props=\"{&quot;335551550&quot;:6,&quot;335551620&quot;:6,&quot;335559739&quot;:0}\">\u00a0<\/span><\/p>\n<p><b><span data-contrast=\"none\">Podemos solicitar financiamento para uma iniciativa ou projeto em curso ou existente?\u00a0<\/span><\/b><span data-ccp-props=\"{&quot;335551550&quot;:6,&quot;335551620&quot;:6,&quot;335559739&quot;:0}\">\u00a0<\/span><\/p>\n<p><span data-contrast=\"none\"><strong>SIM<\/strong>. <\/span><span data-contrast=\"auto\">A RRW aceita propostas de projetos em curso financiados por outros doadores. No entanto, o valor acrescentado espec\u00edfico da contribui\u00e7\u00e3o deve ser claramente destacado e ligado aos objetivos da RRW.<\/span><span data-ccp-props=\"{&quot;201341983&quot;:0,&quot;335551550&quot;:6,&quot;335551620&quot;:6,&quot;335559739&quot;:0,&quot;335559740&quot;:240}\">\u00a0<\/span><\/p>\n<p><b><span data-contrast=\"none\">A minha organiza\u00e7\u00e3o deve contribuir para o or\u00e7amento do projeto?\u00a0<\/span><\/b><span data-ccp-props=\"{&quot;201341983&quot;:0,&quot;335551550&quot;:6,&quot;335551620&quot;:6,&quot;335559739&quot;:0,&quot;335559740&quot;:240}\">\u00a0<\/span><\/p>\n<p><span data-contrast=\"none\"><strong>N\u00c3O<\/strong>.\u00a0 <\/span><span data-contrast=\"auto\">As organiza\u00e7\u00f5es da sociedade civil n\u00e3o s\u00e3o obrigadas a contribuir para o or\u00e7amento.<\/span><span data-ccp-props=\"{&quot;201341983&quot;:0,&quot;335551550&quot;:6,&quot;335551620&quot;:6,&quot;335559739&quot;:0,&quot;335559740&quot;:240}\">\u00a0<\/span><\/p>\n<h3><span data-contrast=\"none\">Tem mais alguma pergunta? <\/span><\/h3>\n<p><span data-contrast=\"auto\">Contacte-nos em <\/span><a href=\"mailto:WPHF-RRW@unwomen.org\" target=\"_blank\" rel=\"noopener\"><span data-contrast=\"none\">WPHF-RRW@unwomen.org<\/span><\/a>.<span data-contrast=\"auto\">\u00a0<\/span><span data-ccp-props=\"{}\">\u00a0<\/span><\/p>\n","protected":false},"excerpt":{"rendered":"<p>O meu pa\u00eds \u00e9 eleg\u00edvel para se candidatar \u00e0 Janela de Resposta R\u00e1pida (RRW) do Fundo Humanit\u00e1rio e para a Paz das Mulheres (WPHF) das Na\u00e7\u00f5es Unidas?\u00a0\u00a0 A RRW est\u00e1&#8230;<\/p>\n","protected":false},"author":9,"featured_media":0,"parent":0,"menu_order":0,"comment_status":"closed","ping_status":"closed","template":"","meta":{"_acf_changed":false,"footnotes":""},"class_list":["post-26337","page","type-page","status-publish","hentry"],"acf":[],"yoast_head":"<!-- This site is optimized with the Yoast SEO plugin v26.4 - https:\/\/yoast.com\/wordpress\/plugins\/seo\/ -->\n<title>Perguntas frequentes (FAQ) - Women\u2019s Peace and Humanitarian Fund<\/title>\n<meta name=\"robots\" content=\"index, follow, max-snippet:-1, max-image-preview:large, max-video-preview:-1\" \/>\n<link rel=\"canonical\" href=\"https:\/\/wphfund.org\/pt-pt\/perguntas-frequentes-faq\/\" \/>\n<meta property=\"og:locale\" content=\"pt_PT\" \/>\n<meta property=\"og:type\" content=\"article\" \/>\n<meta property=\"og:title\" content=\"Perguntas frequentes (FAQ) - Women\u2019s Peace and Humanitarian Fund\" \/>\n<meta property=\"og:description\" content=\"O meu pa\u00eds \u00e9 eleg\u00edvel para se candidatar \u00e0 Janela de Resposta R\u00e1pida (RRW) do Fundo Humanit\u00e1rio e para a Paz das Mulheres (WPHF) das Na\u00e7\u00f5es Unidas?\u00a0\u00a0 A RRW est\u00e1...\" \/>\n<meta property=\"og:url\" content=\"https:\/\/wphfund.org\/pt-pt\/perguntas-frequentes-faq\/\" \/>\n<meta property=\"og:site_name\" content=\"Women\u2019s Peace and Humanitarian Fund\" \/>\n<meta name=\"twitter:card\" content=\"summary_large_image\" \/>\n<meta name=\"twitter:label1\" content=\"Tempo estimado de leitura\" \/>\n\t<meta name=\"twitter:data1\" content=\"4 minutos\" \/>\n<script type=\"application\/ld+json\" class=\"yoast-schema-graph\">{\"@context\":\"https:\/\/schema.org\",\"@graph\":[{\"@type\":\"WebPage\",\"@id\":\"https:\/\/wphfund.org\/pt-pt\/perguntas-frequentes-faq\/\",\"url\":\"https:\/\/wphfund.org\/pt-pt\/perguntas-frequentes-faq\/\",\"name\":\"Perguntas frequentes (FAQ) - Women\u2019s Peace and Humanitarian Fund\",\"isPartOf\":{\"@id\":\"https:\/\/wphfund.org\/#website\"},\"datePublished\":\"2024-10-17T01:42:31+00:00\",\"breadcrumb\":{\"@id\":\"https:\/\/wphfund.org\/pt-pt\/perguntas-frequentes-faq\/#breadcrumb\"},\"inLanguage\":\"pt-PT\",\"potentialAction\":[{\"@type\":\"ReadAction\",\"target\":[\"https:\/\/wphfund.org\/pt-pt\/perguntas-frequentes-faq\/\"]}]},{\"@type\":\"BreadcrumbList\",\"@id\":\"https:\/\/wphfund.org\/pt-pt\/perguntas-frequentes-faq\/#breadcrumb\",\"itemListElement\":[{\"@type\":\"ListItem\",\"position\":1,\"name\":\"Home\",\"item\":\"https:\/\/wphfund.org\/\"},{\"@type\":\"ListItem\",\"position\":2,\"name\":\"Perguntas frequentes (FAQ)\"}]},{\"@type\":\"WebSite\",\"@id\":\"https:\/\/wphfund.org\/#website\",\"url\":\"https:\/\/wphfund.org\/\",\"name\":\"Women\u2019s Peace and Humanitarian Fund\",\"description\":\"Support women. Prevent conflict. Build peace.\",\"potentialAction\":[{\"@type\":\"SearchAction\",\"target\":{\"@type\":\"EntryPoint\",\"urlTemplate\":\"https:\/\/wphfund.org\/?s={search_term_string}\"},\"query-input\":{\"@type\":\"PropertyValueSpecification\",\"valueRequired\":true,\"valueName\":\"search_term_string\"}}],\"inLanguage\":\"pt-PT\"}]}<\/script>\n<!-- \/ Yoast SEO plugin. -->","yoast_head_json":{"title":"Perguntas frequentes (FAQ) - Women\u2019s Peace and Humanitarian Fund","robots":{"index":"index","follow":"follow","max-snippet":"max-snippet:-1","max-image-preview":"max-image-preview:large","max-video-preview":"max-video-preview:-1"},"canonical":"https:\/\/wphfund.org\/pt-pt\/perguntas-frequentes-faq\/","og_locale":"pt_PT","og_type":"article","og_title":"Perguntas frequentes (FAQ) - Women\u2019s Peace and Humanitarian Fund","og_description":"O meu pa\u00eds \u00e9 eleg\u00edvel para se candidatar \u00e0 Janela de Resposta R\u00e1pida (RRW) do Fundo Humanit\u00e1rio e para a Paz das Mulheres (WPHF) das Na\u00e7\u00f5es Unidas?\u00a0\u00a0 A RRW est\u00e1...","og_url":"https:\/\/wphfund.org\/pt-pt\/perguntas-frequentes-faq\/","og_site_name":"Women\u2019s Peace and Humanitarian Fund","twitter_card":"summary_large_image","twitter_misc":{"Tempo estimado de leitura":"4 minutos"},"schema":{"@context":"https:\/\/schema.org","@graph":[{"@type":"WebPage","@id":"https:\/\/wphfund.org\/pt-pt\/perguntas-frequentes-faq\/","url":"https:\/\/wphfund.org\/pt-pt\/perguntas-frequentes-faq\/","name":"Perguntas frequentes (FAQ) - Women\u2019s Peace and Humanitarian Fund","isPartOf":{"@id":"https:\/\/wphfund.org\/#website"},"datePublished":"2024-10-17T01:42:31+00:00","breadcrumb":{"@id":"https:\/\/wphfund.org\/pt-pt\/perguntas-frequentes-faq\/#breadcrumb"},"inLanguage":"pt-PT","potentialAction":[{"@type":"ReadAction","target":["https:\/\/wphfund.org\/pt-pt\/perguntas-frequentes-faq\/"]}]},{"@type":"BreadcrumbList","@id":"https:\/\/wphfund.org\/pt-pt\/perguntas-frequentes-faq\/#breadcrumb","itemListElement":[{"@type":"ListItem","position":1,"name":"Home","item":"https:\/\/wphfund.org\/"},{"@type":"ListItem","position":2,"name":"Perguntas frequentes (FAQ)"}]},{"@type":"WebSite","@id":"https:\/\/wphfund.org\/#website","url":"https:\/\/wphfund.org\/","name":"Women\u2019s Peace and Humanitarian Fund","description":"Support women. Prevent conflict. Build peace.","potentialAction":[{"@type":"SearchAction","target":{"@type":"EntryPoint","urlTemplate":"https:\/\/wphfund.org\/?s={search_term_string}"},"query-input":{"@type":"PropertyValueSpecification","valueRequired":true,"valueName":"search_term_string"}}],"inLanguage":"pt-PT"}]}},"_links":{"self":[{"href":"https:\/\/wphfund.org\/pt-pt\/wp-json\/wp\/v2\/pages\/26337","targetHints":{"allow":["GET"]}}],"collection":[{"href":"https:\/\/wphfund.org\/pt-pt\/wp-json\/wp\/v2\/pages"}],"about":[{"href":"https:\/\/wphfund.org\/pt-pt\/wp-json\/wp\/v2\/types\/page"}],"author":[{"embeddable":true,"href":"https:\/\/wphfund.org\/pt-pt\/wp-json\/wp\/v2\/users\/9"}],"replies":[{"embeddable":true,"href":"https:\/\/wphfund.org\/pt-pt\/wp-json\/wp\/v2\/comments?post=26337"}],"version-history":[{"count":0,"href":"https:\/\/wphfund.org\/pt-pt\/wp-json\/wp\/v2\/pages\/26337\/revisions"}],"wp:attachment":[{"href":"https:\/\/wphfund.org\/pt-pt\/wp-json\/wp\/v2\/media?parent=26337"}],"curies":[{"name":"wp","href":"https:\/\/api.w.org\/{rel}","templated":true}]}}