{"id":12148,"date":"2022-10-06T13:53:14","date_gmt":"2022-10-06T13:53:14","guid":{"rendered":"https:\/\/wphfund.org\/?page_id=12148"},"modified":"2025-05-01T15:57:00","modified_gmt":"2025-05-01T15:57:00","slug":"parceiros-oing-da-wphf-rrw","status":"publish","type":"page","link":"https:\/\/wphfund.org\/pt-pt\/parceiros-oing-da-wphf-rrw\/","title":{"rendered":"Parceiros OING da WPHF RRW"},"content":{"rendered":"<p>A WPHF RRW visa dar poder \u00e0s mulheres construtoras da paz e \u00e0s organiza\u00e7\u00f5es da sociedade civil de mulheres para definir as suas estrat\u00e9gias e liderar as suas iniciativas. Para aprender com elas, para refor\u00e7ar as suas capacidades de forma sustent\u00e1vel e criar um c\u00edrculo virtuoso, ambos os canais de financiamento \u2014 (i) Apoio Direto e (ii) Subven\u00e7\u00f5es a Curto Prazo \u2014 beneficiam de parcerias com as OING.<\/p>\n<p>Os parceiros OING contribuir\u00e3o para identificar rapidamente as necessidades e o tipo de apoio a prestar \u00e0s ONG locais e nacionais e apoiar\u00e3o a implementa\u00e7\u00e3o de propostas de RRW bem-sucedidas atrav\u00e9s de:<\/p>\n<ul>\n<li>Gest\u00e3o de subven\u00e7\u00f5es para Subven\u00e7\u00f5es a Curto Prazo;<\/li>\n<li>Gest\u00e3o de disposi\u00e7\u00f5es log\u00edsticas para Apoio Direto;<\/li>\n<li>Presta\u00e7\u00e3o de apoio t\u00e9cnico e estrat\u00e9gico;<\/li>\n<li>Presta\u00e7\u00e3o de refor\u00e7o das capacidades, orienta\u00e7\u00e3o e apoio na gest\u00e3o do conhecimento, monitoriza\u00e7\u00e3o e avalia\u00e7\u00e3o, e elabora\u00e7\u00e3o de relat\u00f3rios.<\/li>\n<\/ul>\n<p>A WPHF RRW est\u00e1 a formar uma parceria com as seguintes OING :<\/p>\n<ul>\n<li><a href=\"https:\/\/www.c-r.org\" target=\"_blank\" rel=\"noopener\">Conciliation Resources<\/a><\/li>\n<li><a href=\"https:\/\/www.cordaid.org\/en\/\" target=\"_blank\" rel=\"noopener\">Cordaid<\/a><\/li>\n<li><a href=\"https:\/\/www.gppac.net\" target=\"_blank\" rel=\"noopener\">Global Partnership for the Prevention of Armed Conflict (GPPAC)<\/a><\/li>\n<li><a href=\"https:\/\/www.inclusivepeace.org\" target=\"_blank\" rel=\"noopener\">Inclusive Peace<\/a><\/li>\n<li><a href=\"https:\/\/nimd.org\" target=\"_blank\" rel=\"noopener\">Netherlands Institute for Multiparty Democracy (NIMD)<\/a><\/li>\n<\/ul>\n<h5>Salienta-se que n\u00e3o \u00e9 necess\u00e1rio ter uma parceria com, ou ser patrocinado\/acompanhado por, um dos parceiros OING da WPHF RRW para se candidatar aos canais de WPHF RRW.<\/h5>\n","protected":false},"excerpt":{"rendered":"<p>A WPHF RRW visa dar poder \u00e0s mulheres construtoras da paz e \u00e0s organiza\u00e7\u00f5es da sociedade civil de mulheres para definir as suas estrat\u00e9gias e liderar as suas iniciativas. Para&#8230;<\/p>\n","protected":false},"author":9,"featured_media":0,"parent":0,"menu_order":0,"comment_status":"closed","ping_status":"closed","template":"","meta":{"_acf_changed":false,"footnotes":""},"class_list":["post-12148","page","type-page","status-publish","hentry"],"acf":[],"yoast_head":"<!-- This site is optimized with the Yoast SEO plugin v26.4 - https:\/\/yoast.com\/wordpress\/plugins\/seo\/ -->\n<title>Parceiros OING da WPHF RRW - Women\u2019s Peace and Humanitarian Fund<\/title>\n<meta name=\"robots\" content=\"index, follow, max-snippet:-1, max-image-preview:large, max-video-preview:-1\" \/>\n<link rel=\"canonical\" href=\"https:\/\/wphfund.org\/pt-pt\/parceiros-oing-da-wphf-rrw\/\" \/>\n<meta property=\"og:locale\" content=\"pt_PT\" \/>\n<meta property=\"og:type\" content=\"article\" \/>\n<meta property=\"og:title\" content=\"Parceiros OING da WPHF RRW - Women\u2019s Peace and Humanitarian Fund\" \/>\n<meta property=\"og:description\" content=\"A WPHF RRW visa dar poder \u00e0s mulheres construtoras da paz e \u00e0s organiza\u00e7\u00f5es da sociedade civil de mulheres para definir as suas estrat\u00e9gias e liderar as suas iniciativas. Para...\" \/>\n<meta property=\"og:url\" content=\"https:\/\/wphfund.org\/pt-pt\/parceiros-oing-da-wphf-rrw\/\" \/>\n<meta property=\"og:site_name\" content=\"Women\u2019s Peace and Humanitarian Fund\" \/>\n<meta property=\"article:modified_time\" content=\"2025-05-01T15:57:00+00:00\" \/>\n<meta name=\"twitter:card\" content=\"summary_large_image\" \/>\n<meta name=\"twitter:label1\" content=\"Tempo estimado de leitura\" \/>\n\t<meta name=\"twitter:data1\" content=\"1 minuto\" \/>\n<script type=\"application\/ld+json\" class=\"yoast-schema-graph\">{\"@context\":\"https:\/\/schema.org\",\"@graph\":[{\"@type\":\"WebPage\",\"@id\":\"https:\/\/wphfund.org\/pt-pt\/parceiros-oing-da-wphf-rrw\/\",\"url\":\"https:\/\/wphfund.org\/pt-pt\/parceiros-oing-da-wphf-rrw\/\",\"name\":\"Parceiros OING da WPHF RRW - Women\u2019s Peace and Humanitarian Fund\",\"isPartOf\":{\"@id\":\"https:\/\/wphfund.org\/#website\"},\"datePublished\":\"2022-10-06T13:53:14+00:00\",\"dateModified\":\"2025-05-01T15:57:00+00:00\",\"breadcrumb\":{\"@id\":\"https:\/\/wphfund.org\/pt-pt\/parceiros-oing-da-wphf-rrw\/#breadcrumb\"},\"inLanguage\":\"pt-PT\",\"potentialAction\":[{\"@type\":\"ReadAction\",\"target\":[\"https:\/\/wphfund.org\/pt-pt\/parceiros-oing-da-wphf-rrw\/\"]}]},{\"@type\":\"BreadcrumbList\",\"@id\":\"https:\/\/wphfund.org\/pt-pt\/parceiros-oing-da-wphf-rrw\/#breadcrumb\",\"itemListElement\":[{\"@type\":\"ListItem\",\"position\":1,\"name\":\"Home\",\"item\":\"https:\/\/wphfund.org\/\"},{\"@type\":\"ListItem\",\"position\":2,\"name\":\"Parceiros OING da WPHF RRW\"}]},{\"@type\":\"WebSite\",\"@id\":\"https:\/\/wphfund.org\/#website\",\"url\":\"https:\/\/wphfund.org\/\",\"name\":\"Women\u2019s Peace and Humanitarian Fund\",\"description\":\"Support women. Prevent conflict. Build peace.\",\"potentialAction\":[{\"@type\":\"SearchAction\",\"target\":{\"@type\":\"EntryPoint\",\"urlTemplate\":\"https:\/\/wphfund.org\/?s={search_term_string}\"},\"query-input\":{\"@type\":\"PropertyValueSpecification\",\"valueRequired\":true,\"valueName\":\"search_term_string\"}}],\"inLanguage\":\"pt-PT\"}]}<\/script>\n<!-- \/ Yoast SEO plugin. -->","yoast_head_json":{"title":"Parceiros OING da WPHF RRW - Women\u2019s Peace and Humanitarian Fund","robots":{"index":"index","follow":"follow","max-snippet":"max-snippet:-1","max-image-preview":"max-image-preview:large","max-video-preview":"max-video-preview:-1"},"canonical":"https:\/\/wphfund.org\/pt-pt\/parceiros-oing-da-wphf-rrw\/","og_locale":"pt_PT","og_type":"article","og_title":"Parceiros OING da WPHF RRW - Women\u2019s Peace and Humanitarian Fund","og_description":"A WPHF RRW visa dar poder \u00e0s mulheres construtoras da paz e \u00e0s organiza\u00e7\u00f5es da sociedade civil de mulheres para definir as suas estrat\u00e9gias e liderar as suas iniciativas. Para...","og_url":"https:\/\/wphfund.org\/pt-pt\/parceiros-oing-da-wphf-rrw\/","og_site_name":"Women\u2019s Peace and Humanitarian Fund","article_modified_time":"2025-05-01T15:57:00+00:00","twitter_card":"summary_large_image","twitter_misc":{"Tempo estimado de leitura":"1 minuto"},"schema":{"@context":"https:\/\/schema.org","@graph":[{"@type":"WebPage","@id":"https:\/\/wphfund.org\/pt-pt\/parceiros-oing-da-wphf-rrw\/","url":"https:\/\/wphfund.org\/pt-pt\/parceiros-oing-da-wphf-rrw\/","name":"Parceiros OING da WPHF RRW - Women\u2019s Peace and Humanitarian Fund","isPartOf":{"@id":"https:\/\/wphfund.org\/#website"},"datePublished":"2022-10-06T13:53:14+00:00","dateModified":"2025-05-01T15:57:00+00:00","breadcrumb":{"@id":"https:\/\/wphfund.org\/pt-pt\/parceiros-oing-da-wphf-rrw\/#breadcrumb"},"inLanguage":"pt-PT","potentialAction":[{"@type":"ReadAction","target":["https:\/\/wphfund.org\/pt-pt\/parceiros-oing-da-wphf-rrw\/"]}]},{"@type":"BreadcrumbList","@id":"https:\/\/wphfund.org\/pt-pt\/parceiros-oing-da-wphf-rrw\/#breadcrumb","itemListElement":[{"@type":"ListItem","position":1,"name":"Home","item":"https:\/\/wphfund.org\/"},{"@type":"ListItem","position":2,"name":"Parceiros OING da WPHF RRW"}]},{"@type":"WebSite","@id":"https:\/\/wphfund.org\/#website","url":"https:\/\/wphfund.org\/","name":"Women\u2019s Peace and Humanitarian Fund","description":"Support women. Prevent conflict. Build peace.","potentialAction":[{"@type":"SearchAction","target":{"@type":"EntryPoint","urlTemplate":"https:\/\/wphfund.org\/?s={search_term_string}"},"query-input":{"@type":"PropertyValueSpecification","valueRequired":true,"valueName":"search_term_string"}}],"inLanguage":"pt-PT"}]}},"_links":{"self":[{"href":"https:\/\/wphfund.org\/pt-pt\/wp-json\/wp\/v2\/pages\/12148","targetHints":{"allow":["GET"]}}],"collection":[{"href":"https:\/\/wphfund.org\/pt-pt\/wp-json\/wp\/v2\/pages"}],"about":[{"href":"https:\/\/wphfund.org\/pt-pt\/wp-json\/wp\/v2\/types\/page"}],"author":[{"embeddable":true,"href":"https:\/\/wphfund.org\/pt-pt\/wp-json\/wp\/v2\/users\/9"}],"replies":[{"embeddable":true,"href":"https:\/\/wphfund.org\/pt-pt\/wp-json\/wp\/v2\/comments?post=12148"}],"version-history":[{"count":0,"href":"https:\/\/wphfund.org\/pt-pt\/wp-json\/wp\/v2\/pages\/12148\/revisions"}],"wp:attachment":[{"href":"https:\/\/wphfund.org\/pt-pt\/wp-json\/wp\/v2\/media?parent=12148"}],"curies":[{"name":"wp","href":"https:\/\/api.w.org\/{rel}","templated":true}]}}