{"id":12121,"date":"2022-10-06T10:40:38","date_gmt":"2022-10-06T10:40:38","guid":{"rendered":"https:\/\/wphfund.org\/?page_id=12121"},"modified":"2022-10-06T10:40:38","modified_gmt":"2022-10-06T10:40:38","slug":"rrw-o-que-e-um-processo-de-paz","status":"publish","type":"page","link":"https:\/\/wphfund.org\/pt-pt\/rrw-o-que-e-um-processo-de-paz\/","title":{"rendered":"RRW: O que \u00e9 um processo de paz?"},"content":{"rendered":"<p>No \u00e2mbito da WPHF RRW, os projetos apoiados centrar-se-\u00e3o num processo de paz entendido como um processo pol\u00edtico formal para resolver conflitos violentos atrav\u00e9s de meios pac\u00edficos &#8211; geralmente uma mistura de pol\u00edticas, diplomacia, negocia\u00e7\u00f5es, defesa, media\u00e7\u00e3o e di\u00e1logo em diferentes \u00e1reas. A WPHF RRW, apoia a participa\u00e7\u00e3o das mulheres nas negocia\u00e7\u00f5es de Via 1 e Via 2 e na implementa\u00e7\u00e3o de acordos de paz.<\/p>\n<ul>\n<li><strong>Via 1<\/strong>: Processo de tomada de decis\u00f5es de alto n\u00edvel envolvendo a lideran\u00e7a do pa\u00eds ou governos nacionais frequentemente liderados pela ONU ou organiza\u00e7\u00f5es regionais multilaterais atrav\u00e9s de um comit\u00e9 ou de um enviado especial. Por exemplo: cessar-fogo, di\u00e1logos nacionais, negocia\u00e7\u00f5es do tratado de paz, transi\u00e7\u00e3o pol\u00edtica, reda\u00e7\u00e3o da Constitui\u00e7\u00e3o, media\u00e7\u00e3o internacional.<\/li>\n<li><strong>Via 2<\/strong>: Normalmente convocados em paralelo ou para trabalhar para um processo de Via 1. Os processos de Via 2 influenciam ou aconselham um processo de Via 1 e\/ou sensibilizam para refor\u00e7ar a ades\u00e3o da comunidade. Podem tomar a forma de uma confer\u00eancia, workshop ou f\u00f3rum envolvendo mulheres construtoras da paz, sociedade civil, l\u00edderes comunit\u00e1rios, outros peritos e mediadores.<\/li>\n<li><strong>Implementa\u00e7\u00e3o do Acordo de Paz<\/strong>: Foi alcan\u00e7ado e assinado um acordo a n\u00edvel internacional, nacional e subnacional (por ex., um acordo pol\u00edtico, um cessar-fogo, etc.) As mulheres construtoras da paz e a sociedade civil trabalham para responsabilizar os decisores pelos compromissos assumidos, por ex., atrav\u00e9s de mecanismos ou comit\u00e9s de monitoriza\u00e7\u00e3o, processos parlamentares, Comiss\u00e3o para a Verdade e Reconcilia\u00e7\u00e3o, relat\u00f3rios e relat\u00f3rios-sombra.<\/li>\n<\/ul>\n<h3><span style=\"font-weight: 400;\">As atividades de constru\u00e7\u00e3o da paz centradas na comunidade n\u00e3o s\u00e3o eleg\u00edveis para a RRW.<\/span><\/h3>\n","protected":false},"excerpt":{"rendered":"<p>No \u00e2mbito da WPHF RRW, os projetos apoiados centrar-se-\u00e3o num processo de paz entendido como um processo pol\u00edtico formal para resolver conflitos violentos atrav\u00e9s de meios pac\u00edficos &#8211; geralmente uma&#8230;<\/p>\n","protected":false},"author":9,"featured_media":0,"parent":0,"menu_order":0,"comment_status":"closed","ping_status":"closed","template":"","meta":{"_acf_changed":false,"footnotes":""},"class_list":["post-12121","page","type-page","status-publish","hentry"],"acf":[],"yoast_head":"<!-- This site is optimized with the Yoast SEO plugin v26.4 - https:\/\/yoast.com\/wordpress\/plugins\/seo\/ -->\n<title>RRW: O que \u00e9 um processo de paz? - Women\u2019s Peace and Humanitarian Fund<\/title>\n<meta name=\"robots\" content=\"index, follow, max-snippet:-1, max-image-preview:large, max-video-preview:-1\" \/>\n<link rel=\"canonical\" href=\"https:\/\/wphfund.org\/pt-pt\/rrw-o-que-e-um-processo-de-paz\/\" \/>\n<meta property=\"og:locale\" content=\"pt_PT\" \/>\n<meta property=\"og:type\" content=\"article\" \/>\n<meta property=\"og:title\" content=\"RRW: O que \u00e9 um processo de paz? - Women\u2019s Peace and Humanitarian Fund\" \/>\n<meta property=\"og:description\" content=\"No \u00e2mbito da WPHF RRW, os projetos apoiados centrar-se-\u00e3o num processo de paz entendido como um processo pol\u00edtico formal para resolver conflitos violentos atrav\u00e9s de meios pac\u00edficos &#8211; geralmente uma...\" \/>\n<meta property=\"og:url\" content=\"https:\/\/wphfund.org\/pt-pt\/rrw-o-que-e-um-processo-de-paz\/\" \/>\n<meta property=\"og:site_name\" content=\"Women\u2019s Peace and Humanitarian Fund\" \/>\n<meta name=\"twitter:card\" content=\"summary_large_image\" \/>\n<meta name=\"twitter:label1\" content=\"Tempo estimado de leitura\" \/>\n\t<meta name=\"twitter:data1\" content=\"2 minutos\" \/>\n<script type=\"application\/ld+json\" class=\"yoast-schema-graph\">{\"@context\":\"https:\/\/schema.org\",\"@graph\":[{\"@type\":\"WebPage\",\"@id\":\"https:\/\/wphfund.org\/pt-pt\/rrw-o-que-e-um-processo-de-paz\/\",\"url\":\"https:\/\/wphfund.org\/pt-pt\/rrw-o-que-e-um-processo-de-paz\/\",\"name\":\"RRW: O que \u00e9 um processo de paz? - Women\u2019s Peace and Humanitarian Fund\",\"isPartOf\":{\"@id\":\"https:\/\/wphfund.org\/#website\"},\"datePublished\":\"2022-10-06T10:40:38+00:00\",\"breadcrumb\":{\"@id\":\"https:\/\/wphfund.org\/pt-pt\/rrw-o-que-e-um-processo-de-paz\/#breadcrumb\"},\"inLanguage\":\"pt-PT\",\"potentialAction\":[{\"@type\":\"ReadAction\",\"target\":[\"https:\/\/wphfund.org\/pt-pt\/rrw-o-que-e-um-processo-de-paz\/\"]}]},{\"@type\":\"BreadcrumbList\",\"@id\":\"https:\/\/wphfund.org\/pt-pt\/rrw-o-que-e-um-processo-de-paz\/#breadcrumb\",\"itemListElement\":[{\"@type\":\"ListItem\",\"position\":1,\"name\":\"Home\",\"item\":\"https:\/\/wphfund.org\/\"},{\"@type\":\"ListItem\",\"position\":2,\"name\":\"RRW: O que \u00e9 um processo de paz?\"}]},{\"@type\":\"WebSite\",\"@id\":\"https:\/\/wphfund.org\/#website\",\"url\":\"https:\/\/wphfund.org\/\",\"name\":\"Women\u2019s Peace and Humanitarian Fund\",\"description\":\"Support women. Prevent conflict. Build peace.\",\"potentialAction\":[{\"@type\":\"SearchAction\",\"target\":{\"@type\":\"EntryPoint\",\"urlTemplate\":\"https:\/\/wphfund.org\/?s={search_term_string}\"},\"query-input\":{\"@type\":\"PropertyValueSpecification\",\"valueRequired\":true,\"valueName\":\"search_term_string\"}}],\"inLanguage\":\"pt-PT\"}]}<\/script>\n<!-- \/ Yoast SEO plugin. -->","yoast_head_json":{"title":"RRW: O que \u00e9 um processo de paz? - Women\u2019s Peace and Humanitarian Fund","robots":{"index":"index","follow":"follow","max-snippet":"max-snippet:-1","max-image-preview":"max-image-preview:large","max-video-preview":"max-video-preview:-1"},"canonical":"https:\/\/wphfund.org\/pt-pt\/rrw-o-que-e-um-processo-de-paz\/","og_locale":"pt_PT","og_type":"article","og_title":"RRW: O que \u00e9 um processo de paz? - Women\u2019s Peace and Humanitarian Fund","og_description":"No \u00e2mbito da WPHF RRW, os projetos apoiados centrar-se-\u00e3o num processo de paz entendido como um processo pol\u00edtico formal para resolver conflitos violentos atrav\u00e9s de meios pac\u00edficos &#8211; geralmente uma...","og_url":"https:\/\/wphfund.org\/pt-pt\/rrw-o-que-e-um-processo-de-paz\/","og_site_name":"Women\u2019s Peace and Humanitarian Fund","twitter_card":"summary_large_image","twitter_misc":{"Tempo estimado de leitura":"2 minutos"},"schema":{"@context":"https:\/\/schema.org","@graph":[{"@type":"WebPage","@id":"https:\/\/wphfund.org\/pt-pt\/rrw-o-que-e-um-processo-de-paz\/","url":"https:\/\/wphfund.org\/pt-pt\/rrw-o-que-e-um-processo-de-paz\/","name":"RRW: O que \u00e9 um processo de paz? - Women\u2019s Peace and Humanitarian Fund","isPartOf":{"@id":"https:\/\/wphfund.org\/#website"},"datePublished":"2022-10-06T10:40:38+00:00","breadcrumb":{"@id":"https:\/\/wphfund.org\/pt-pt\/rrw-o-que-e-um-processo-de-paz\/#breadcrumb"},"inLanguage":"pt-PT","potentialAction":[{"@type":"ReadAction","target":["https:\/\/wphfund.org\/pt-pt\/rrw-o-que-e-um-processo-de-paz\/"]}]},{"@type":"BreadcrumbList","@id":"https:\/\/wphfund.org\/pt-pt\/rrw-o-que-e-um-processo-de-paz\/#breadcrumb","itemListElement":[{"@type":"ListItem","position":1,"name":"Home","item":"https:\/\/wphfund.org\/"},{"@type":"ListItem","position":2,"name":"RRW: O que \u00e9 um processo de paz?"}]},{"@type":"WebSite","@id":"https:\/\/wphfund.org\/#website","url":"https:\/\/wphfund.org\/","name":"Women\u2019s Peace and Humanitarian Fund","description":"Support women. Prevent conflict. Build peace.","potentialAction":[{"@type":"SearchAction","target":{"@type":"EntryPoint","urlTemplate":"https:\/\/wphfund.org\/?s={search_term_string}"},"query-input":{"@type":"PropertyValueSpecification","valueRequired":true,"valueName":"search_term_string"}}],"inLanguage":"pt-PT"}]}},"_links":{"self":[{"href":"https:\/\/wphfund.org\/pt-pt\/wp-json\/wp\/v2\/pages\/12121","targetHints":{"allow":["GET"]}}],"collection":[{"href":"https:\/\/wphfund.org\/pt-pt\/wp-json\/wp\/v2\/pages"}],"about":[{"href":"https:\/\/wphfund.org\/pt-pt\/wp-json\/wp\/v2\/types\/page"}],"author":[{"embeddable":true,"href":"https:\/\/wphfund.org\/pt-pt\/wp-json\/wp\/v2\/users\/9"}],"replies":[{"embeddable":true,"href":"https:\/\/wphfund.org\/pt-pt\/wp-json\/wp\/v2\/comments?post=12121"}],"version-history":[{"count":0,"href":"https:\/\/wphfund.org\/pt-pt\/wp-json\/wp\/v2\/pages\/12121\/revisions"}],"wp:attachment":[{"href":"https:\/\/wphfund.org\/pt-pt\/wp-json\/wp\/v2\/media?parent=12121"}],"curies":[{"name":"wp","href":"https:\/\/api.w.org\/{rel}","templated":true}]}}