{"id":8432,"date":"2022-06-15T03:24:21","date_gmt":"2022-06-15T03:24:21","guid":{"rendered":"https:\/\/wphfund.org\/?page_id=8432"},"modified":"2026-04-16T15:10:16","modified_gmt":"2026-04-16T15:10:16","slug":"whrds-advocacy","status":"publish","type":"page","link":"https:\/\/wphfund.org\/fr\/whrds-advocacy\/","title":{"rendered":"WHRDS\/Advocacy"},"content":{"rendered":"<h2><span class=\"TextRun SCXW6394736 BCX0\" lang=\"FR-FR\" xml:lang=\"FR-FR\" data-contrast=\"auto\"><span class=\"NormalTextRun SCXW6394736 BCX0\" data-ccp-parastyle=\"P68B1DB1-Normal3\" data-ccp-parastyle-defn=\"{&quot;ObjectId&quot;:&quot;b06158da-a684-44cf-bbbd-1382c03e467f|220&quot;,&quot;ClassId&quot;:1073872969,&quot;Properties&quot;:[469775450,&quot;P68B1DB1-Normal3&quot;,201340122,&quot;2&quot;,134233614,&quot;true&quot;,469778129,&quot;P68B1DB1-Normal3&quot;,335572020,&quot;1&quot;,134224901,&quot;true&quot;,201342446,&quot;0&quot;,201342447,&quot;0&quot;,201342448,&quot;1&quot;,201342449,&quot;0&quot;,469777841,&quot;Calibri Light&quot;,469777842,&quot;Calibri Light&quot;,469777843,&quot;Calibri&quot;,469777844,&quot;Calibri Light&quot;,201341986,&quot;0&quot;,469769226,&quot;Calibri Light,Calibri&quot;,268442635,&quot;20&quot;,335559740,&quot;259&quot;,201341983,&quot;0&quot;,335559739,&quot;160&quot;,469778324,&quot;Normal&quot;]}\">Le soutien logistique direct est destin\u00e9 aux femmes d\u00e9fenseures des droits humains (FDDH)<\/span><span class=\"NormalTextRun SCXW6394736 BCX0\" data-ccp-parastyle=\"P68B1DB1-Normal3\"> issues\/travaillant dans<\/span><span class=\"NormalTextRun SCXW6394736 BCX0\" data-ccp-parastyle=\"P68B1DB1-Normal3\"> des pays touch\u00e9s par des crises ou des conflits qui sont \u00e0 la recherche d\u2019un soutien logistique qui leur permettrait de participer, \u00e0 titre individuel ou en d\u00e9l\u00e9gation, \u00e0 des r\u00e9unions, des rencontres ou un processus d\u00e9cisionnel quelconque contribuant \u00e0 leur travail de plaidoyer en mati\u00e8re de promotion des droits humains. Ce soutien peut se manifester <\/span><span class=\"NormalTextRun ContextualSpellingAndGrammarErrorV2Themed SCXW6394736 BCX0\" data-ccp-parastyle=\"P68B1DB1-Normal3\">aux niveaux local<\/span><span class=\"NormalTextRun SCXW6394736 BCX0\" data-ccp-parastyle=\"P68B1DB1-Normal3\">, r\u00e9gional ou international.<\/span><\/span><\/h2>\n<p><strong><span class=\"TextRun SCXW179215286 BCX0\" lang=\"FR-FR\" xml:lang=\"FR-FR\" data-contrast=\"auto\"><span class=\"NormalTextRun SCXW179215286 BCX0\" data-ccp-parastyle=\"P68B1DB1-Normal13\" data-ccp-parastyle-defn=\"{&quot;ObjectId&quot;:&quot;b06158da-a684-44cf-bbbd-1382c03e467f|212&quot;,&quot;ClassId&quot;:1073872969,&quot;Properties&quot;:[469775450,&quot;P68B1DB1-Normal13&quot;,201340122,&quot;2&quot;,134233614,&quot;true&quot;,469778129,&quot;P68B1DB1-Normal13&quot;,335572020,&quot;1&quot;,134224900,&quot;true&quot;,201342446,&quot;0&quot;,201342447,&quot;0&quot;,201342449,&quot;0&quot;,469777841,&quot;Calibri Light&quot;,469777842,&quot;Calibri Light&quot;,469777843,&quot;Times New Roman&quot;,469777844,&quot;Calibri Light&quot;,201341986,&quot;0&quot;,469769226,&quot;Calibri Light,Times New Roman&quot;,268442635,&quot;22&quot;,469778324,&quot;Normal&quot;]}\">L<\/span><span class=\"NormalTextRun SCXW179215286 BCX0\" data-ccp-parastyle=\"P68B1DB1-Normal13\">E SOUTIEN DIRECT <\/span><\/span><span class=\"TextRun Underlined SCXW179215286 BCX0\" lang=\"FR-FR\" xml:lang=\"FR-FR\" data-contrast=\"auto\"><span class=\"NormalTextRun SCXW179215286 BCX0\" data-ccp-parastyle=\"P68B1DB1-Normal13\">NE<\/span><\/span><span class=\"TextRun SCXW179215286 BCX0\" lang=\"FR-FR\" xml:lang=\"FR-FR\" data-contrast=\"auto\"><span class=\"NormalTextRun SCXW179215286 BCX0\" data-ccp-parastyle=\"P68B1DB1-Normal13\"> FINANCE <\/span><\/span><span class=\"TextRun Underlined SCXW179215286 BCX0\" lang=\"FR-FR\" xml:lang=\"FR-FR\" data-contrast=\"auto\"><span class=\"NormalTextRun SCXW179215286 BCX0\" data-ccp-parastyle=\"P68B1DB1-Normal13\">PAS<\/span><\/span><span class=\"TextRun SCXW179215286 BCX0\" lang=\"FR-FR\" xml:lang=\"FR-FR\" data-contrast=\"auto\"><span class=\"NormalTextRun SCXW179215286 BCX0\" data-ccp-parastyle=\"P68B1DB1-Normal13\"> LES ORGANISATIONS DE LA SOCI\u00c9T\u00c9 CIVILE NI LA MISE EN <\/span><span class=\"NormalTextRun SCXW179215286 BCX0\" data-ccp-parastyle=\"P68B1DB1-Normal13\">\u0152UVRE DE PROGRAMMES.<\/span><\/span><span class=\"EOP SCXW179215286 BCX0\" data-ccp-props=\"{&quot;335551550&quot;:6,&quot;335551620&quot;:6}\">\u00a0<\/span><\/strong><\/p>\n<h3>Crit\u00e8res d\u2019<span class=\"TextRun SCXW208467273 BCX0\" lang=\"FR-FR\" xml:lang=\"FR-FR\" data-contrast=\"auto\"><span class=\"NormalTextRun SCXW208467273 BCX0\" data-ccp-parastyle=\"P68B1DB1-Normal14\">\u00e9<\/span><\/span>ligibilit<span class=\"TextRun SCXW208467273 BCX0\" lang=\"FR-FR\" xml:lang=\"FR-FR\" data-contrast=\"auto\"><span class=\"NormalTextRun SCXW208467273 BCX0\" data-ccp-parastyle=\"P68B1DB1-Normal14\">\u00e9<\/span><\/span><\/h3>\n<ul>\n<li data-leveltext=\"\uf0b7\" data-font=\"Symbol\" data-listid=\"16\" data-list-defn-props=\"{&quot;335552541&quot;:1,&quot;335559684&quot;:-2,&quot;335559685&quot;:720,&quot;335559991&quot;:360,&quot;469769226&quot;:&quot;Symbol&quot;,&quot;469769242&quot;:[8226],&quot;469777803&quot;:&quot;left&quot;,&quot;469777804&quot;:&quot;\uf0b7&quot;,&quot;469777815&quot;:&quot;hybridMultilevel&quot;}\" aria-setsize=\"-1\" data-aria-posinset=\"1\" data-aria-level=\"1\"><b><span data-contrast=\"auto\">Genre<\/span><\/b><span data-contrast=\"auto\">: \u00eatre une femme, celles qui s\u2019identifient en tant que femmes, y compris les lesbiennes, gays, transgenres et intersexu\u00e9s (LGBTI) d\u00e9fenseurs des droits humains. <\/span><span data-ccp-props=\"{&quot;335551550&quot;:6,&quot;335551620&quot;:6}\">\u00a0<\/span><\/li>\n<li data-leveltext=\"\uf0b7\" data-font=\"Symbol\" data-listid=\"16\" data-list-defn-props=\"{&quot;335552541&quot;:1,&quot;335559684&quot;:-2,&quot;335559685&quot;:720,&quot;335559991&quot;:360,&quot;469769226&quot;:&quot;Symbol&quot;,&quot;469769242&quot;:[8226],&quot;469777803&quot;:&quot;left&quot;,&quot;469777804&quot;:&quot;\uf0b7&quot;,&quot;469777815&quot;:&quot;hybridMultilevel&quot;}\" aria-setsize=\"-1\" data-aria-posinset=\"2\" data-aria-level=\"1\"><b><span data-contrast=\"auto\">\u00c2ge<\/span><\/b><span data-contrast=\"auto\">: 18 ans et plus.<\/span><span data-ccp-props=\"{&quot;335551550&quot;:6,&quot;335551620&quot;:6}\">\u00a0<\/span><\/li>\n<li data-leveltext=\"\uf0b7\" data-font=\"Symbol\" data-listid=\"16\" data-list-defn-props=\"{&quot;335552541&quot;:1,&quot;335559684&quot;:-2,&quot;335559685&quot;:720,&quot;335559991&quot;:360,&quot;469769226&quot;:&quot;Symbol&quot;,&quot;469769242&quot;:[8226],&quot;469777803&quot;:&quot;left&quot;,&quot;469777804&quot;:&quot;\uf0b7&quot;,&quot;469777815&quot;:&quot;hybridMultilevel&quot;}\" aria-setsize=\"-1\" data-aria-posinset=\"3\" data-aria-level=\"1\"><b><span data-contrast=\"auto\">Pays<\/span><\/b><span data-contrast=\"auto\">: issues de\/travaillant dans des contextes de conflit et de crise. <\/span><span data-contrast=\"none\">*<em>Voir les pays de r\u00e9f\u00e9rence susceptibles de b\u00e9n\u00e9ficier du soutien: <a href=\"https:\/\/digitallibrary.un.org\/record\/3999247?ln=fr\" target=\"_blank\" rel=\"noopener\">Liste des mati\u00e8res dont le Conseil de s\u00e9curit\u00e9 des Nations unies est saisi<\/a>.<\/em><\/span><\/li>\n<li data-leveltext=\"\uf0b7\" data-font=\"Symbol\" data-listid=\"16\" data-list-defn-props=\"{&quot;335552541&quot;:1,&quot;335559684&quot;:-2,&quot;335559685&quot;:720,&quot;335559991&quot;:360,&quot;469769226&quot;:&quot;Symbol&quot;,&quot;469769242&quot;:[8226],&quot;469777803&quot;:&quot;left&quot;,&quot;469777804&quot;:&quot;\uf0b7&quot;,&quot;469777815&quot;:&quot;hybridMultilevel&quot;}\" aria-setsize=\"-1\" data-aria-posinset=\"4\" data-aria-level=\"1\"><b><span data-contrast=\"auto\">Activisme<\/span><\/b><span data-contrast=\"auto\">: La candidate doit mener individuellement ou en association\/coalition avec d&rsquo;autres, de mani\u00e8re formelle ou informelle, des actions visant \u00e0 promouvoir ou \u00e0 prot\u00e9ger les droits de l&rsquo;homme &#8211; y compris les droits de la femme &#8211; de mani\u00e8re pacifique au niveau local, national, r\u00e9gional ou international.<\/span><span data-ccp-props=\"{&quot;335551550&quot;:6,&quot;335551620&quot;:6}\">\u00a0<\/span><\/li>\n<\/ul>\n<ul>\n<li data-leveltext=\"\uf0b7\" data-font=\"Symbol\" data-listid=\"16\" data-list-defn-props=\"{&quot;335552541&quot;:1,&quot;335559684&quot;:-2,&quot;335559685&quot;:720,&quot;335559991&quot;:360,&quot;469769226&quot;:&quot;Symbol&quot;,&quot;469769242&quot;:[8226],&quot;469777803&quot;:&quot;left&quot;,&quot;469777804&quot;:&quot;\uf0b7&quot;,&quot;469777815&quot;:&quot;hybridMultilevel&quot;}\" aria-setsize=\"-1\" data-aria-posinset=\"1\" data-aria-level=\"1\"><b><span data-contrast=\"auto\">Projets de plaidoyer futurs:<\/span><\/b><span data-contrast=\"auto\"> La candidate ou le candidat doit fournir des informations sur le soutien logistique n\u00e9cessaire pour participer ou diriger une initiative de plaidoyer qui contribuera \u00e0 la promotion des droits de l&rsquo;homme et de la paix. Le plan de plaidoyer doit d\u00e9montrer comment la participation \u00e0 l&rsquo;\u00e9v\u00e9nement identifi\u00e9 contribuera \u00e0 faire progresser les droits de l&rsquo;homme et la paix.<\/span><span data-ccp-props=\"{&quot;335551550&quot;:6,&quot;335551620&quot;:6}\">\u00a0<\/span><\/li>\n<li data-leveltext=\"\uf0b7\" data-font=\"Symbol\" data-listid=\"16\" data-list-defn-props=\"{&quot;335552541&quot;:1,&quot;335559684&quot;:-2,&quot;335559685&quot;:720,&quot;335559991&quot;:360,&quot;469769226&quot;:&quot;Symbol&quot;,&quot;469769242&quot;:[8226],&quot;469777803&quot;:&quot;left&quot;,&quot;469777804&quot;:&quot;\uf0b7&quot;,&quot;469777815&quot;:&quot;hybridMultilevel&quot;}\" aria-setsize=\"-1\" data-aria-posinset=\"2\" data-aria-level=\"1\"><b><span data-contrast=\"auto\">D\u00e9lai<\/span><\/b><span data-contrast=\"auto\">: L&rsquo;\u00e9v\u00e9nement, la r\u00e9union ou le processus de prise de d\u00e9cision aura lieu au cours des 6 prochains mois, et la demande doit \u00eatre faite au moins 10-12 semaines \u00e0 l&rsquo;avance afin de laisser suffisamment de temps pour la diligence raisonnable et les arrangements logistiques. \u00c0 titre exceptionnel, les demandes seront examin\u00e9es dans un d\u00e9lai plus court si (i) l&rsquo;initiative est tr\u00e8s pertinente pour promouvoir les droits de l&rsquo;homme dans un contexte de conflit; (ii) les FDDH sont invit\u00e9s \u00e0 participer dans un d\u00e9lai tr\u00e8s court; et (iii) la capacit\u00e9 op\u00e9rationnelle de soutien est disponible.<\/span><span data-ccp-props=\"{&quot;335551550&quot;:6,&quot;335551620&quot;:6}\">\u00a0<\/span><\/li>\n<li data-leveltext=\"\uf0b7\" data-font=\"Symbol\" data-listid=\"16\" data-list-defn-props=\"{&quot;335552541&quot;:1,&quot;335559684&quot;:-2,&quot;335559685&quot;:720,&quot;335559991&quot;:360,&quot;469769226&quot;:&quot;Symbol&quot;,&quot;469769242&quot;:[8226],&quot;469777803&quot;:&quot;left&quot;,&quot;469777804&quot;:&quot;\uf0b7&quot;,&quot;469777815&quot;:&quot;hybridMultilevel&quot;}\" aria-setsize=\"-1\" data-aria-posinset=\"3\" data-aria-level=\"1\"><b><span data-contrast=\"auto\">Dur\u00e9e<\/span><\/b><span data-contrast=\"auto\">: une demande de soutien peut \u00eatre adress\u00e9e pour une dur\u00e9e maximale de cinq jours. Chaque journ\u00e9e doit comprendre un travail de plaidoyer pertinent. Le temps de trajet n&rsquo;est pas comptabilis\u00e9 dans cette p\u00e9riode.<\/span><span data-ccp-props=\"{&quot;335551550&quot;:6,&quot;335551620&quot;:6}\">\u00a0<\/span><\/li>\n<li data-leveltext=\"\uf0b7\" data-font=\"Symbol\" data-listid=\"16\" data-list-defn-props=\"{&quot;335552541&quot;:1,&quot;335559684&quot;:-2,&quot;335559685&quot;:720,&quot;335559991&quot;:360,&quot;469769226&quot;:&quot;Symbol&quot;,&quot;469769242&quot;:[8226],&quot;469777803&quot;:&quot;left&quot;,&quot;469777804&quot;:&quot;\uf0b7&quot;,&quot;469777815&quot;:&quot;hybridMultilevel&quot;}\" aria-setsize=\"-1\" data-aria-posinset=\"4\" data-aria-level=\"1\"><b><span data-contrast=\"auto\">Opportunit\u00e9s strat\u00e9giques<\/span><\/b><span data-contrast=\"auto\">: Pour maximiser l&rsquo;impact, le m\u00e9canisme donnera la priorit\u00e9 aux demandes de participation \u00e0 des forums o\u00f9 les femmes sont traditionnellement marginalis\u00e9es, y compris les espaces li\u00e9s, entre autres: D\u00e9sarmement, lutte contre le terrorisme, droits de l&rsquo;homme, drogues et criminalit\u00e9, r\u00e9seaux de r\u00e9duction des risques, num\u00e9risation, changement climatique, droits fonciers, institutions financi\u00e8res internationales.<\/span><span data-ccp-props=\"{&quot;335551550&quot;:6,&quot;335551620&quot;:6}\">\u00a0<\/span><\/li>\n<\/ul>\n<a style=\"margin-bottom: 1em;\" href=\"https:\/\/wphfund.org\/wp-content\/uploads\/2026\/04\/FR-WPHF-WHRD-WINDOW-Advocacy-Application-Tip-Sheet_FIN.pdf\" class=\"attachment\" target=\"_blank\" ><img decoding=\"async\" alt=\"doc icon\" src=\"https:\/\/wphfund.org\/wp-content\/themes\/wphf\/assets\/dist\/img\/icon.doc.png\" srcset=\"https:\/\/wphfund.org\/wp-content\/themes\/wphf\/assets\/dist\/img\/icon.doc.png 1x, https:\/\/wphfund.org\/wp-content\/themes\/wphf\/assets\/dist\/img\/icon.doc@2x.png 2x, https:\/\/wphfund.org\/wp-content\/themes\/wphf\/assets\/dist\/img\/icon.doc@3x.png3x\"><span class=\"attachment-type\">WHRD Advocacy Application Tip Sheet<\/span><span class=\"attachment-desc\">French<\/span><\/a>\n<h3>Vous pouvez soumettre votre demande en utilisant la <span data-teams=\"true\">m\u00e9thode<\/span>\u00a0suivante<\/h3>\n<p><span class=\"TextRun SCXW254190706 BCX0\" lang=\"FR-FR\" xml:lang=\"FR-FR\" data-contrast=\"none\"><strong><span class=\"NormalTextRun SCXW254190706 BCX0\" data-ccp-charstyle=\"Strong\">En ligne<\/span><span class=\"NormalTextRun SCXW254190706 BCX0\" data-ccp-charstyle=\"Strong\">\u202f<\/span><\/strong><span class=\"NormalTextRun SCXW254190706 BCX0\" data-ccp-charstyle=\"Strong\">:<\/span><\/span> <span class=\"TextRun SCXW254190706 BCX0\" lang=\"FR-FR\" xml:lang=\"FR-FR\" data-contrast=\"none\"><span class=\"NormalTextRun SCXW254190706 BCX0\" data-ccp-parastyle=\"Normal (Web)\">remplissez le formulaire de demande s\u00e9curis\u00e9 (dont les donn\u00e9es sont chiffr\u00e9<\/span><span class=\"NormalTextRun SCXW254190706 BCX0\" data-ccp-parastyle=\"Normal (Web)\">e<\/span><span class=\"NormalTextRun SCXW254190706 BCX0\" data-ccp-parastyle=\"Normal (Web)\">s) qui para\u00eet ci-dessous, puis cliquez sur le bouton \u00ab<\/span><span class=\"NormalTextRun SCXW254190706 BCX0\" data-ccp-parastyle=\"Normal (Web)\">\u2009<\/span><span class=\"NormalTextRun SCXW254190706 BCX0\" data-ccp-parastyle=\"Normal (Web)\">Envoyer<\/span><span class=\"NormalTextRun SCXW254190706 BCX0\" data-ccp-parastyle=\"Normal (Web)\">\u2009<\/span><span class=\"NormalTextRun SCXW254190706 BCX0\" data-ccp-parastyle=\"Normal (Web)\">\u00bb au bas de la page<\/span><\/span><span class=\"EOP SCXW254190706 BCX0\" data-ccp-props=\"{&quot;134233117&quot;:true,&quot;134233118&quot;:true,&quot;335551550&quot;:6,&quot;335551620&quot;:6,&quot;335559685&quot;:374,&quot;335559739&quot;:120,&quot;335559740&quot;:276}\">\u00a0<\/span><\/p>\n<p><span data-contrast=\"auto\">Si votre demande est retenue, l&rsquo;Unit\u00e9 de la fen\u00eatre du FFPH pour les FDDH\u00a0 vous contactera pour les \u00e9tapes suivantes. Les candidates s\u00e9lectionn\u00e9es devront fournir des informations suppl\u00e9mentaires, y compris, sans qu\u2019elles y soient limit\u00e9es, leurs coordonn\u00e9es bancaires.<\/span><\/p>\n<p><strong><span class=\"TextRun SCXW30823279 BCX0\" lang=\"FR-FR\" xml:lang=\"FR-FR\" data-contrast=\"auto\"><span class=\"NormalTextRun SCXW30823279 BCX0\">Il n&rsquo;y a pas de date limite pour les demandes. La fen\u00eatre des FDDH est ax\u00e9e sur la demande et accepte les demandes sur une base continue.<\/span><\/span><span class=\"EOP SCXW30823279 BCX0\" data-ccp-props=\"{&quot;201341983&quot;:0,&quot;335551550&quot;:6,&quot;335551620&quot;:6,&quot;335559740&quot;:276}\">\u00a0<\/span><\/strong><\/p>\n<p><strong>Les demandes doivent \u00eatre soumises de pr\u00e9f\u00e9rence 10-12 semaines avant la tenue de la rencontre afin que le soutien puisse \u00eatre fourni <span class=\"TextRun SCXW246225632 BCX0\" lang=\"FR-FR\" xml:lang=\"FR-FR\" data-contrast=\"none\"><span class=\"NormalTextRun SCXW246225632 BCX0\" data-ccp-parastyle=\"Normal (Web)\">\u00e0<\/span><\/span> temps.<\/strong><\/p>\n<a  class=\"btn -primary\" href=\"https:\/\/share.hsforms.com\/13XHisNx0StqoTVOTxSsPUQctfxv\" target=\"_blank\">CANDIDATURE INDIVIDUELLE<\/a>\n\t\n\n\t\n<a  class=\"btn -primary\" href=\"https:\/\/share.hsforms.com\/12hs6q_SFQsuwKYFrwEpcRwctfxv\" target=\"_blank\">CANDIDATURE POUR UNE D\u00c9L\u00c9GATION<\/a>\n\t\n\n\t\n<p><span class=\"TextRun SCXW205412782 BCX0\" lang=\"FR-FR\" xml:lang=\"FR-FR\" data-contrast=\"auto\"><span class=\"NormalTextRun ContextualSpellingAndGrammarErrorV2Themed SCXW205412782 BCX0\">Veuillez vous<\/span><span class=\"NormalTextRun SCXW205412782 BCX0\"> assurer que les coordonn\u00e9es de contact que vous fournissez au FFPH sont s\u00e9curis\u00e9es et que vous \u00eates dispos\u00e9e \u00e0 ce que l\u2019on vous contacte \u00e0 travers elles. <\/span><\/span><span class=\"TextRun Highlight SCXW205412782 BCX0\" lang=\"FR-FR\" xml:lang=\"FR-FR\" data-contrast=\"none\"><span class=\"NormalTextRun SCXW205412782 BCX0\">Si vous pensez que vous \u00eates expos\u00e9e \u00e0 des risques, nous vous encourageons \u00e0 utiliser un ordinateur et une connexion Internet s\u00e9curis\u00e9s ou \u00e0 ouvrir une adresse \u00e9lectronique distincte et priv\u00e9e. Pour de plus amples informations sur la communication en ligne s\u00e9curis\u00e9e, veuillez consulter <\/span><\/span><a class=\"Hyperlink SCXW205412782 BCX0\" href=\"https:\/\/ssd.eff.org\/fr\/module\/communiquer-avec-autrui\" target=\"_blank\" rel=\"noreferrer noopener\"><span class=\"TextRun Highlight Underlined SCXW205412782 BCX0\" lang=\"FR-FR\" xml:lang=\"FR-FR\" data-contrast=\"none\"><span class=\"NormalTextRun SCXW205412782 BCX0\" data-ccp-charstyle=\"Hyperlink\">https:\/\/ssd.eff.org\/fr\/module\/communiquer-avec-autrui<\/span><\/span><\/a><span class=\"TextRun Highlight SCXW205412782 BCX0\" lang=\"FR-FR\" xml:lang=\"FR-FR\" data-contrast=\"none\"><span class=\"NormalTextRun SCXW205412782 BCX0\">. <\/span><\/span><span class=\"TextRun Highlight SCXW205412782 BCX0\" lang=\"FR-FR\" xml:lang=\"FR-FR\" data-contrast=\"auto\"><span class=\"NormalTextRun SCXW205412782 BCX0\">Nous vous encourageons \u00e9galement \u00e0 visiter <\/span><\/span><a class=\"Hyperlink SCXW205412782 BCX0\" href=\"https:\/\/www.accessnow.org\/help\" target=\"_blank\" rel=\"noreferrer noopener\"><span class=\"TextRun Highlight Underlined SCXW205412782 BCX0\" lang=\"FR-FR\" xml:lang=\"FR-FR\" data-contrast=\"none\"><span class=\"NormalTextRun SCXW205412782 BCX0\" data-ccp-charstyle=\"Hyperlink\">https:\/\/www.accessnow.org\/help<\/span><\/span><\/a><span class=\"TextRun Highlight SCXW205412782 BCX0\" lang=\"FR-FR\" xml:lang=\"FR-FR\" data-contrast=\"none\"><span class=\"NormalTextRun SCXW205412782 BCX0\">\/ <\/span><\/span><span class=\"TextRun Highlight SCXW205412782 BCX0\" lang=\"FR-FR\" xml:lang=\"FR-FR\" data-contrast=\"auto\"><span class=\"NormalTextRun SCXW205412782 BCX0\">pour solliciter une aide \u00e0 toute heure et en plusieurs langues, afin d\u2019assurer votre protection en <\/span><span class=\"NormalTextRun SpellingErrorV2Themed SCXW205412782 BCX0\">ligne.<\/span><\/span><\/p>\n","protected":false},"excerpt":{"rendered":"<p>Le soutien logistique direct est destin\u00e9 aux femmes d\u00e9fenseures des droits humains (FDDH) issues\/travaillant dans des pays touch\u00e9s par des crises ou des conflits qui sont \u00e0 la recherche d\u2019un&#8230;<\/p>\n","protected":false},"author":3,"featured_media":0,"parent":0,"menu_order":0,"comment_status":"closed","ping_status":"closed","template":"","meta":{"_acf_changed":false,"footnotes":""},"class_list":["post-8432","page","type-page","status-publish","hentry"],"acf":[],"yoast_head":"<!-- This site is optimized with the Yoast SEO plugin v26.4 - https:\/\/yoast.com\/wordpress\/plugins\/seo\/ -->\n<title>WHRDS\/Advocacy - Women\u2019s Peace and Humanitarian Fund<\/title>\n<meta name=\"robots\" content=\"index, follow, max-snippet:-1, max-image-preview:large, max-video-preview:-1\" \/>\n<link rel=\"canonical\" href=\"https:\/\/wphfund.org\/fr\/whrds-advocacy\/\" \/>\n<meta property=\"og:locale\" content=\"fr_FR\" \/>\n<meta property=\"og:type\" content=\"article\" \/>\n<meta property=\"og:title\" content=\"WHRDS\/Advocacy - Women\u2019s Peace and Humanitarian Fund\" \/>\n<meta property=\"og:description\" content=\"Le soutien logistique direct est destin\u00e9 aux femmes d\u00e9fenseures des droits humains (FDDH) issues\/travaillant dans des pays touch\u00e9s par des crises ou des conflits qui sont \u00e0 la recherche d\u2019un...\" \/>\n<meta property=\"og:url\" content=\"https:\/\/wphfund.org\/fr\/whrds-advocacy\/\" \/>\n<meta property=\"og:site_name\" content=\"Women\u2019s Peace and Humanitarian Fund\" \/>\n<meta property=\"article:modified_time\" content=\"2026-04-16T15:10:16+00:00\" \/>\n<meta name=\"twitter:card\" content=\"summary_large_image\" \/>\n<meta name=\"twitter:label1\" content=\"Dur\u00e9e de lecture estim\u00e9e\" \/>\n\t<meta name=\"twitter:data1\" content=\"4 minutes\" \/>\n<script type=\"application\/ld+json\" class=\"yoast-schema-graph\">{\"@context\":\"https:\/\/schema.org\",\"@graph\":[{\"@type\":\"WebPage\",\"@id\":\"https:\/\/wphfund.org\/fr\/whrds-advocacy\/\",\"url\":\"https:\/\/wphfund.org\/fr\/whrds-advocacy\/\",\"name\":\"WHRDS\/Advocacy - Women\u2019s Peace and Humanitarian Fund\",\"isPartOf\":{\"@id\":\"https:\/\/wphfund.org\/#website\"},\"datePublished\":\"2022-06-15T03:24:21+00:00\",\"dateModified\":\"2026-04-16T15:10:16+00:00\",\"breadcrumb\":{\"@id\":\"https:\/\/wphfund.org\/fr\/whrds-advocacy\/#breadcrumb\"},\"inLanguage\":\"fr-FR\",\"potentialAction\":[{\"@type\":\"ReadAction\",\"target\":[\"https:\/\/wphfund.org\/fr\/whrds-advocacy\/\"]}]},{\"@type\":\"BreadcrumbList\",\"@id\":\"https:\/\/wphfund.org\/fr\/whrds-advocacy\/#breadcrumb\",\"itemListElement\":[{\"@type\":\"ListItem\",\"position\":1,\"name\":\"Home\",\"item\":\"https:\/\/wphfund.org\/\"},{\"@type\":\"ListItem\",\"position\":2,\"name\":\"WHRDS\/Advocacy\"}]},{\"@type\":\"WebSite\",\"@id\":\"https:\/\/wphfund.org\/#website\",\"url\":\"https:\/\/wphfund.org\/\",\"name\":\"Women\u2019s Peace and Humanitarian Fund\",\"description\":\"Support women. Prevent conflict. Build peace.\",\"potentialAction\":[{\"@type\":\"SearchAction\",\"target\":{\"@type\":\"EntryPoint\",\"urlTemplate\":\"https:\/\/wphfund.org\/?s={search_term_string}\"},\"query-input\":{\"@type\":\"PropertyValueSpecification\",\"valueRequired\":true,\"valueName\":\"search_term_string\"}}],\"inLanguage\":\"fr-FR\"}]}<\/script>\n<!-- \/ Yoast SEO plugin. -->","yoast_head_json":{"title":"WHRDS\/Advocacy - Women\u2019s Peace and Humanitarian Fund","robots":{"index":"index","follow":"follow","max-snippet":"max-snippet:-1","max-image-preview":"max-image-preview:large","max-video-preview":"max-video-preview:-1"},"canonical":"https:\/\/wphfund.org\/fr\/whrds-advocacy\/","og_locale":"fr_FR","og_type":"article","og_title":"WHRDS\/Advocacy - Women\u2019s Peace and Humanitarian Fund","og_description":"Le soutien logistique direct est destin\u00e9 aux femmes d\u00e9fenseures des droits humains (FDDH) issues\/travaillant dans des pays touch\u00e9s par des crises ou des conflits qui sont \u00e0 la recherche d\u2019un...","og_url":"https:\/\/wphfund.org\/fr\/whrds-advocacy\/","og_site_name":"Women\u2019s Peace and Humanitarian Fund","article_modified_time":"2026-04-16T15:10:16+00:00","twitter_card":"summary_large_image","twitter_misc":{"Dur\u00e9e de lecture estim\u00e9e":"4 minutes"},"schema":{"@context":"https:\/\/schema.org","@graph":[{"@type":"WebPage","@id":"https:\/\/wphfund.org\/fr\/whrds-advocacy\/","url":"https:\/\/wphfund.org\/fr\/whrds-advocacy\/","name":"WHRDS\/Advocacy - Women\u2019s Peace and Humanitarian Fund","isPartOf":{"@id":"https:\/\/wphfund.org\/#website"},"datePublished":"2022-06-15T03:24:21+00:00","dateModified":"2026-04-16T15:10:16+00:00","breadcrumb":{"@id":"https:\/\/wphfund.org\/fr\/whrds-advocacy\/#breadcrumb"},"inLanguage":"fr-FR","potentialAction":[{"@type":"ReadAction","target":["https:\/\/wphfund.org\/fr\/whrds-advocacy\/"]}]},{"@type":"BreadcrumbList","@id":"https:\/\/wphfund.org\/fr\/whrds-advocacy\/#breadcrumb","itemListElement":[{"@type":"ListItem","position":1,"name":"Home","item":"https:\/\/wphfund.org\/"},{"@type":"ListItem","position":2,"name":"WHRDS\/Advocacy"}]},{"@type":"WebSite","@id":"https:\/\/wphfund.org\/#website","url":"https:\/\/wphfund.org\/","name":"Women\u2019s Peace and Humanitarian Fund","description":"Support women. Prevent conflict. Build peace.","potentialAction":[{"@type":"SearchAction","target":{"@type":"EntryPoint","urlTemplate":"https:\/\/wphfund.org\/?s={search_term_string}"},"query-input":{"@type":"PropertyValueSpecification","valueRequired":true,"valueName":"search_term_string"}}],"inLanguage":"fr-FR"}]}},"_links":{"self":[{"href":"https:\/\/wphfund.org\/fr\/wp-json\/wp\/v2\/pages\/8432","targetHints":{"allow":["GET"]}}],"collection":[{"href":"https:\/\/wphfund.org\/fr\/wp-json\/wp\/v2\/pages"}],"about":[{"href":"https:\/\/wphfund.org\/fr\/wp-json\/wp\/v2\/types\/page"}],"author":[{"embeddable":true,"href":"https:\/\/wphfund.org\/fr\/wp-json\/wp\/v2\/users\/3"}],"replies":[{"embeddable":true,"href":"https:\/\/wphfund.org\/fr\/wp-json\/wp\/v2\/comments?post=8432"}],"version-history":[{"count":0,"href":"https:\/\/wphfund.org\/fr\/wp-json\/wp\/v2\/pages\/8432\/revisions"}],"wp:attachment":[{"href":"https:\/\/wphfund.org\/fr\/wp-json\/wp\/v2\/media?parent=8432"}],"curies":[{"name":"wp","href":"https:\/\/api.w.org\/{rel}","templated":true}]}}