{"id":27054,"date":"2024-10-31T13:22:35","date_gmt":"2024-10-31T13:22:35","guid":{"rendered":"https:\/\/wphfund.org\/?page_id=27054"},"modified":"2025-12-15T19:46:49","modified_gmt":"2025-12-15T19:46:49","slug":"appel-a-propositions-en-rdc-2","status":"publish","type":"page","link":"https:\/\/wphfund.org\/fr\/appel-a-propositions-en-rdc-2\/","title":{"rendered":"Closed: Appel \u00e0 propositions en RDC"},"content":{"rendered":"<h2><span data-contrast=\"none\">Le Fonds des Femmes pour la Paix et l\u2019Action Humanitaire (WPHF) a lanc\u00e9 son nouvel appel \u00e0 propositions en RDC pour soutenir les organisations de la soci\u00e9t\u00e9 civile qui \u0153uvrent pour la protection des femmes et des filles, et \u00e0 am\u00e9liorer le rel\u00e8vement socio-\u00e9conomique et la participation politique des femmes et des jeunes femmes dans les contextes de consolidation de la paix, ainsi que pour soutenir les organisations locales de femmes et de jeunes femmes \u00e0 travers un financement institutionnel.<\/span><\/h2>\n<p><span data-contrast=\"none\">WPHF cherche \u00e0 financer les \u00e9ligibles organisations en RDC \u00e0 travers les volets de financement suivants :<\/span><span data-ccp-props=\"{&quot;335559685&quot;:375,&quot;335559738&quot;:100}\">\u00a0<\/span><\/p>\n<ul>\n<li data-leveltext=\"\uf0b7\" data-font=\"Symbol\" data-listid=\"8\" data-list-defn-props=\"{&quot;335552541&quot;:1,&quot;335559685&quot;:1800,&quot;335559991&quot;:360,&quot;469769226&quot;:&quot;Symbol&quot;,&quot;469769242&quot;:[8226],&quot;469777803&quot;:&quot;left&quot;,&quot;469777804&quot;:&quot;\uf0b7&quot;,&quot;469777815&quot;:&quot;hybridMultilevel&quot;}\" aria-setsize=\"-1\" data-aria-posinset=\"1\" data-aria-level=\"1\"><b><span data-contrast=\"none\">Financement programmatique de 30,000 USD \u00e0 200,000 USD<\/span><\/b><span data-contrast=\"none\">\u202f<\/span><span data-ccp-props=\"{&quot;201341983&quot;:0,&quot;335559738&quot;:100,&quot;335559739&quot;:160,&quot;335559740&quot;:259}\">\u00a0<\/span><\/li>\n<\/ul>\n<p><span data-contrast=\"none\">Fournit un financement programmatique pour les projets des OSCs visant \u00e0 (1) am\u00e9liorer les droits humains, la s\u00fbret\u00e9, la s\u00e9curit\u00e9 et la sant\u00e9 mentale des femmes et des filles (conform\u00e9ment au domaine d\u2019impact 5 du WPHF); <\/span><b><span data-contrast=\"none\">OU<\/span><\/b><span data-contrast=\"none\"> (2) les projets des OSCs visant \u00e0 am\u00e9liorer le rel\u00e8vement socio-\u00e9conomique et la participation politique des femmes et des jeunes femmes dans les contextes de consolidation de la paix (conform\u00e9ment au domaine d\u2019impact 6 du WPHF).<\/span><span data-ccp-props=\"{&quot;335559685&quot;:375,&quot;335559738&quot;:100}\">\u00a0<\/span><\/p>\n<ul>\n<li data-leveltext=\"\uf0b7\" data-font=\"Symbol\" data-listid=\"8\" data-list-defn-props=\"{&quot;335552541&quot;:1,&quot;335559685&quot;:1800,&quot;335559991&quot;:360,&quot;469769226&quot;:&quot;Symbol&quot;,&quot;469769242&quot;:[8226],&quot;469777803&quot;:&quot;left&quot;,&quot;469777804&quot;:&quot;\uf0b7&quot;,&quot;469777815&quot;:&quot;hybridMultilevel&quot;}\" aria-setsize=\"-1\" data-aria-posinset=\"2\" data-aria-level=\"1\"><b><span data-contrast=\"none\">Financement institutionnel de 2,500 USD \u00e0 30,000 USD<\/span><\/b><span data-contrast=\"none\">\u202f<\/span><span data-ccp-props=\"{&quot;201341983&quot;:0,&quot;335559738&quot;:100,&quot;335559739&quot;:160,&quot;335559740&quot;:259}\">\u00a0<\/span><\/li>\n<\/ul>\n<p><span data-contrast=\"none\">Fournit un financement institutionnel pour le r\u00e9tablissement et le renforcement des capacit\u00e9s institutionnelles des organisations de la soci\u00e9t\u00e9 civile \u0153uvrant \u00e0\u202fla mise en \u0153uvre\u202fdes engagements relatifs \u00e0 l\u2019agenda Femmes, Paix et S\u00e9curit\u00e9\u202f(FPS).<\/span><span data-ccp-props=\"{&quot;335559685&quot;:375,&quot;335559738&quot;:100}\">\u00a0<\/span><\/p>\n<h5><b><span data-contrast=\"none\">Veuillez noter: une organisation ne peut postuler qu\u2019une seule fois, soit pour l\u2019un des volets, soit pour les deux. les organisations qui se porterons candidates pour les deux volets devront soumettre deux dossiers de candidature bas\u00e9s sur les exigences et les mod\u00e8les associ\u00e9s \u00e0 chaque volet.<\/span><\/b><span data-ccp-props=\"{&quot;134233117&quot;:false,&quot;134233118&quot;:false,&quot;335559738&quot;:0,&quot;335559739&quot;:0}\">\u00a0<\/span><\/h5>\n<h5><b><span data-contrast=\"none\">les dossiers de candidature complets en fran\u00e7ais doivent \u00eatre soumis par courrier \u00e9lectronique \u00e0 l\u2019addresse suivante <\/span><\/b><a href=\"mailto:wphfapplications@Unwomen.org\" target=\"_blank\" rel=\"noopener\"><b><span data-contrast=\"none\">wphfapplications@Unwomen.org<\/span><\/b><\/a><b><span data-contrast=\"none\"> avec comme objet \u00ab\u202fFFPH APPEL4-RDC\u202f\u00bb.<\/span><\/b><span data-ccp-props=\"{&quot;134233117&quot;:false,&quot;134233118&quot;:false,&quot;335559738&quot;:0,&quot;335559739&quot;:0}\">\u00a0<\/span><\/h5>\n<h5><b><span data-contrast=\"none\">date limite de soumission\u202f: 9 D\u00e9cembre 2024<\/span><\/b><span data-ccp-props=\"{&quot;134233117&quot;:false,&quot;134233118&quot;:false,&quot;335559738&quot;:0,&quot;335559739&quot;:0}\">\u00a0<\/span><\/h5>\n<p><span data-contrast=\"none\">Une session d\u2019information relative \u00e0 cet appel sera organis\u00e9e par ONU Femmes et le Secr\u00e9tariat du WPHF en ligne le<\/span> 15 Novembre 2024 \u00e0 10 am heure de Kinshasa (soit 11h heure de l\u2019Est)<span data-contrast=\"none\">. Pour vous connecter \u00e0 la session \u00e0 l\u2019heure m\u00eame, veuillez cliquer sur <a href=\"https:\/\/unwomen.zoom.us\/j\/93540529735?pwd=1KhkmQfDLaPxFsVrvfGUu3yBMStaPL.1\" target=\"_blank\" rel=\"noopener\">ce lien <\/a><\/span><span data-contrast=\"none\">ou scannez ce code QR\u202f:<\/span><span data-ccp-props=\"{&quot;134233117&quot;:true,&quot;134233118&quot;:true}\">\u00a0<\/span><\/p>\n<p><span data-ccp-props=\"{&quot;134233117&quot;:true,&quot;134233118&quot;:true}\"> <img loading=\"lazy\" decoding=\"async\" class=\"alignnone wp-image-27055 size-medium\" src=\"https:\/\/wphfund.org\/wp-content\/uploads\/2024\/10\/QR-code-244x300.jpg\" alt=\"\" width=\"244\" height=\"300\" srcset=\"https:\/\/wphfund.org\/wp-content\/uploads\/2024\/10\/QR-code-244x300.jpg 244w, https:\/\/wphfund.org\/wp-content\/uploads\/2024\/10\/QR-code.jpg 292w\" sizes=\"auto, (max-width: 244px) 100vw, 244px\" \/><\/span><\/p>\n<h5>Veuillez envoyer vos questions au bureau pays d\u2019onu femmes sur <a href=\"mailto:RDC.ENQUIRIES@UNWOMEN.ORG\" target=\"_blank\" rel=\"noopener\">RDC.ENQUIRIES@UNWOMEN.ORG<\/a> au plus tard le 15 NOVEMBRE 2024.<\/h5>\n<a  class=\"btn -primary\" href=\"https:\/\/www.mediacongo.net\/appel-societe-39738_onu_femmes_appel_a_propositions_en_rdc_pour_soutenir_les_organisations_de_la_societe_civile_qui_uvrent_pour_la_protection_des_femmes_et_des_filles_et_.html\" target=\"_blank\">Appel \u00e0 propositions en RDC<\/a>\n\t\n\n\t\n<h3 aria-level=\"3\"><span data-contrast=\"none\">Veuillez t\u00e9l\u00e9charger le dossier de candidature en fonction de l\u2019impact auquel vous postulez.<\/span><span data-ccp-props=\"{&quot;134245418&quot;:true,&quot;134245529&quot;:true,&quot;335557856&quot;:16777215,&quot;335559738&quot;:0}\">\u00a0<\/span><\/h3>\n<a style=\"margin-bottom: 1em;\" href=\"https:\/\/wphfund.org\/wp-content\/uploads\/2024\/10\/WPHF_Appel-a-propositions-4_RDC_FR-Oct-2024_FINAL.pdf\" class=\"attachment\" target=\"_blank\" ><img decoding=\"async\" alt=\"doc icon\" src=\"https:\/\/wphfund.org\/wp-content\/themes\/wphf\/assets\/dist\/img\/icon.doc.png\" srcset=\"https:\/\/wphfund.org\/wp-content\/themes\/wphf\/assets\/dist\/img\/icon.doc.png 1x, https:\/\/wphfund.org\/wp-content\/themes\/wphf\/assets\/dist\/img\/icon.doc@2x.png 2x, https:\/\/wphfund.org\/wp-content\/themes\/wphf\/assets\/dist\/img\/icon.doc@3x.png3x\"><span class=\"attachment-type\">DRC CALL FOR PROPOSALS<\/span><span class=\"attachment-desc\">French<\/span><\/a>\n<h3 aria-level=\"3\"><span data-contrast=\"none\">Financement Institutionnel<\/span><span data-ccp-props=\"{&quot;134245418&quot;:true,&quot;134245529&quot;:true,&quot;335557856&quot;:16777215,&quot;335559738&quot;:0}\">\u00a0<\/span><\/h3>\n<a style=\"margin-bottom: 1em;\" href=\"\" class=\"attachment\"  download><img decoding=\"async\" alt=\"doc icon\" src=\"https:\/\/wphfund.org\/wp-content\/themes\/wphf\/assets\/dist\/img\/icon.doc.png\" srcset=\"https:\/\/wphfund.org\/wp-content\/themes\/wphf\/assets\/dist\/img\/icon.doc.png 1x, https:\/\/wphfund.org\/wp-content\/themes\/wphf\/assets\/dist\/img\/icon.doc@2x.png 2x, https:\/\/wphfund.org\/wp-content\/themes\/wphf\/assets\/dist\/img\/icon.doc@3x.png3x\"><span class=\"attachment-type\">Proposal Template, Institutional Funding<\/span><span class=\"attachment-desc\">French<\/span><\/a>\n<a style=\"margin-bottom: 1em;\" href=\"\" class=\"attachment\" target=\"_blank\" ><img decoding=\"async\" alt=\"doc icon\" src=\"https:\/\/wphfund.org\/wp-content\/themes\/wphf\/assets\/dist\/img\/icon.doc.png\" srcset=\"https:\/\/wphfund.org\/wp-content\/themes\/wphf\/assets\/dist\/img\/icon.doc.png 1x, https:\/\/wphfund.org\/wp-content\/themes\/wphf\/assets\/dist\/img\/icon.doc@2x.png 2x, https:\/\/wphfund.org\/wp-content\/themes\/wphf\/assets\/dist\/img\/icon.doc@3x.png3x\"><span class=\"attachment-type\">Indicator Tip Sheet, Institutional Funding<\/span><span class=\"attachment-desc\">French<\/span><\/a>\n<h3 aria-level=\"3\"><span data-contrast=\"none\">Protection des femmes e<\/span><span data-contrast=\"none\">t des filles<\/span><span data-ccp-props=\"{&quot;134245418&quot;:true,&quot;134245529&quot;:true,&quot;335557856&quot;:16777215,&quot;335559738&quot;:0}\">\u00a0<\/span><\/h3>\n<a style=\"margin-bottom: 1em;\" href=\"https:\/\/wphfund.org\/wp-content\/uploads\/2024\/10\/Impact-5-Modele-de-proposition_2024_FR.docx\" class=\"attachment\"  download><img decoding=\"async\" alt=\"doc icon\" src=\"https:\/\/wphfund.org\/wp-content\/themes\/wphf\/assets\/dist\/img\/icon.doc.png\" srcset=\"https:\/\/wphfund.org\/wp-content\/themes\/wphf\/assets\/dist\/img\/icon.doc.png 1x, https:\/\/wphfund.org\/wp-content\/themes\/wphf\/assets\/dist\/img\/icon.doc@2x.png 2x, https:\/\/wphfund.org\/wp-content\/themes\/wphf\/assets\/dist\/img\/icon.doc@3x.png3x\"><span class=\"attachment-type\">Proposal Template, Impact Area 5: Protection of Women and Girls<\/span><span class=\"attachment-desc\">French<\/span><\/a>\n<a style=\"margin-bottom: 1em;\" href=\"https:\/\/wphfund.org\/wp-content\/uploads\/2024\/10\/Impact-and-Indicator-Tip-Sheet_Impact-5_Protection_FR-FIN_Jan5-2024.pdf\" class=\"attachment\" target=\"_blank\" ><img decoding=\"async\" alt=\"doc icon\" src=\"https:\/\/wphfund.org\/wp-content\/themes\/wphf\/assets\/dist\/img\/icon.doc.png\" srcset=\"https:\/\/wphfund.org\/wp-content\/themes\/wphf\/assets\/dist\/img\/icon.doc.png 1x, https:\/\/wphfund.org\/wp-content\/themes\/wphf\/assets\/dist\/img\/icon.doc@2x.png 2x, https:\/\/wphfund.org\/wp-content\/themes\/wphf\/assets\/dist\/img\/icon.doc@3x.png3x\"><span class=\"attachment-type\">Indicator Tip Sheet, Impact Area 5: Protection of Women and Girls<\/span><span class=\"attachment-desc\">French<\/span><\/a>\n<h3 aria-level=\"3\"><span data-contrast=\"none\">Consolidation de<\/span><span data-contrast=\"none\"> la paix et rel\u00e8vement<\/span><span data-ccp-props=\"{&quot;134245418&quot;:true,&quot;134245529&quot;:true,&quot;335557856&quot;:16777215,&quot;335559738&quot;:0}\">\u00a0<\/span><\/h3>\n<a style=\"margin-bottom: 1em;\" href=\"https:\/\/wphfund.org\/wp-content\/uploads\/2024\/10\/Impact-6-Modele-de-proposition_2024_FR.docx\" class=\"attachment\"  download><img decoding=\"async\" alt=\"doc icon\" src=\"https:\/\/wphfund.org\/wp-content\/themes\/wphf\/assets\/dist\/img\/icon.doc.png\" srcset=\"https:\/\/wphfund.org\/wp-content\/themes\/wphf\/assets\/dist\/img\/icon.doc.png 1x, https:\/\/wphfund.org\/wp-content\/themes\/wphf\/assets\/dist\/img\/icon.doc@2x.png 2x, https:\/\/wphfund.org\/wp-content\/themes\/wphf\/assets\/dist\/img\/icon.doc@3x.png3x\"><span class=\"attachment-type\">Proposal Template, Impact Area 6: Peacebuilding and Recovery<\/span><span class=\"attachment-desc\">French<\/span><\/a>\n<a style=\"margin-bottom: 1em;\" href=\"https:\/\/wphfund.org\/wp-content\/uploads\/2024\/10\/Impact-and-Indicator-Tip-Sheet_Impact-6_Peacebuilding-and-Recovery_FR-FIN_Jan5-2024.pdf\" class=\"attachment\" target=\"_blank\" ><img decoding=\"async\" alt=\"doc icon\" src=\"https:\/\/wphfund.org\/wp-content\/themes\/wphf\/assets\/dist\/img\/icon.doc.png\" srcset=\"https:\/\/wphfund.org\/wp-content\/themes\/wphf\/assets\/dist\/img\/icon.doc.png 1x, https:\/\/wphfund.org\/wp-content\/themes\/wphf\/assets\/dist\/img\/icon.doc@2x.png 2x, https:\/\/wphfund.org\/wp-content\/themes\/wphf\/assets\/dist\/img\/icon.doc@3x.png3x\"><span class=\"attachment-type\">Indicator Tip Sheet, Impact Area 6: Peacebuilding & Recovery<\/span><span class=\"attachment-desc\">French<\/span><\/a>\n","protected":false},"excerpt":{"rendered":"<p>Le Fonds des Femmes pour la Paix et l\u2019Action Humanitaire (WPHF) a lanc\u00e9 son nouvel appel \u00e0 propositions en RDC pour soutenir les organisations de la soci\u00e9t\u00e9 civile qui \u0153uvrent&#8230;<\/p>\n","protected":false},"author":9,"featured_media":0,"parent":0,"menu_order":0,"comment_status":"closed","ping_status":"closed","template":"","meta":{"_acf_changed":false,"footnotes":""},"class_list":["post-27054","page","type-page","status-publish","hentry"],"acf":[],"yoast_head":"<!-- This site is optimized with the Yoast SEO plugin v26.4 - https:\/\/yoast.com\/wordpress\/plugins\/seo\/ -->\n<title>Closed: Appel \u00e0 propositions en RDC - Women\u2019s Peace and Humanitarian Fund<\/title>\n<meta name=\"robots\" content=\"index, follow, max-snippet:-1, max-image-preview:large, max-video-preview:-1\" \/>\n<link rel=\"canonical\" href=\"https:\/\/wphfund.org\/fr\/appel-a-propositions-en-rdc-2\/\" \/>\n<meta property=\"og:locale\" content=\"fr_FR\" \/>\n<meta property=\"og:type\" content=\"article\" \/>\n<meta property=\"og:title\" content=\"Closed: Appel \u00e0 propositions en RDC - Women\u2019s Peace and Humanitarian Fund\" \/>\n<meta property=\"og:description\" content=\"Le Fonds des Femmes pour la Paix et l\u2019Action Humanitaire (WPHF) a lanc\u00e9 son nouvel appel \u00e0 propositions en RDC pour soutenir les organisations de la soci\u00e9t\u00e9 civile qui \u0153uvrent...\" \/>\n<meta property=\"og:url\" content=\"https:\/\/wphfund.org\/fr\/appel-a-propositions-en-rdc-2\/\" \/>\n<meta property=\"og:site_name\" content=\"Women\u2019s Peace and Humanitarian Fund\" \/>\n<meta property=\"article:modified_time\" content=\"2025-12-15T19:46:49+00:00\" \/>\n<meta property=\"og:image\" content=\"https:\/\/wphfund.org\/wp-content\/uploads\/2024\/10\/QR-code.jpg\" \/>\n\t<meta property=\"og:image:width\" content=\"292\" \/>\n\t<meta property=\"og:image:height\" content=\"359\" \/>\n\t<meta property=\"og:image:type\" content=\"image\/jpeg\" \/>\n<meta name=\"twitter:card\" content=\"summary_large_image\" \/>\n<meta name=\"twitter:label1\" content=\"Dur\u00e9e de lecture estim\u00e9e\" \/>\n\t<meta name=\"twitter:data1\" content=\"3 minutes\" \/>\n<script type=\"application\/ld+json\" class=\"yoast-schema-graph\">{\"@context\":\"https:\/\/schema.org\",\"@graph\":[{\"@type\":\"WebPage\",\"@id\":\"https:\/\/wphfund.org\/fr\/appel-a-propositions-en-rdc-2\/\",\"url\":\"https:\/\/wphfund.org\/fr\/appel-a-propositions-en-rdc-2\/\",\"name\":\"Closed: Appel \u00e0 propositions en RDC - Women\u2019s Peace and Humanitarian Fund\",\"isPartOf\":{\"@id\":\"https:\/\/wphfund.org\/#website\"},\"primaryImageOfPage\":{\"@id\":\"https:\/\/wphfund.org\/fr\/appel-a-propositions-en-rdc-2\/#primaryimage\"},\"image\":{\"@id\":\"https:\/\/wphfund.org\/fr\/appel-a-propositions-en-rdc-2\/#primaryimage\"},\"thumbnailUrl\":\"https:\/\/wphfund.org\/wp-content\/uploads\/2024\/10\/QR-code-244x300.jpg\",\"datePublished\":\"2024-10-31T13:22:35+00:00\",\"dateModified\":\"2025-12-15T19:46:49+00:00\",\"breadcrumb\":{\"@id\":\"https:\/\/wphfund.org\/fr\/appel-a-propositions-en-rdc-2\/#breadcrumb\"},\"inLanguage\":\"fr-FR\",\"potentialAction\":[{\"@type\":\"ReadAction\",\"target\":[\"https:\/\/wphfund.org\/fr\/appel-a-propositions-en-rdc-2\/\"]}]},{\"@type\":\"ImageObject\",\"inLanguage\":\"fr-FR\",\"@id\":\"https:\/\/wphfund.org\/fr\/appel-a-propositions-en-rdc-2\/#primaryimage\",\"url\":\"https:\/\/wphfund.org\/wp-content\/uploads\/2024\/10\/QR-code-244x300.jpg\",\"contentUrl\":\"https:\/\/wphfund.org\/wp-content\/uploads\/2024\/10\/QR-code-244x300.jpg\"},{\"@type\":\"BreadcrumbList\",\"@id\":\"https:\/\/wphfund.org\/fr\/appel-a-propositions-en-rdc-2\/#breadcrumb\",\"itemListElement\":[{\"@type\":\"ListItem\",\"position\":1,\"name\":\"Home\",\"item\":\"https:\/\/wphfund.org\/\"},{\"@type\":\"ListItem\",\"position\":2,\"name\":\"Closed: Appel \u00e0 propositions en RDC\"}]},{\"@type\":\"WebSite\",\"@id\":\"https:\/\/wphfund.org\/#website\",\"url\":\"https:\/\/wphfund.org\/\",\"name\":\"Women\u2019s Peace and Humanitarian Fund\",\"description\":\"Support women. Prevent conflict. Build peace.\",\"potentialAction\":[{\"@type\":\"SearchAction\",\"target\":{\"@type\":\"EntryPoint\",\"urlTemplate\":\"https:\/\/wphfund.org\/?s={search_term_string}\"},\"query-input\":{\"@type\":\"PropertyValueSpecification\",\"valueRequired\":true,\"valueName\":\"search_term_string\"}}],\"inLanguage\":\"fr-FR\"}]}<\/script>\n<!-- \/ Yoast SEO plugin. -->","yoast_head_json":{"title":"Closed: Appel \u00e0 propositions en RDC - Women\u2019s Peace and Humanitarian Fund","robots":{"index":"index","follow":"follow","max-snippet":"max-snippet:-1","max-image-preview":"max-image-preview:large","max-video-preview":"max-video-preview:-1"},"canonical":"https:\/\/wphfund.org\/fr\/appel-a-propositions-en-rdc-2\/","og_locale":"fr_FR","og_type":"article","og_title":"Closed: Appel \u00e0 propositions en RDC - Women\u2019s Peace and Humanitarian Fund","og_description":"Le Fonds des Femmes pour la Paix et l\u2019Action Humanitaire (WPHF) a lanc\u00e9 son nouvel appel \u00e0 propositions en RDC pour soutenir les organisations de la soci\u00e9t\u00e9 civile qui \u0153uvrent...","og_url":"https:\/\/wphfund.org\/fr\/appel-a-propositions-en-rdc-2\/","og_site_name":"Women\u2019s Peace and Humanitarian Fund","article_modified_time":"2025-12-15T19:46:49+00:00","og_image":[{"width":292,"height":359,"url":"https:\/\/wphfund.org\/wp-content\/uploads\/2024\/10\/QR-code.jpg","type":"image\/jpeg"}],"twitter_card":"summary_large_image","twitter_misc":{"Dur\u00e9e de lecture estim\u00e9e":"3 minutes"},"schema":{"@context":"https:\/\/schema.org","@graph":[{"@type":"WebPage","@id":"https:\/\/wphfund.org\/fr\/appel-a-propositions-en-rdc-2\/","url":"https:\/\/wphfund.org\/fr\/appel-a-propositions-en-rdc-2\/","name":"Closed: Appel \u00e0 propositions en RDC - Women\u2019s Peace and Humanitarian Fund","isPartOf":{"@id":"https:\/\/wphfund.org\/#website"},"primaryImageOfPage":{"@id":"https:\/\/wphfund.org\/fr\/appel-a-propositions-en-rdc-2\/#primaryimage"},"image":{"@id":"https:\/\/wphfund.org\/fr\/appel-a-propositions-en-rdc-2\/#primaryimage"},"thumbnailUrl":"https:\/\/wphfund.org\/wp-content\/uploads\/2024\/10\/QR-code-244x300.jpg","datePublished":"2024-10-31T13:22:35+00:00","dateModified":"2025-12-15T19:46:49+00:00","breadcrumb":{"@id":"https:\/\/wphfund.org\/fr\/appel-a-propositions-en-rdc-2\/#breadcrumb"},"inLanguage":"fr-FR","potentialAction":[{"@type":"ReadAction","target":["https:\/\/wphfund.org\/fr\/appel-a-propositions-en-rdc-2\/"]}]},{"@type":"ImageObject","inLanguage":"fr-FR","@id":"https:\/\/wphfund.org\/fr\/appel-a-propositions-en-rdc-2\/#primaryimage","url":"https:\/\/wphfund.org\/wp-content\/uploads\/2024\/10\/QR-code-244x300.jpg","contentUrl":"https:\/\/wphfund.org\/wp-content\/uploads\/2024\/10\/QR-code-244x300.jpg"},{"@type":"BreadcrumbList","@id":"https:\/\/wphfund.org\/fr\/appel-a-propositions-en-rdc-2\/#breadcrumb","itemListElement":[{"@type":"ListItem","position":1,"name":"Home","item":"https:\/\/wphfund.org\/"},{"@type":"ListItem","position":2,"name":"Closed: Appel \u00e0 propositions en RDC"}]},{"@type":"WebSite","@id":"https:\/\/wphfund.org\/#website","url":"https:\/\/wphfund.org\/","name":"Women\u2019s Peace and Humanitarian Fund","description":"Support women. Prevent conflict. Build peace.","potentialAction":[{"@type":"SearchAction","target":{"@type":"EntryPoint","urlTemplate":"https:\/\/wphfund.org\/?s={search_term_string}"},"query-input":{"@type":"PropertyValueSpecification","valueRequired":true,"valueName":"search_term_string"}}],"inLanguage":"fr-FR"}]}},"_links":{"self":[{"href":"https:\/\/wphfund.org\/fr\/wp-json\/wp\/v2\/pages\/27054","targetHints":{"allow":["GET"]}}],"collection":[{"href":"https:\/\/wphfund.org\/fr\/wp-json\/wp\/v2\/pages"}],"about":[{"href":"https:\/\/wphfund.org\/fr\/wp-json\/wp\/v2\/types\/page"}],"author":[{"embeddable":true,"href":"https:\/\/wphfund.org\/fr\/wp-json\/wp\/v2\/users\/9"}],"replies":[{"embeddable":true,"href":"https:\/\/wphfund.org\/fr\/wp-json\/wp\/v2\/comments?post=27054"}],"version-history":[{"count":0,"href":"https:\/\/wphfund.org\/fr\/wp-json\/wp\/v2\/pages\/27054\/revisions"}],"wp:attachment":[{"href":"https:\/\/wphfund.org\/fr\/wp-json\/wp\/v2\/media?parent=27054"}],"curies":[{"name":"wp","href":"https:\/\/api.w.org\/{rel}","templated":true}]}}