{"id":26167,"date":"2024-10-16T16:08:14","date_gmt":"2024-10-16T16:08:14","guid":{"rendered":"https:\/\/wphfund.org\/?page_id=26167"},"modified":"2024-10-16T16:09:28","modified_gmt":"2024-10-16T16:09:28","slug":"principes-fondamentaux-de-la-fenetre-de-reponse-rapide","status":"publish","type":"page","link":"https:\/\/wphfund.org\/fr\/principes-fondamentaux-de-la-fenetre-de-reponse-rapide\/","title":{"rendered":"Principes fondamentaux de la Fen\u00eatre de R\u00e9ponse Rapide"},"content":{"rendered":"<p><span data-contrast=\"auto\">La\u00a0<a href=\"https:\/\/wphfund.org\/fr\/rrw\/\">Fen\u00eatre de R\u00e9ponse Rapide<\/a>\u00a0est guid\u00e9e par les principes fondamentaux \u00e9nonc\u00e9s dans le\u00a0<a href=\"https:\/\/wphfund.org\/wp-content\/uploads\/2023\/08\/WPHF_Strategic_Plan_compressed.pdf\">plan strat\u00e9gique du WPHF<\/a>\u00a0et ancr\u00e9s dans son approche visant \u00e0 soutenir les organisations locales de femmes qui construisent une paix durable dans des contextes fragiles dans le monde entier. Tous les candidats et partenaires sont encourag\u00e9s, dans la mesure du possible, \u00e0 inclure ces principes dans leurs initiatives.\u00a0<\/span><span data-ccp-props=\"{&quot;201341983&quot;:0,&quot;335559739&quot;:0,&quot;335559740&quot;:240}\">\u00a0<\/span><\/p>\n<ul>\n<li data-leveltext=\"\uf0b7\" data-font=\"Symbol\" data-listid=\"3\" data-list-defn-props=\"{&quot;335552541&quot;:1,&quot;335559685&quot;:720,&quot;335559991&quot;:360,&quot;469769226&quot;:&quot;Symbol&quot;,&quot;469769242&quot;:[8226],&quot;469777803&quot;:&quot;left&quot;,&quot;469777804&quot;:&quot;\uf0b7&quot;,&quot;469777815&quot;:&quot;hybridMultilevel&quot;}\" aria-setsize=\"-1\" data-aria-posinset=\"1\" data-aria-level=\"1\"><b><span data-contrast=\"auto\">L\u2019approche consistant \u00e0 ne pas nuire\u202f<\/span><\/b><span data-contrast=\"auto\">: La s\u00e9curit\u00e9 des femmes et d\u2019autres groupes de b\u00e9n\u00e9ficiaires est notre priorit\u00e9 absolue, et la Fen\u00eatre de R\u00e9ponse Rapide prend note des risques accrus en mati\u00e8re de s\u00e9curit\u00e9 auxquels les femmes qui \u0153uvrent \u00e0 la consolidation de la paix sont confront\u00e9es dans les contextes o\u00f9 elles op\u00e8rent. Il est donc n\u00e9cessaire d\u2019inclure une strat\u00e9gie d\u2019att\u00e9nuation claire et un protocole de s\u00e9curit\u00e9 pour toutes les initiatives.<\/span><span data-ccp-props=\"{&quot;201341983&quot;:0,&quot;335551550&quot;:6,&quot;335551620&quot;:6,&quot;335559739&quot;:0,&quot;335559740&quot;:240}\">\u00a0<\/span><\/li>\n<\/ul>\n<ul>\n<li data-leveltext=\"\uf0b7\" data-font=\"Symbol\" data-listid=\"3\" data-list-defn-props=\"{&quot;335552541&quot;:1,&quot;335559685&quot;:720,&quot;335559991&quot;:360,&quot;469769226&quot;:&quot;Symbol&quot;,&quot;469769242&quot;:[8226],&quot;469777803&quot;:&quot;left&quot;,&quot;469777804&quot;:&quot;\uf0b7&quot;,&quot;469777815&quot;:&quot;hybridMultilevel&quot;}\" aria-setsize=\"-1\" data-aria-posinset=\"2\" data-aria-level=\"1\"><b><span data-contrast=\"auto\">Diversit\u00e9 et inclusion\u202f:<\/span><\/b><span data-contrast=\"auto\">\u00a0Des approches diversifi\u00e9es et inclusives sont encourag\u00e9es lors de la s\u00e9lection des b\u00e9n\u00e9ficiaires cibles et des groupes de parties prenantes cl\u00e9s \u00e0 impliquer. La Fen\u00eatre de R\u00e9ponse Rapide estime qu\u2019une paix durable ne peut \u00eatre obtenue qu\u2019en incluant des voix et des besoins diff\u00e9rents. Il est recommand\u00e9 d\u2019inclure les jeunes, les femmes r\u00e9fugi\u00e9es et d\u00e9plac\u00e9es de force, les femmes en situation de handicap, les groupes autochtones et nomades, ainsi que d\u2019autres groupes minoritaires.\u00a0<\/span><span data-ccp-props=\"{&quot;201341983&quot;:0,&quot;335551550&quot;:6,&quot;335551620&quot;:6,&quot;335559739&quot;:0,&quot;335559740&quot;:240}\">\u00a0<\/span><\/li>\n<\/ul>\n<ul>\n<li data-leveltext=\"\uf0b7\" data-font=\"Symbol\" data-listid=\"3\" data-list-defn-props=\"{&quot;335552541&quot;:1,&quot;335559685&quot;:720,&quot;335559991&quot;:360,&quot;469769226&quot;:&quot;Symbol&quot;,&quot;469769242&quot;:[8226],&quot;469777803&quot;:&quot;left&quot;,&quot;469777804&quot;:&quot;\uf0b7&quot;,&quot;469777815&quot;:&quot;hybridMultilevel&quot;}\" aria-setsize=\"-1\" data-aria-posinset=\"3\" data-aria-level=\"1\"><b><span data-contrast=\"auto\">Flexibilit\u00e9\u202f:\u00a0<\/span><\/b><span data-contrast=\"auto\">La RW est un m\u00e9canisme de financement flexible qui<\/span>\u00a0<span data-contrast=\"auto\">vise \u00e0 r\u00e9pondre aux besoins changeants des femmes qui \u0153uvrent pour la paix et aux contextes changeants dans lesquels elles op\u00e8rent avec la plus grande agilit\u00e9.\u00a0\u00a0<\/span><span data-ccp-props=\"{&quot;201341983&quot;:0,&quot;335551550&quot;:6,&quot;335551620&quot;:6,&quot;335559739&quot;:0,&quot;335559740&quot;:240}\">\u00a0<\/span><\/li>\n<\/ul>\n<ul>\n<li data-leveltext=\"\uf0b7\" data-font=\"Symbol\" data-listid=\"3\" data-list-defn-props=\"{&quot;335552541&quot;:1,&quot;335559685&quot;:720,&quot;335559991&quot;:360,&quot;469769226&quot;:&quot;Symbol&quot;,&quot;469769242&quot;:[8226],&quot;469777803&quot;:&quot;left&quot;,&quot;469777804&quot;:&quot;\uf0b7&quot;,&quot;469777815&quot;:&quot;hybridMultilevel&quot;}\" aria-setsize=\"-1\" data-aria-posinset=\"4\" data-aria-level=\"1\"><b><span data-contrast=\"auto\">Confiance et responsabilit\u00e9 mutuelle\u202f:\u00a0<\/span><\/b><span data-contrast=\"auto\">La Fen\u00eatre de R\u00e9ponse Rapide entretient avec ses partenaires des relations de collaboration et de transparence fond\u00e9es sur le respect mutuel, la confiance et un engagement commun. Nous pensons que les organisations locales de d\u00e9fense des droits des femmes sont les mieux plac\u00e9es pour comprendre les strat\u00e9gies et les actions qui permettent d\u2019instaurer une paix durable dans leurs soci\u00e9t\u00e9s. Nous faisons confiance \u00e0 nos partenaires, qui sont les ma\u00eetres d\u2019\u0153uvre de leurs initiatives et les experts de leur contexte.<\/span><span data-ccp-props=\"{&quot;201341983&quot;:0,&quot;335551550&quot;:6,&quot;335551620&quot;:6,&quot;335559739&quot;:0,&quot;335559740&quot;:240}\">\u00a0<\/span><\/li>\n<\/ul>\n","protected":false},"excerpt":{"rendered":"<p>La\u00a0Fen\u00eatre de R\u00e9ponse Rapide\u00a0est guid\u00e9e par les principes fondamentaux \u00e9nonc\u00e9s dans le\u00a0plan strat\u00e9gique du WPHF\u00a0et ancr\u00e9s dans son approche visant \u00e0 soutenir les organisations locales de femmes qui construisent une&#8230;<\/p>\n","protected":false},"author":9,"featured_media":0,"parent":0,"menu_order":0,"comment_status":"closed","ping_status":"closed","template":"","meta":{"_acf_changed":false,"footnotes":""},"class_list":["post-26167","page","type-page","status-publish","hentry"],"acf":[],"yoast_head":"<!-- This site is optimized with the Yoast SEO plugin v26.4 - https:\/\/yoast.com\/wordpress\/plugins\/seo\/ -->\n<title>Principes fondamentaux de la Fen\u00eatre de R\u00e9ponse Rapide - Women\u2019s Peace and Humanitarian Fund<\/title>\n<meta name=\"robots\" content=\"index, follow, max-snippet:-1, max-image-preview:large, max-video-preview:-1\" \/>\n<link rel=\"canonical\" href=\"https:\/\/wphfund.org\/fr\/principes-fondamentaux-de-la-fenetre-de-reponse-rapide\/\" \/>\n<meta property=\"og:locale\" content=\"fr_FR\" \/>\n<meta property=\"og:type\" content=\"article\" \/>\n<meta property=\"og:title\" content=\"Principes fondamentaux de la Fen\u00eatre de R\u00e9ponse Rapide - Women\u2019s Peace and Humanitarian Fund\" \/>\n<meta property=\"og:description\" content=\"La\u00a0Fen\u00eatre de R\u00e9ponse Rapide\u00a0est guid\u00e9e par les principes fondamentaux \u00e9nonc\u00e9s dans le\u00a0plan strat\u00e9gique du WPHF\u00a0et ancr\u00e9s dans son approche visant \u00e0 soutenir les organisations locales de femmes qui construisent une...\" \/>\n<meta property=\"og:url\" content=\"https:\/\/wphfund.org\/fr\/principes-fondamentaux-de-la-fenetre-de-reponse-rapide\/\" \/>\n<meta property=\"og:site_name\" content=\"Women\u2019s Peace and Humanitarian Fund\" \/>\n<meta property=\"article:modified_time\" content=\"2024-10-16T16:09:28+00:00\" \/>\n<meta name=\"twitter:card\" content=\"summary_large_image\" \/>\n<meta name=\"twitter:label1\" content=\"Dur\u00e9e de lecture estim\u00e9e\" \/>\n\t<meta name=\"twitter:data1\" content=\"2 minutes\" \/>\n<script type=\"application\/ld+json\" class=\"yoast-schema-graph\">{\"@context\":\"https:\/\/schema.org\",\"@graph\":[{\"@type\":\"WebPage\",\"@id\":\"https:\/\/wphfund.org\/fr\/principes-fondamentaux-de-la-fenetre-de-reponse-rapide\/\",\"url\":\"https:\/\/wphfund.org\/fr\/principes-fondamentaux-de-la-fenetre-de-reponse-rapide\/\",\"name\":\"Principes fondamentaux de la Fen\u00eatre de R\u00e9ponse Rapide - Women\u2019s Peace and Humanitarian Fund\",\"isPartOf\":{\"@id\":\"https:\/\/wphfund.org\/#website\"},\"datePublished\":\"2024-10-16T16:08:14+00:00\",\"dateModified\":\"2024-10-16T16:09:28+00:00\",\"breadcrumb\":{\"@id\":\"https:\/\/wphfund.org\/fr\/principes-fondamentaux-de-la-fenetre-de-reponse-rapide\/#breadcrumb\"},\"inLanguage\":\"fr-FR\",\"potentialAction\":[{\"@type\":\"ReadAction\",\"target\":[\"https:\/\/wphfund.org\/fr\/principes-fondamentaux-de-la-fenetre-de-reponse-rapide\/\"]}]},{\"@type\":\"BreadcrumbList\",\"@id\":\"https:\/\/wphfund.org\/fr\/principes-fondamentaux-de-la-fenetre-de-reponse-rapide\/#breadcrumb\",\"itemListElement\":[{\"@type\":\"ListItem\",\"position\":1,\"name\":\"Home\",\"item\":\"https:\/\/wphfund.org\/\"},{\"@type\":\"ListItem\",\"position\":2,\"name\":\"Principes fondamentaux de la Fen\u00eatre de R\u00e9ponse Rapide\"}]},{\"@type\":\"WebSite\",\"@id\":\"https:\/\/wphfund.org\/#website\",\"url\":\"https:\/\/wphfund.org\/\",\"name\":\"Women\u2019s Peace and Humanitarian Fund\",\"description\":\"Support women. Prevent conflict. Build peace.\",\"potentialAction\":[{\"@type\":\"SearchAction\",\"target\":{\"@type\":\"EntryPoint\",\"urlTemplate\":\"https:\/\/wphfund.org\/?s={search_term_string}\"},\"query-input\":{\"@type\":\"PropertyValueSpecification\",\"valueRequired\":true,\"valueName\":\"search_term_string\"}}],\"inLanguage\":\"fr-FR\"}]}<\/script>\n<!-- \/ Yoast SEO plugin. -->","yoast_head_json":{"title":"Principes fondamentaux de la Fen\u00eatre de R\u00e9ponse Rapide - Women\u2019s Peace and Humanitarian Fund","robots":{"index":"index","follow":"follow","max-snippet":"max-snippet:-1","max-image-preview":"max-image-preview:large","max-video-preview":"max-video-preview:-1"},"canonical":"https:\/\/wphfund.org\/fr\/principes-fondamentaux-de-la-fenetre-de-reponse-rapide\/","og_locale":"fr_FR","og_type":"article","og_title":"Principes fondamentaux de la Fen\u00eatre de R\u00e9ponse Rapide - Women\u2019s Peace and Humanitarian Fund","og_description":"La\u00a0Fen\u00eatre de R\u00e9ponse Rapide\u00a0est guid\u00e9e par les principes fondamentaux \u00e9nonc\u00e9s dans le\u00a0plan strat\u00e9gique du WPHF\u00a0et ancr\u00e9s dans son approche visant \u00e0 soutenir les organisations locales de femmes qui construisent une...","og_url":"https:\/\/wphfund.org\/fr\/principes-fondamentaux-de-la-fenetre-de-reponse-rapide\/","og_site_name":"Women\u2019s Peace and Humanitarian Fund","article_modified_time":"2024-10-16T16:09:28+00:00","twitter_card":"summary_large_image","twitter_misc":{"Dur\u00e9e de lecture estim\u00e9e":"2 minutes"},"schema":{"@context":"https:\/\/schema.org","@graph":[{"@type":"WebPage","@id":"https:\/\/wphfund.org\/fr\/principes-fondamentaux-de-la-fenetre-de-reponse-rapide\/","url":"https:\/\/wphfund.org\/fr\/principes-fondamentaux-de-la-fenetre-de-reponse-rapide\/","name":"Principes fondamentaux de la Fen\u00eatre de R\u00e9ponse Rapide - Women\u2019s Peace and Humanitarian Fund","isPartOf":{"@id":"https:\/\/wphfund.org\/#website"},"datePublished":"2024-10-16T16:08:14+00:00","dateModified":"2024-10-16T16:09:28+00:00","breadcrumb":{"@id":"https:\/\/wphfund.org\/fr\/principes-fondamentaux-de-la-fenetre-de-reponse-rapide\/#breadcrumb"},"inLanguage":"fr-FR","potentialAction":[{"@type":"ReadAction","target":["https:\/\/wphfund.org\/fr\/principes-fondamentaux-de-la-fenetre-de-reponse-rapide\/"]}]},{"@type":"BreadcrumbList","@id":"https:\/\/wphfund.org\/fr\/principes-fondamentaux-de-la-fenetre-de-reponse-rapide\/#breadcrumb","itemListElement":[{"@type":"ListItem","position":1,"name":"Home","item":"https:\/\/wphfund.org\/"},{"@type":"ListItem","position":2,"name":"Principes fondamentaux de la Fen\u00eatre de R\u00e9ponse Rapide"}]},{"@type":"WebSite","@id":"https:\/\/wphfund.org\/#website","url":"https:\/\/wphfund.org\/","name":"Women\u2019s Peace and Humanitarian Fund","description":"Support women. Prevent conflict. Build peace.","potentialAction":[{"@type":"SearchAction","target":{"@type":"EntryPoint","urlTemplate":"https:\/\/wphfund.org\/?s={search_term_string}"},"query-input":{"@type":"PropertyValueSpecification","valueRequired":true,"valueName":"search_term_string"}}],"inLanguage":"fr-FR"}]}},"_links":{"self":[{"href":"https:\/\/wphfund.org\/fr\/wp-json\/wp\/v2\/pages\/26167","targetHints":{"allow":["GET"]}}],"collection":[{"href":"https:\/\/wphfund.org\/fr\/wp-json\/wp\/v2\/pages"}],"about":[{"href":"https:\/\/wphfund.org\/fr\/wp-json\/wp\/v2\/types\/page"}],"author":[{"embeddable":true,"href":"https:\/\/wphfund.org\/fr\/wp-json\/wp\/v2\/users\/9"}],"replies":[{"embeddable":true,"href":"https:\/\/wphfund.org\/fr\/wp-json\/wp\/v2\/comments?post=26167"}],"version-history":[{"count":0,"href":"https:\/\/wphfund.org\/fr\/wp-json\/wp\/v2\/pages\/26167\/revisions"}],"wp:attachment":[{"href":"https:\/\/wphfund.org\/fr\/wp-json\/wp\/v2\/media?parent=26167"}],"curies":[{"name":"wp","href":"https:\/\/api.w.org\/{rel}","templated":true}]}}