{"id":19515,"date":"2023-09-13T21:49:32","date_gmt":"2023-09-13T21:49:32","guid":{"rendered":"https:\/\/wphfund.org\/?page_id=19515"},"modified":"2023-09-13T21:51:50","modified_gmt":"2023-09-13T21:51:50","slug":"autres-mecanismes-de-financement-des-fddh","status":"publish","type":"page","link":"https:\/\/wphfund.org\/fr\/autres-mecanismes-de-financement-des-fddh\/","title":{"rendered":"Autres m\u00e9canismes de financement des FDDH"},"content":{"rendered":"<h2 aria-level=\"2\"><span data-contrast=\"none\">Le FFPH est reconnaissant aux recherches et \u00e0 l&rsquo;expertise de <\/span><a href=\"https:\/\/freedomhouse.org\/programs\/emergency-assistance-and-thematic-programs\" target=\"_blank\" rel=\"noopener\"><span data-contrast=\"none\">Freedom House<\/span><\/a><span data-contrast=\"none\">, qui a compil\u00e9 le contexte de cette liste de ressources.<\/span><span data-ccp-props=\"{&quot;134233117&quot;:true,&quot;134233118&quot;:true,&quot;335551550&quot;:6,&quot;335551620&quot;:6}\">\u00a0<\/span><\/h2>\n<h3 aria-level=\"2\"><span data-contrast=\"auto\">Possibilit\u00e9s de recours en mati\u00e8re de sant\u00e9 mentale et de bien-\u00eatre<\/span><span data-ccp-props=\"{&quot;134233117&quot;:true,&quot;134233118&quot;:true,&quot;335551550&quot;:6,&quot;335551620&quot;:6}\">\u00a0<\/span><\/h3>\n<ul>\n<li data-leveltext=\"\uf0b7\" data-font=\"Symbol\" data-listid=\"13\" data-list-defn-props=\"{&quot;335552541&quot;:1,&quot;335559684&quot;:-2,&quot;335559685&quot;:720,&quot;335559991&quot;:360,&quot;469769226&quot;:&quot;Symbol&quot;,&quot;469769242&quot;:[8226],&quot;469777803&quot;:&quot;left&quot;,&quot;469777804&quot;:&quot;\uf0b7&quot;,&quot;469777815&quot;:&quot;hybridMultilevel&quot;}\" aria-setsize=\"-1\" data-aria-posinset=\"1\" data-aria-level=\"1\">Le <strong><a href=\"https:\/\/femena.net\/yara-resource-center\/\" target=\"_blank\" rel=\"noopener\">Yara Center<\/a> <\/strong>est un espace o\u00f9 les FDDH des r\u00e9gions MENA et Asie peuvent se r\u00e9unir et apprendre l&rsquo;importance des soins personnels, du bien-\u00eatre et de la s\u00e9curit\u00e9 holistique. Les FDDH peuvent y partager leurs propres exp\u00e9riences et strat\u00e9gies pour assurer leur sant\u00e9 psychosociale et leur r\u00e9silience, permettant ainsi un activisme soutenu, malgr\u00e9 les pressions et les d\u00e9fis. Yara center fournit \u00e9galement un soutien psychosocial aux FDDH sous la forme de formations sur le bien-\u00eatre, les soins auto-administr\u00e9s et la s\u00e9curit\u00e9 holistique pour ses partenaires.<\/li>\n<li data-leveltext=\"\uf0b7\" data-font=\"Symbol\" data-listid=\"13\" data-list-defn-props=\"{&quot;335552541&quot;:1,&quot;335559684&quot;:-2,&quot;335559685&quot;:720,&quot;335559991&quot;:360,&quot;469769226&quot;:&quot;Symbol&quot;,&quot;469769242&quot;:[8226],&quot;469777803&quot;:&quot;left&quot;,&quot;469777804&quot;:&quot;\uf0b7&quot;,&quot;469777815&quot;:&quot;hybridMultilevel&quot;}\" aria-setsize=\"-1\" data-aria-posinset=\"2\" data-aria-level=\"1\"><strong><a href=\"https:\/\/www.openbriefing.org\/blog\/new-funded-wellbeing-support-for-women-human-rights-defenders\/\" target=\"_blank\" rel=\"noopener\">Open Briefing<\/a><\/strong> offre un soutien au bien-\u00eatre des d\u00e9fenseuses des droits humains en Am\u00e9rique latine, y compris des conseils \u00e0 distance en espagnol, un plan d&rsquo;action pour le bien-\u00eatre et des r\u00e9f\u00e9rences \u00e0 un soutien par les pairs et \u00e0 des ressources.<\/li>\n<\/ul>\n<a style=\"margin-bottom: 1em;\" href=\"https:\/\/wphfund.org\/wp-content\/uploads\/2023\/09\/230510-WHRD-Mental-Health-and-Wellbeing-Guides-for-WHRDs-1.pdf\" class=\"attachment\" target=\"_blank\" ><img decoding=\"async\" alt=\"doc icon\" src=\"https:\/\/wphfund.org\/wp-content\/themes\/wphf\/assets\/dist\/img\/icon.doc.png\" srcset=\"https:\/\/wphfund.org\/wp-content\/themes\/wphf\/assets\/dist\/img\/icon.doc.png 1x, https:\/\/wphfund.org\/wp-content\/themes\/wphf\/assets\/dist\/img\/icon.doc@2x.png 2x, https:\/\/wphfund.org\/wp-content\/themes\/wphf\/assets\/dist\/img\/icon.doc@3x.png3x\"><span class=\"attachment-type\">Mental Health and Wellbeing Resources<\/span><span class=\"attachment-desc\">English<\/span><\/a>\n<a style=\"margin-bottom: 1em;\" href=\"https:\/\/wphfund.org\/wp-content\/uploads\/2023\/09\/230510-Phyisical-and-Digital-Security-Resources-for-WHRDs-1.pdf\" class=\"attachment\" target=\"_blank\" ><img decoding=\"async\" alt=\"doc icon\" src=\"https:\/\/wphfund.org\/wp-content\/themes\/wphf\/assets\/dist\/img\/icon.doc.png\" srcset=\"https:\/\/wphfund.org\/wp-content\/themes\/wphf\/assets\/dist\/img\/icon.doc.png 1x, https:\/\/wphfund.org\/wp-content\/themes\/wphf\/assets\/dist\/img\/icon.doc@2x.png 2x, https:\/\/wphfund.org\/wp-content\/themes\/wphf\/assets\/dist\/img\/icon.doc@3x.png3x\"><span class=\"attachment-type\">Physical and Digital Security Resources<\/span><span class=\"attachment-desc\">English<\/span><\/a>\n<a style=\"margin-bottom: 1em;\" href=\"https:\/\/wphfund.org\/wp-content\/uploads\/2023\/09\/230510-Collective-Protection-Resources-for-WHRDs-1.pdf\" class=\"attachment\" target=\"_blank\" ><img decoding=\"async\" alt=\"doc icon\" src=\"https:\/\/wphfund.org\/wp-content\/themes\/wphf\/assets\/dist\/img\/icon.doc.png\" srcset=\"https:\/\/wphfund.org\/wp-content\/themes\/wphf\/assets\/dist\/img\/icon.doc.png 1x, https:\/\/wphfund.org\/wp-content\/themes\/wphf\/assets\/dist\/img\/icon.doc@2x.png 2x, https:\/\/wphfund.org\/wp-content\/themes\/wphf\/assets\/dist\/img\/icon.doc@3x.png3x\"><span class=\"attachment-type\">Collective Protection Resources<\/span><span class=\"attachment-desc\">English<\/span><\/a>\n","protected":false},"excerpt":{"rendered":"<p>Le FFPH est reconnaissant aux recherches et \u00e0 l&rsquo;expertise de Freedom House, qui a compil\u00e9 le contexte de cette liste de ressources.\u00a0 Possibilit\u00e9s de recours en mati\u00e8re de sant\u00e9 mentale&#8230;<\/p>\n","protected":false},"author":9,"featured_media":0,"parent":0,"menu_order":0,"comment_status":"closed","ping_status":"closed","template":"","meta":{"_acf_changed":false,"footnotes":""},"class_list":["post-19515","page","type-page","status-publish","hentry"],"acf":[],"yoast_head":"<!-- This site is optimized with the Yoast SEO plugin v26.4 - https:\/\/yoast.com\/wordpress\/plugins\/seo\/ -->\n<title>Autres m\u00e9canismes de financement des FDDH - Women\u2019s Peace and Humanitarian Fund<\/title>\n<meta name=\"robots\" content=\"index, follow, max-snippet:-1, max-image-preview:large, max-video-preview:-1\" \/>\n<link rel=\"canonical\" href=\"https:\/\/wphfund.org\/fr\/autres-mecanismes-de-financement-des-fddh\/\" \/>\n<meta property=\"og:locale\" content=\"fr_FR\" \/>\n<meta property=\"og:type\" content=\"article\" \/>\n<meta property=\"og:title\" content=\"Autres m\u00e9canismes de financement des FDDH - Women\u2019s Peace and Humanitarian Fund\" \/>\n<meta property=\"og:description\" content=\"Le FFPH est reconnaissant aux recherches et \u00e0 l&rsquo;expertise de Freedom House, qui a compil\u00e9 le contexte de cette liste de ressources.\u00a0 Possibilit\u00e9s de recours en mati\u00e8re de sant\u00e9 mentale...\" \/>\n<meta property=\"og:url\" content=\"https:\/\/wphfund.org\/fr\/autres-mecanismes-de-financement-des-fddh\/\" \/>\n<meta property=\"og:site_name\" content=\"Women\u2019s Peace and Humanitarian Fund\" \/>\n<meta property=\"article:modified_time\" content=\"2023-09-13T21:51:50+00:00\" \/>\n<meta name=\"twitter:card\" content=\"summary_large_image\" \/>\n<meta name=\"twitter:label1\" content=\"Dur\u00e9e de lecture estim\u00e9e\" \/>\n\t<meta name=\"twitter:data1\" content=\"1 minute\" \/>\n<script type=\"application\/ld+json\" class=\"yoast-schema-graph\">{\"@context\":\"https:\/\/schema.org\",\"@graph\":[{\"@type\":\"WebPage\",\"@id\":\"https:\/\/wphfund.org\/fr\/autres-mecanismes-de-financement-des-fddh\/\",\"url\":\"https:\/\/wphfund.org\/fr\/autres-mecanismes-de-financement-des-fddh\/\",\"name\":\"Autres m\u00e9canismes de financement des FDDH - Women\u2019s Peace and Humanitarian Fund\",\"isPartOf\":{\"@id\":\"https:\/\/wphfund.org\/#website\"},\"datePublished\":\"2023-09-13T21:49:32+00:00\",\"dateModified\":\"2023-09-13T21:51:50+00:00\",\"breadcrumb\":{\"@id\":\"https:\/\/wphfund.org\/fr\/autres-mecanismes-de-financement-des-fddh\/#breadcrumb\"},\"inLanguage\":\"fr-FR\",\"potentialAction\":[{\"@type\":\"ReadAction\",\"target\":[\"https:\/\/wphfund.org\/fr\/autres-mecanismes-de-financement-des-fddh\/\"]}]},{\"@type\":\"BreadcrumbList\",\"@id\":\"https:\/\/wphfund.org\/fr\/autres-mecanismes-de-financement-des-fddh\/#breadcrumb\",\"itemListElement\":[{\"@type\":\"ListItem\",\"position\":1,\"name\":\"Home\",\"item\":\"https:\/\/wphfund.org\/\"},{\"@type\":\"ListItem\",\"position\":2,\"name\":\"Autres m\u00e9canismes de financement des FDDH\"}]},{\"@type\":\"WebSite\",\"@id\":\"https:\/\/wphfund.org\/#website\",\"url\":\"https:\/\/wphfund.org\/\",\"name\":\"Women\u2019s Peace and Humanitarian Fund\",\"description\":\"Support women. Prevent conflict. Build peace.\",\"potentialAction\":[{\"@type\":\"SearchAction\",\"target\":{\"@type\":\"EntryPoint\",\"urlTemplate\":\"https:\/\/wphfund.org\/?s={search_term_string}\"},\"query-input\":{\"@type\":\"PropertyValueSpecification\",\"valueRequired\":true,\"valueName\":\"search_term_string\"}}],\"inLanguage\":\"fr-FR\"}]}<\/script>\n<!-- \/ Yoast SEO plugin. -->","yoast_head_json":{"title":"Autres m\u00e9canismes de financement des FDDH - Women\u2019s Peace and Humanitarian Fund","robots":{"index":"index","follow":"follow","max-snippet":"max-snippet:-1","max-image-preview":"max-image-preview:large","max-video-preview":"max-video-preview:-1"},"canonical":"https:\/\/wphfund.org\/fr\/autres-mecanismes-de-financement-des-fddh\/","og_locale":"fr_FR","og_type":"article","og_title":"Autres m\u00e9canismes de financement des FDDH - Women\u2019s Peace and Humanitarian Fund","og_description":"Le FFPH est reconnaissant aux recherches et \u00e0 l&rsquo;expertise de Freedom House, qui a compil\u00e9 le contexte de cette liste de ressources.\u00a0 Possibilit\u00e9s de recours en mati\u00e8re de sant\u00e9 mentale...","og_url":"https:\/\/wphfund.org\/fr\/autres-mecanismes-de-financement-des-fddh\/","og_site_name":"Women\u2019s Peace and Humanitarian Fund","article_modified_time":"2023-09-13T21:51:50+00:00","twitter_card":"summary_large_image","twitter_misc":{"Dur\u00e9e de lecture estim\u00e9e":"1 minute"},"schema":{"@context":"https:\/\/schema.org","@graph":[{"@type":"WebPage","@id":"https:\/\/wphfund.org\/fr\/autres-mecanismes-de-financement-des-fddh\/","url":"https:\/\/wphfund.org\/fr\/autres-mecanismes-de-financement-des-fddh\/","name":"Autres m\u00e9canismes de financement des FDDH - Women\u2019s Peace and Humanitarian Fund","isPartOf":{"@id":"https:\/\/wphfund.org\/#website"},"datePublished":"2023-09-13T21:49:32+00:00","dateModified":"2023-09-13T21:51:50+00:00","breadcrumb":{"@id":"https:\/\/wphfund.org\/fr\/autres-mecanismes-de-financement-des-fddh\/#breadcrumb"},"inLanguage":"fr-FR","potentialAction":[{"@type":"ReadAction","target":["https:\/\/wphfund.org\/fr\/autres-mecanismes-de-financement-des-fddh\/"]}]},{"@type":"BreadcrumbList","@id":"https:\/\/wphfund.org\/fr\/autres-mecanismes-de-financement-des-fddh\/#breadcrumb","itemListElement":[{"@type":"ListItem","position":1,"name":"Home","item":"https:\/\/wphfund.org\/"},{"@type":"ListItem","position":2,"name":"Autres m\u00e9canismes de financement des FDDH"}]},{"@type":"WebSite","@id":"https:\/\/wphfund.org\/#website","url":"https:\/\/wphfund.org\/","name":"Women\u2019s Peace and Humanitarian Fund","description":"Support women. Prevent conflict. Build peace.","potentialAction":[{"@type":"SearchAction","target":{"@type":"EntryPoint","urlTemplate":"https:\/\/wphfund.org\/?s={search_term_string}"},"query-input":{"@type":"PropertyValueSpecification","valueRequired":true,"valueName":"search_term_string"}}],"inLanguage":"fr-FR"}]}},"_links":{"self":[{"href":"https:\/\/wphfund.org\/fr\/wp-json\/wp\/v2\/pages\/19515","targetHints":{"allow":["GET"]}}],"collection":[{"href":"https:\/\/wphfund.org\/fr\/wp-json\/wp\/v2\/pages"}],"about":[{"href":"https:\/\/wphfund.org\/fr\/wp-json\/wp\/v2\/types\/page"}],"author":[{"embeddable":true,"href":"https:\/\/wphfund.org\/fr\/wp-json\/wp\/v2\/users\/9"}],"replies":[{"embeddable":true,"href":"https:\/\/wphfund.org\/fr\/wp-json\/wp\/v2\/comments?post=19515"}],"version-history":[{"count":0,"href":"https:\/\/wphfund.org\/fr\/wp-json\/wp\/v2\/pages\/19515\/revisions"}],"wp:attachment":[{"href":"https:\/\/wphfund.org\/fr\/wp-json\/wp\/v2\/media?parent=19515"}],"curies":[{"name":"wp","href":"https:\/\/api.w.org\/{rel}","templated":true}]}}