{"id":26173,"date":"2024-10-16T16:49:40","date_gmt":"2024-10-16T16:49:40","guid":{"rendered":"https:\/\/wphfund.org\/?page_id=26173"},"modified":"2024-10-16T16:49:40","modified_gmt":"2024-10-16T16:49:40","slug":"definiciones-de-proceso-de-paz-via-1-y-via-2-y-implementacion-de-un-acuerdo-de-paz","status":"publish","type":"page","link":"https:\/\/wphfund.org\/es\/definiciones-de-proceso-de-paz-via-1-y-via-2-y-implementacion-de-un-acuerdo-de-paz\/","title":{"rendered":"Definiciones de \u00abproceso de paz\u00bb, \u00abv\u00eda 1\u00bb y \u00abv\u00eda 2\u00bb, y \u00abimplementaci\u00f3n de un acuerdo de paz\u00bb"},"content":{"rendered":"<p><span data-contrast=\"none\">El <a href=\"https:\/\/wphfund.org\/es\/rrw\/\">Mecanismo de Respuesta R\u00e1pida<\/a> (RRW, por sus siglas en ingl\u00e9s) del <a href=\"http:\/\/wphfund.org\">Fondo de las Naciones Unidas para la Mujer, la Paz y la Acci\u00f3n Humanitaria<\/a> (WPHF, por sus siglas en ingl\u00e9s) apoya proyectos dedicados a aumentar la influencia significativa de las mujeres en los procesos de paz.\u00a0<\/span><span data-ccp-props=\"{&quot;201341983&quot;:0,&quot;335551550&quot;:6,&quot;335551620&quot;:6,&quot;335557856&quot;:16777215,&quot;335559685&quot;:375,&quot;335559738&quot;:240,&quot;335559739&quot;:240,&quot;335559740&quot;:240}\">\u00a0<\/span><\/p>\n<ul>\n<li data-leveltext=\"\uf0b7\" data-font=\"Symbol\" data-listid=\"14\" data-list-defn-props=\"{&quot;335552541&quot;:1,&quot;335559685&quot;:1095,&quot;335559991&quot;:360,&quot;469769226&quot;:&quot;Symbol&quot;,&quot;469769242&quot;:[8226],&quot;469777803&quot;:&quot;left&quot;,&quot;469777804&quot;:&quot;\uf0b7&quot;,&quot;469777815&quot;:&quot;hybridMultilevel&quot;}\" aria-setsize=\"-1\" data-aria-posinset=\"1\" data-aria-level=\"1\"><span data-contrast=\"none\">Un <\/span><b><span data-contrast=\"none\">proceso de paz<\/span><\/b><span data-contrast=\"none\"> es un proceso pol\u00edtico para resolver un conflicto violento por medios pac\u00edficos en el que normalmente confluyen pol\u00edtica, diplomacia, negociaciones, defensa, mediaci\u00f3n y di\u00e1logo en diferentes \u00e1mbitos.\u00a0\u00a0<\/span><span data-ccp-props=\"{&quot;201341983&quot;:0,&quot;335551550&quot;:6,&quot;335551620&quot;:6,&quot;335557856&quot;:16777215,&quot;335559738&quot;:240,&quot;335559739&quot;:240,&quot;335559740&quot;:240}\">\u00a0<\/span><\/li>\n<\/ul>\n<p><span data-contrast=\"none\">El Mecanismo de Respuesta R\u00e1pida del WPHF apoya la participaci\u00f3n de las mujeres en negociaciones de la v\u00eda 1 y v\u00eda 2 y en la implementaci\u00f3n de los acuerdos de paz:\u00a0<\/span><span data-ccp-props=\"{&quot;201341983&quot;:0,&quot;335551550&quot;:6,&quot;335551620&quot;:6,&quot;335557856&quot;:16777215,&quot;335559685&quot;:375,&quot;335559738&quot;:240,&quot;335559739&quot;:240,&quot;335559740&quot;:240}\">\u00a0<\/span><\/p>\n<ul>\n<li data-leveltext=\"\uf0b7\" data-font=\"Symbol\" data-listid=\"9\" data-list-defn-props=\"{&quot;335552541&quot;:1,&quot;335559685&quot;:720,&quot;335559991&quot;:360,&quot;469769226&quot;:&quot;Symbol&quot;,&quot;469769242&quot;:[8226],&quot;469777803&quot;:&quot;left&quot;,&quot;469777804&quot;:&quot;\uf0b7&quot;,&quot;469777815&quot;:&quot;multilevel&quot;}\" aria-setsize=\"-1\" data-aria-posinset=\"1\" data-aria-level=\"1\"><b><span data-contrast=\"none\">V\u00eda 1<\/span><\/b><span data-contrast=\"none\">: son negociaciones de alto nivel en el que participan l\u00edderes de pa\u00edses o gobiernos nacionales que suelen estar dirigidas por la ONU u otras organizaciones regionales multilaterales mediante un comit\u00e9 o enviado especial. Por ejemplo: alto al fuego, di\u00e1logos nacionales, negociaciones de tratados de paz, transici\u00f3n pol\u00edtica, redacci\u00f3n de constituciones o mediaciones internacionales.<\/span><span data-ccp-props=\"{&quot;201341983&quot;:0,&quot;335551550&quot;:6,&quot;335551620&quot;:6,&quot;335557856&quot;:16777215,&quot;335559685&quot;:1095,&quot;335559739&quot;:0,&quot;335559740&quot;:240}\">\u00a0<\/span><\/li>\n<\/ul>\n<ul>\n<li data-leveltext=\"\uf0b7\" data-font=\"Symbol\" data-listid=\"9\" data-list-defn-props=\"{&quot;335552541&quot;:1,&quot;335559685&quot;:720,&quot;335559991&quot;:360,&quot;469769226&quot;:&quot;Symbol&quot;,&quot;469769242&quot;:[8226],&quot;469777803&quot;:&quot;left&quot;,&quot;469777804&quot;:&quot;\uf0b7&quot;,&quot;469777815&quot;:&quot;multilevel&quot;}\" aria-setsize=\"-1\" data-aria-posinset=\"2\" data-aria-level=\"1\"><b><span data-contrast=\"none\">V\u00eda 2<\/span><\/b><span data-contrast=\"none\">: suelen desarrollarse en paralelo a un proceso de paz de v\u00eda 1 en curso o con la finalidad de lograrlo. Los procesos de v\u00eda 2 influyen en los procesos de v\u00eda 1 o crean conciencia con el fin de fomentar la participaci\u00f3n de la comunidad. Pueden ser conferencias, talleres o foros en los que participen promotoras de la paz, representantes de la sociedad civil, l\u00edderes de la comunidad u otras personas expertas y mediadoras.<\/span><span data-ccp-props=\"{&quot;201341983&quot;:0,&quot;335551550&quot;:6,&quot;335551620&quot;:6,&quot;335557856&quot;:16777215,&quot;335559685&quot;:1095,&quot;335559739&quot;:0,&quot;335559740&quot;:240}\">\u00a0<\/span><\/li>\n<\/ul>\n<ul>\n<li data-leveltext=\"\uf0b7\" data-font=\"Symbol\" data-listid=\"9\" data-list-defn-props=\"{&quot;335552541&quot;:1,&quot;335559685&quot;:720,&quot;335559991&quot;:360,&quot;469769226&quot;:&quot;Symbol&quot;,&quot;469769242&quot;:[8226],&quot;469777803&quot;:&quot;left&quot;,&quot;469777804&quot;:&quot;\uf0b7&quot;,&quot;469777815&quot;:&quot;multilevel&quot;}\" aria-setsize=\"-1\" data-aria-posinset=\"3\" data-aria-level=\"1\"><b><span data-contrast=\"none\">Implementaci\u00f3n de un acuerdo de paz<\/span><\/b><span data-contrast=\"none\">: se da cuando se ha alcanzado y firmado un acuerdo a nivel internacional, nacional o subnacional (por ejemplo, un acuerdo pol\u00edtico, un alto al fuego, etc.). Las promotoras de la paz y la sociedad civil trabajan para que las personas responsables de la toma de decisiones rindan cuentas sobre los compromisos adquiridos mediante, por ejemplo, mecanismos o comit\u00e9s de seguimiento, procesos parlamentarios, comisiones de la verdad y la reconciliaci\u00f3n o la presentaci\u00f3n de informes e informes paralelos.\u00a0<\/span><span data-ccp-props=\"{&quot;201341983&quot;:0,&quot;335551550&quot;:6,&quot;335551620&quot;:6,&quot;335557856&quot;:16777215,&quot;335559685&quot;:1095,&quot;335559739&quot;:0,&quot;335559740&quot;:240}\">\u00a0<\/span><\/li>\n<\/ul>\n","protected":false},"excerpt":{"rendered":"<p>El Mecanismo de Respuesta R\u00e1pida (RRW, por sus siglas en ingl\u00e9s) del Fondo de las Naciones Unidas para la Mujer, la Paz y la Acci\u00f3n Humanitaria (WPHF, por sus siglas&#8230;<\/p>\n","protected":false},"author":9,"featured_media":0,"parent":0,"menu_order":0,"comment_status":"closed","ping_status":"closed","template":"","meta":{"_acf_changed":false,"footnotes":""},"class_list":["post-26173","page","type-page","status-publish","hentry"],"acf":[],"yoast_head":"<!-- This site is optimized with the Yoast SEO plugin v26.4 - https:\/\/yoast.com\/wordpress\/plugins\/seo\/ -->\n<title>Definiciones de &quot;proceso de paz&quot;, &quot;v\u00eda 1&quot; y &quot;v\u00eda 2&quot;, y &quot;implementaci\u00f3n de un acuerdo de paz&quot; - Women\u2019s Peace and Humanitarian Fund<\/title>\n<meta name=\"robots\" content=\"index, follow, max-snippet:-1, max-image-preview:large, max-video-preview:-1\" \/>\n<link rel=\"canonical\" href=\"https:\/\/wphfund.org\/es\/definiciones-de-proceso-de-paz-via-1-y-via-2-y-implementacion-de-un-acuerdo-de-paz\/\" \/>\n<meta property=\"og:locale\" content=\"es_ES\" \/>\n<meta property=\"og:type\" content=\"article\" \/>\n<meta property=\"og:title\" content=\"Definiciones de &quot;proceso de paz&quot;, &quot;v\u00eda 1&quot; y &quot;v\u00eda 2&quot;, y &quot;implementaci\u00f3n de un acuerdo de paz&quot; - Women\u2019s Peace and Humanitarian Fund\" \/>\n<meta property=\"og:description\" content=\"El Mecanismo de Respuesta R\u00e1pida (RRW, por sus siglas en ingl\u00e9s) del Fondo de las Naciones Unidas para la Mujer, la Paz y la Acci\u00f3n Humanitaria (WPHF, por sus siglas...\" \/>\n<meta property=\"og:url\" content=\"https:\/\/wphfund.org\/es\/definiciones-de-proceso-de-paz-via-1-y-via-2-y-implementacion-de-un-acuerdo-de-paz\/\" \/>\n<meta property=\"og:site_name\" content=\"Women\u2019s Peace and Humanitarian Fund\" \/>\n<meta name=\"twitter:card\" content=\"summary_large_image\" \/>\n<meta name=\"twitter:label1\" content=\"Tiempo de lectura\" \/>\n\t<meta name=\"twitter:data1\" content=\"2 minutos\" \/>\n<script type=\"application\/ld+json\" class=\"yoast-schema-graph\">{\"@context\":\"https:\/\/schema.org\",\"@graph\":[{\"@type\":\"WebPage\",\"@id\":\"https:\/\/wphfund.org\/es\/definiciones-de-proceso-de-paz-via-1-y-via-2-y-implementacion-de-un-acuerdo-de-paz\/\",\"url\":\"https:\/\/wphfund.org\/es\/definiciones-de-proceso-de-paz-via-1-y-via-2-y-implementacion-de-un-acuerdo-de-paz\/\",\"name\":\"Definiciones de \\\"proceso de paz\\\", \\\"v\u00eda 1\\\" y \\\"v\u00eda 2\\\", y \\\"implementaci\u00f3n de un acuerdo de paz\\\" - Women\u2019s Peace and Humanitarian Fund\",\"isPartOf\":{\"@id\":\"https:\/\/wphfund.org\/#website\"},\"datePublished\":\"2024-10-16T16:49:40+00:00\",\"inLanguage\":\"es\",\"potentialAction\":[{\"@type\":\"ReadAction\",\"target\":[\"https:\/\/wphfund.org\/es\/definiciones-de-proceso-de-paz-via-1-y-via-2-y-implementacion-de-un-acuerdo-de-paz\/\"]}]},{\"@type\":\"WebSite\",\"@id\":\"https:\/\/wphfund.org\/#website\",\"url\":\"https:\/\/wphfund.org\/\",\"name\":\"Women\u2019s Peace and Humanitarian Fund\",\"description\":\"Support women. Prevent conflict. Build peace.\",\"potentialAction\":[{\"@type\":\"SearchAction\",\"target\":{\"@type\":\"EntryPoint\",\"urlTemplate\":\"https:\/\/wphfund.org\/?s={search_term_string}\"},\"query-input\":{\"@type\":\"PropertyValueSpecification\",\"valueRequired\":true,\"valueName\":\"search_term_string\"}}],\"inLanguage\":\"es\"}]}<\/script>\n<!-- \/ Yoast SEO plugin. -->","yoast_head_json":{"title":"Definiciones de \"proceso de paz\", \"v\u00eda 1\" y \"v\u00eda 2\", y \"implementaci\u00f3n de un acuerdo de paz\" - Women\u2019s Peace and Humanitarian Fund","robots":{"index":"index","follow":"follow","max-snippet":"max-snippet:-1","max-image-preview":"max-image-preview:large","max-video-preview":"max-video-preview:-1"},"canonical":"https:\/\/wphfund.org\/es\/definiciones-de-proceso-de-paz-via-1-y-via-2-y-implementacion-de-un-acuerdo-de-paz\/","og_locale":"es_ES","og_type":"article","og_title":"Definiciones de \"proceso de paz\", \"v\u00eda 1\" y \"v\u00eda 2\", y \"implementaci\u00f3n de un acuerdo de paz\" - Women\u2019s Peace and Humanitarian Fund","og_description":"El Mecanismo de Respuesta R\u00e1pida (RRW, por sus siglas en ingl\u00e9s) del Fondo de las Naciones Unidas para la Mujer, la Paz y la Acci\u00f3n Humanitaria (WPHF, por sus siglas...","og_url":"https:\/\/wphfund.org\/es\/definiciones-de-proceso-de-paz-via-1-y-via-2-y-implementacion-de-un-acuerdo-de-paz\/","og_site_name":"Women\u2019s Peace and Humanitarian Fund","twitter_card":"summary_large_image","twitter_misc":{"Tiempo de lectura":"2 minutos"},"schema":{"@context":"https:\/\/schema.org","@graph":[{"@type":"WebPage","@id":"https:\/\/wphfund.org\/es\/definiciones-de-proceso-de-paz-via-1-y-via-2-y-implementacion-de-un-acuerdo-de-paz\/","url":"https:\/\/wphfund.org\/es\/definiciones-de-proceso-de-paz-via-1-y-via-2-y-implementacion-de-un-acuerdo-de-paz\/","name":"Definiciones de \"proceso de paz\", \"v\u00eda 1\" y \"v\u00eda 2\", y \"implementaci\u00f3n de un acuerdo de paz\" - Women\u2019s Peace and Humanitarian Fund","isPartOf":{"@id":"https:\/\/wphfund.org\/#website"},"datePublished":"2024-10-16T16:49:40+00:00","inLanguage":"es","potentialAction":[{"@type":"ReadAction","target":["https:\/\/wphfund.org\/es\/definiciones-de-proceso-de-paz-via-1-y-via-2-y-implementacion-de-un-acuerdo-de-paz\/"]}]},{"@type":"WebSite","@id":"https:\/\/wphfund.org\/#website","url":"https:\/\/wphfund.org\/","name":"Women\u2019s Peace and Humanitarian Fund","description":"Support women. Prevent conflict. Build peace.","potentialAction":[{"@type":"SearchAction","target":{"@type":"EntryPoint","urlTemplate":"https:\/\/wphfund.org\/?s={search_term_string}"},"query-input":{"@type":"PropertyValueSpecification","valueRequired":true,"valueName":"search_term_string"}}],"inLanguage":"es"}]}},"_links":{"self":[{"href":"https:\/\/wphfund.org\/es\/wp-json\/wp\/v2\/pages\/26173","targetHints":{"allow":["GET"]}}],"collection":[{"href":"https:\/\/wphfund.org\/es\/wp-json\/wp\/v2\/pages"}],"about":[{"href":"https:\/\/wphfund.org\/es\/wp-json\/wp\/v2\/types\/page"}],"author":[{"embeddable":true,"href":"https:\/\/wphfund.org\/es\/wp-json\/wp\/v2\/users\/9"}],"replies":[{"embeddable":true,"href":"https:\/\/wphfund.org\/es\/wp-json\/wp\/v2\/comments?post=26173"}],"version-history":[{"count":0,"href":"https:\/\/wphfund.org\/es\/wp-json\/wp\/v2\/pages\/26173\/revisions"}],"wp:attachment":[{"href":"https:\/\/wphfund.org\/es\/wp-json\/wp\/v2\/media?parent=26173"}],"curies":[{"name":"wp","href":"https:\/\/api.w.org\/{rel}","templated":true}]}}