{"id":26170,"date":"2024-10-16T16:22:31","date_gmt":"2024-10-16T16:22:31","guid":{"rendered":"https:\/\/wphfund.org\/?page_id=26170"},"modified":"2024-10-16T16:22:31","modified_gmt":"2024-10-16T16:22:31","slug":"preguntas-frecuentes-faq","status":"publish","type":"page","link":"https:\/\/wphfund.org\/es\/preguntas-frecuentes-faq\/","title":{"rendered":"Preguntas frecuentes (FAQ)"},"content":{"rendered":"<p><b><span data-contrast=\"none\">\u00bfCumple mi pa\u00eds los requisitos para solicitar el <a href=\"https:\/\/wphfund.org\/es\/rrw\/\">Mecanismo de Respuesta R\u00e1pida (RRW)<\/a> del <a href=\"http:\/\/wphfund.org\">Fondo de las Naciones Unidas para la Mujer, la Paz y la Acci\u00f3n Humanitaria<\/a> (WPHF)?\u00a0<\/span><\/b><span data-ccp-props=\"{&quot;335551550&quot;:6,&quot;335551620&quot;:6,&quot;335559739&quot;:0}\">\u00a0<\/span><\/p>\n<p><span data-contrast=\"auto\">Todos los <\/span><a href=\"https:\/\/www.oecd.org\/dac\/financing-sustainable-development\/development-finance-standards\/daclist.htm\" target=\"_blank\" rel=\"noopener\"><span data-contrast=\"none\">pa\u00edses que cumplan los requisitos de la AOD<\/span><\/a> <span data-contrast=\"auto\">con un proceso de paz de V\u00eda 1 o V\u00eda 2 o con la implementaci\u00f3n de un acuerdo de paz en curso pueden solicitar apoyo del RRW. Se debe elaborar con claridad la cronolog\u00eda de la iniciativa a partir de los puntos de partida identificados para influir en el proceso o acuerdo de paz.\u00a0\u00a0<\/span><span data-ccp-props=\"{&quot;335551550&quot;:6,&quot;335551620&quot;:6,&quot;335559739&quot;:0}\">\u00a0<\/span><\/p>\n<p><b><span data-contrast=\"none\">\u00bfCu\u00e1l es el plazo para presentar la solicitud?\u00a0<\/span><\/b><span data-ccp-props=\"{&quot;335559739&quot;:0}\">\u00a0<\/span><\/p>\n<p><span data-contrast=\"auto\">No hay un plazo l\u00edmite establecido para presentar la solicitud del Mecanismo de Respuesta R\u00e1pida, ya que este depende de la demanda y acepta solicitudes de forma ininterrumpida.\u00a0<\/span><span data-ccp-props=\"{&quot;335559739&quot;:0}\">\u00a0<\/span><\/p>\n<p><b><span data-contrast=\"none\">\u00bfPodemos presentar nuestra candidatura como grupo de reflexi\u00f3n, universidad u organizaci\u00f3n internacional?\u00a0<\/span><\/b><span data-ccp-props=\"{&quot;335551550&quot;:6,&quot;335551620&quot;:6,&quot;335559739&quot;:0}\">\u00a0<\/span><\/p>\n<p><span data-contrast=\"auto\"><strong>NO.<\/strong> las universidades, los grupos de reflexi\u00f3n y las organizaciones internacionales no pueden solicitar apoyo del Mecanismo de Respuesta R\u00e1pida. No obstante, pueden presentar su solicitud como un consorcio con una organizaci\u00f3n de defensa de los derechos de la mujer que sea la entidad principal y que cumpla los criterios de admisibilidad. Para conocer m\u00e1s informaci\u00f3n sobre los criterios de elegibilidad, <\/span><a href=\"https:\/\/wphfund.org\/es\/rrw\/\">pulse aqu\u00ed<\/a>.<span data-ccp-props=\"{&quot;335551550&quot;:6,&quot;335551620&quot;:6,&quot;335559739&quot;:0}\">\u00a0<\/span><\/p>\n<p><b><span data-contrast=\"none\">\u00bfNecesitamos estar registrados legalmente como organizaci\u00f3n para presentar una solicitud?<\/span><\/b><span data-ccp-props=\"{&quot;201341983&quot;:0,&quot;335559739&quot;:0,&quot;335559740&quot;:240}\">\u00a0<\/span><\/p>\n<ul>\n<li><b><span data-contrast=\"none\">S\u00cd, si va a solicitar las subvenciones a corto plazo.<\/span><\/b><span data-contrast=\"auto\"> La organizaci\u00f3n solicitante principal debe tener condici\u00f3n jur\u00eddica y presentar una prueba de su registro legal junto con el expediente de solicitud. En casos excepcionales, se puede admitir un registro legal en otro pa\u00eds si el proceso de registro en el pa\u00eds de intervenci\u00f3n se ve dificultado por conflictos. Los estatutos constitutivos no son pruebas de condici\u00f3n jur\u00eddica y las organizaciones que tienen un alcance internacional no cumplen los criterios de elegibilidad.\u00a0\u00a0<\/span><span data-ccp-props=\"{&quot;201341983&quot;:0,&quot;335551550&quot;:6,&quot;335551620&quot;:6,&quot;335559739&quot;:0,&quot;335559740&quot;:240}\">\u00a0<\/span><\/li>\n<\/ul>\n<ul>\n<li><b><span data-contrast=\"none\">NO, si va a solicitar apoyo directo o si es uno de los socios de la implementaci\u00f3n o del consorcio<\/span><\/b><span data-contrast=\"auto\">, si procede. No es necesario que los socios de la implementaci\u00f3n presenten un registro jur\u00eddico. Tenga en cuenta que pueden enviar la solicitud mujeres de distintos pa\u00edses de la AOD.\u00a0\u00a0<\/span><span data-ccp-props=\"{&quot;201341983&quot;:0,&quot;335551550&quot;:6,&quot;335551620&quot;:6,&quot;335559739&quot;:0,&quot;335559740&quot;:240}\">\u00a0<\/span><\/li>\n<\/ul>\n<p><b><span data-contrast=\"none\">\u00bfPuedo solicitar ambas modalidades?<\/span><\/b><span data-ccp-props=\"{&quot;335559739&quot;:0}\">\u00a0<\/span><\/p>\n<p><b><span data-contrast=\"none\">S\u00cd.<\/span><\/b><span data-contrast=\"auto\"> Una organizaci\u00f3n local puede solicitar ambas modalidades (apoyo directo y subvenci\u00f3n a corto plazo) al mismo tiempo o de manera consecutiva. En caso de solicitar ambas, deber\u00e1 presentar un formulario de solicitud distinto con su plantilla correspondiente. Cada solicitud se evaluar\u00e1 por separado, por lo que la aprobaci\u00f3n de una no garantiza la aprobaci\u00f3n de la otra. Tenga en cuenta que, para poder optar a ambas modalidades, deber\u00e1 presentar un registro jur\u00eddico.<\/span><span data-ccp-props=\"{&quot;335559739&quot;:0}\">\u00a0<\/span><\/p>\n<p><b><span data-contrast=\"none\">\u00bfCu\u00e1ntas veces puedo enviar una solicitud?<\/span><\/b><span data-ccp-props=\"{&quot;335559739&quot;:0}\">\u00a0<\/span><\/p>\n<p><span data-contrast=\"auto\">Las personas socias del Mecanismo de Respuesta R\u00e1pida solo pueden recibir una subvenci\u00f3n a corto plazo <\/span><b><span data-contrast=\"auto\">una vez<\/span><\/b><span data-contrast=\"auto\"> como organizaci\u00f3n principal. Sin embargo, pueden ser miembros de un consorcio en otro proyecto siempre que no figuren como organizaci\u00f3n principal. No es posible recibir una subvenci\u00f3n a corto plazo dos veces como organizaci\u00f3n principal. En el caso de la modalidad de apoyo directo, una socia puede beneficiarse <\/span><b><span data-contrast=\"auto\">hasta dos veces<\/span><\/b><span data-contrast=\"auto\"> en un plazo de 12\u202fmeses. Tenga en cuenta que cada solicitud se evaluar\u00e1 por separado.<\/span><span data-ccp-props=\"{}\">\u00a0<\/span><\/p>\n<p><b><span data-contrast=\"none\">\u00bfPodemos presentar una propuesta centrada en el desarrollo de capacidades, la concienciaci\u00f3n o la implementaci\u00f3n de un Plan de Acci\u00f3n Nacional (PAN), de acuerdo con la resoluci\u00f3n 1325 del Consejo de Seguridad de las Naciones Unidas (CSNU)?\u00a0<\/span><\/b><span data-ccp-props=\"{&quot;335551550&quot;:6,&quot;335551620&quot;:6,&quot;335559739&quot;:0}\">\u00a0<\/span><\/p>\n<p><span data-contrast=\"auto\"><strong>NO.<\/strong> La ejecuci\u00f3n de actividades del Plan de Acci\u00f3n Nacional y los proyectos que solo se dedican a actividades locales y comunitarias no cumplen con los criterios de elegibilidad del Mecanismo de Respuesta R\u00e1pida. Sin embargo, una iniciativa puede incluir uno o dos objetivos que aborden el desarrollo de capacidades, la concienciaci\u00f3n o las actividades relacionadas con el PAN, siempre que haya otros objetivos en la iniciativa que se centren en la inclusi\u00f3n de las mujeres en los procesos de paz de V\u00eda 1 o V\u00eda 2 o en la implementaci\u00f3n de un acuerdo de paz espec\u00edfico.\u00a0\u00a0 <\/span><span data-ccp-props=\"{&quot;335551550&quot;:6,&quot;335551620&quot;:6,&quot;335559739&quot;:0}\">\u00a0<\/span><\/p>\n<p><b><span data-contrast=\"none\">\u00bfSe puede solicitar una ampliaci\u00f3n para un proyecto?\u00a0<\/span><\/b><span data-ccp-props=\"{&quot;335559739&quot;:0}\">\u00a0<\/span><\/p>\n<p><span data-contrast=\"auto\">De manera excepcional, los proyectos financiados con una subvenci\u00f3n a corto plazo que muestren un alto impacto o resultados catalizadores e identifiquen una oportunidad para sacar el m\u00e1ximo rendimiento a esos resultados pueden solicitar una ampliaci\u00f3n de hasta 50.000\u202fUSD para tres meses adicionales. La aprobaci\u00f3n de estas solicitudes depende de cada caso concreto.\u00a0<\/span><span data-ccp-props=\"{&quot;335551550&quot;:6,&quot;335551620&quot;:6,&quot;335559739&quot;:0}\">\u00a0<\/span><\/p>\n<p><span data-contrast=\"auto\">Las partes beneficiarias de la modalidad de apoyo directo no pueden solicitar una ampliaci\u00f3n de los gastos.\u00a0<\/span><span data-ccp-props=\"{&quot;335551550&quot;:6,&quot;335551620&quot;:6,&quot;335559739&quot;:0}\">\u00a0<\/span><\/p>\n<p><span data-contrast=\"auto\">Se podr\u00e1 conceder una ampliaci\u00f3n de tres\u202fmeses a las partes beneficiarias de subvenciones a corto plazo y de apoyo directo si se dieran circunstancias imprevistas que afectaran a la ejecuci\u00f3n del proyecto.\u00a0<\/span><span data-ccp-props=\"{&quot;335551550&quot;:6,&quot;335551620&quot;:6,&quot;335559739&quot;:0}\">\u00a0<\/span><\/p>\n<p><b><span data-contrast=\"none\">\u00bfPodemos solicitar financiaci\u00f3n para una iniciativa o proyecto en curso o existente?\u00a0<\/span><\/b><span data-ccp-props=\"{&quot;335551550&quot;:6,&quot;335551620&quot;:6,&quot;335559739&quot;:0}\">\u00a0<\/span><\/p>\n<p><b><span data-contrast=\"none\">S\u00cd.<\/span><\/b> <span data-contrast=\"auto\">El Mecanismo de Respuesta R\u00e1pida acepta propuestas para proyectos en curso financiados por otros donantes. No obstante, el valor a\u00f1adido espec\u00edfico de la contribuci\u00f3n debe estar claramente definido y vinculado a los objetivos del RRW.<\/span><span data-ccp-props=\"{&quot;201341983&quot;:0,&quot;335551550&quot;:6,&quot;335551620&quot;:6,&quot;335559739&quot;:0,&quot;335559740&quot;:240}\">\u00a0<\/span><\/p>\n<p><b><span data-contrast=\"none\">\u00bfTiene mi organizaci\u00f3n que contribuir al presupuesto del proyecto?\u00a0<\/span><\/b><\/p>\n<p><span style=\"font-size: 1em;\">Las OSC no tienen la obligaci\u00f3n de contribuir al presupuesto.<\/span><\/p>\n<h3>\u00bfTiene alguna otra pregunta?<\/h3>\n<p><span data-contrast=\"auto\">P\u00f3ngase en contacto con nosotros en <\/span><a href=\"mailto:WPHF-RRW@unwomen.org\" target=\"_blank\" rel=\"noopener\"><span data-contrast=\"none\">WPHF-RRW@unwomen.org<\/span><\/a>.<span data-contrast=\"auto\">\u00a0<\/span><span data-ccp-props=\"{}\">\u00a0<\/span><\/p>\n","protected":false},"excerpt":{"rendered":"<p>\u00bfCumple mi pa\u00eds los requisitos para solicitar el Mecanismo de Respuesta R\u00e1pida (RRW) del Fondo de las Naciones Unidas para la Mujer, la Paz y la Acci\u00f3n Humanitaria (WPHF)?\u00a0\u00a0 Todos&#8230;<\/p>\n","protected":false},"author":9,"featured_media":0,"parent":0,"menu_order":0,"comment_status":"closed","ping_status":"closed","template":"","meta":{"_acf_changed":false,"footnotes":""},"class_list":["post-26170","page","type-page","status-publish","hentry"],"acf":[],"yoast_head":"<!-- This site is optimized with the Yoast SEO plugin v26.4 - https:\/\/yoast.com\/wordpress\/plugins\/seo\/ -->\n<title>Preguntas frecuentes (FAQ) - Women\u2019s Peace and Humanitarian Fund<\/title>\n<meta name=\"robots\" content=\"index, follow, max-snippet:-1, max-image-preview:large, max-video-preview:-1\" \/>\n<link rel=\"canonical\" href=\"https:\/\/wphfund.org\/es\/preguntas-frecuentes-faq\/\" \/>\n<meta property=\"og:locale\" content=\"es_ES\" \/>\n<meta property=\"og:type\" content=\"article\" \/>\n<meta property=\"og:title\" content=\"Preguntas frecuentes (FAQ) - Women\u2019s Peace and Humanitarian Fund\" \/>\n<meta property=\"og:description\" content=\"\u00bfCumple mi pa\u00eds los requisitos para solicitar el Mecanismo de Respuesta R\u00e1pida (RRW) del Fondo de las Naciones Unidas para la Mujer, la Paz y la Acci\u00f3n Humanitaria (WPHF)?\u00a0\u00a0 Todos...\" \/>\n<meta property=\"og:url\" content=\"https:\/\/wphfund.org\/es\/preguntas-frecuentes-faq\/\" \/>\n<meta property=\"og:site_name\" content=\"Women\u2019s Peace and Humanitarian Fund\" \/>\n<meta name=\"twitter:card\" content=\"summary_large_image\" \/>\n<meta name=\"twitter:label1\" content=\"Tiempo de lectura\" \/>\n\t<meta name=\"twitter:data1\" content=\"4 minutos\" \/>\n<script type=\"application\/ld+json\" class=\"yoast-schema-graph\">{\"@context\":\"https:\/\/schema.org\",\"@graph\":[{\"@type\":\"WebPage\",\"@id\":\"https:\/\/wphfund.org\/es\/preguntas-frecuentes-faq\/\",\"url\":\"https:\/\/wphfund.org\/es\/preguntas-frecuentes-faq\/\",\"name\":\"Preguntas frecuentes (FAQ) - Women\u2019s Peace and Humanitarian Fund\",\"isPartOf\":{\"@id\":\"https:\/\/wphfund.org\/#website\"},\"datePublished\":\"2024-10-16T16:22:31+00:00\",\"inLanguage\":\"es\",\"potentialAction\":[{\"@type\":\"ReadAction\",\"target\":[\"https:\/\/wphfund.org\/es\/preguntas-frecuentes-faq\/\"]}]},{\"@type\":\"WebSite\",\"@id\":\"https:\/\/wphfund.org\/#website\",\"url\":\"https:\/\/wphfund.org\/\",\"name\":\"Women\u2019s Peace and Humanitarian Fund\",\"description\":\"Support women. Prevent conflict. Build peace.\",\"potentialAction\":[{\"@type\":\"SearchAction\",\"target\":{\"@type\":\"EntryPoint\",\"urlTemplate\":\"https:\/\/wphfund.org\/?s={search_term_string}\"},\"query-input\":{\"@type\":\"PropertyValueSpecification\",\"valueRequired\":true,\"valueName\":\"search_term_string\"}}],\"inLanguage\":\"es\"}]}<\/script>\n<!-- \/ Yoast SEO plugin. -->","yoast_head_json":{"title":"Preguntas frecuentes (FAQ) - Women\u2019s Peace and Humanitarian Fund","robots":{"index":"index","follow":"follow","max-snippet":"max-snippet:-1","max-image-preview":"max-image-preview:large","max-video-preview":"max-video-preview:-1"},"canonical":"https:\/\/wphfund.org\/es\/preguntas-frecuentes-faq\/","og_locale":"es_ES","og_type":"article","og_title":"Preguntas frecuentes (FAQ) - Women\u2019s Peace and Humanitarian Fund","og_description":"\u00bfCumple mi pa\u00eds los requisitos para solicitar el Mecanismo de Respuesta R\u00e1pida (RRW) del Fondo de las Naciones Unidas para la Mujer, la Paz y la Acci\u00f3n Humanitaria (WPHF)?\u00a0\u00a0 Todos...","og_url":"https:\/\/wphfund.org\/es\/preguntas-frecuentes-faq\/","og_site_name":"Women\u2019s Peace and Humanitarian Fund","twitter_card":"summary_large_image","twitter_misc":{"Tiempo de lectura":"4 minutos"},"schema":{"@context":"https:\/\/schema.org","@graph":[{"@type":"WebPage","@id":"https:\/\/wphfund.org\/es\/preguntas-frecuentes-faq\/","url":"https:\/\/wphfund.org\/es\/preguntas-frecuentes-faq\/","name":"Preguntas frecuentes (FAQ) - Women\u2019s Peace and Humanitarian Fund","isPartOf":{"@id":"https:\/\/wphfund.org\/#website"},"datePublished":"2024-10-16T16:22:31+00:00","inLanguage":"es","potentialAction":[{"@type":"ReadAction","target":["https:\/\/wphfund.org\/es\/preguntas-frecuentes-faq\/"]}]},{"@type":"WebSite","@id":"https:\/\/wphfund.org\/#website","url":"https:\/\/wphfund.org\/","name":"Women\u2019s Peace and Humanitarian Fund","description":"Support women. Prevent conflict. Build peace.","potentialAction":[{"@type":"SearchAction","target":{"@type":"EntryPoint","urlTemplate":"https:\/\/wphfund.org\/?s={search_term_string}"},"query-input":{"@type":"PropertyValueSpecification","valueRequired":true,"valueName":"search_term_string"}}],"inLanguage":"es"}]}},"_links":{"self":[{"href":"https:\/\/wphfund.org\/es\/wp-json\/wp\/v2\/pages\/26170","targetHints":{"allow":["GET"]}}],"collection":[{"href":"https:\/\/wphfund.org\/es\/wp-json\/wp\/v2\/pages"}],"about":[{"href":"https:\/\/wphfund.org\/es\/wp-json\/wp\/v2\/types\/page"}],"author":[{"embeddable":true,"href":"https:\/\/wphfund.org\/es\/wp-json\/wp\/v2\/users\/9"}],"replies":[{"embeddable":true,"href":"https:\/\/wphfund.org\/es\/wp-json\/wp\/v2\/comments?post=26170"}],"version-history":[{"count":0,"href":"https:\/\/wphfund.org\/es\/wp-json\/wp\/v2\/pages\/26170\/revisions"}],"wp:attachment":[{"href":"https:\/\/wphfund.org\/es\/wp-json\/wp\/v2\/media?parent=26170"}],"curies":[{"name":"wp","href":"https:\/\/api.w.org\/{rel}","templated":true}]}}