{"id":19606,"date":"2023-09-15T11:36:05","date_gmt":"2023-09-15T11:36:05","guid":{"rendered":"https:\/\/wphfund.org\/?page_id=19606"},"modified":"2023-09-15T11:36:58","modified_gmt":"2023-09-15T11:36:58","slug":"otros-mecanismos-de-financiacion-para-whrds","status":"publish","type":"page","link":"https:\/\/wphfund.org\/es\/otros-mecanismos-de-financiacion-para-whrds\/","title":{"rendered":"Otros mecanismos de financiaci\u00f3n para WHRDs"},"content":{"rendered":"<h2>El WPHF agradece el trabajo de\u00a0investigaci\u00f3n y la experiencia <a href=\"https:\/\/freedomhouse.org\/programs\/emergency-assistance-and-thematic-programs\"> de Freedom House<\/a>, que compil\u00f3 los antecedentes de esta lista de recursos.<\/h2>\n<h3><span data-contrast=\"none\">Oportunidades de derivaci\u00f3n de salud mental y bienestar<\/span><span data-ccp-props=\"{&quot;201341983&quot;:0,&quot;335551550&quot;:6,&quot;335551620&quot;:6,&quot;335559740&quot;:259}\">\u00a0<\/span><\/h3>\n<ul>\n<li data-leveltext=\"\uf0b7\" data-font=\"Symbol\" data-listid=\"15\" data-list-defn-props=\"{&quot;335552541&quot;:1,&quot;335559684&quot;:-2,&quot;335559685&quot;:360,&quot;335559991&quot;:360,&quot;469769226&quot;:&quot;Symbol&quot;,&quot;469769242&quot;:[8226],&quot;469777803&quot;:&quot;left&quot;,&quot;469777804&quot;:&quot;\uf0b7&quot;,&quot;469777815&quot;:&quot;multilevel&quot;}\" aria-setsize=\"-1\" data-aria-posinset=\"1\" data-aria-level=\"1\"><span data-contrast=\"auto\">El <\/span><strong><a href=\"https:\/\/femena.net\/yara-resource-center\/\" target=\"_blank\" rel=\"noopener\">Centro Yara<\/a><\/strong><span data-contrast=\"auto\"> es un espacio para que las defensoras de las regiones de MENA y <\/span><span data-contrast=\"auto\">Asia<\/span><span data-contrast=\"auto\"> se re\u00fanan y aprendan sobre la importancia del autocuidado, el bienestar y la seguridad hol\u00edstica. Las defensoras pueden compartir sus propias experiencias y estrategias en dicho espacio para garantizar su salud psicosocial y resiliencia y as\u00ed poder mantener su activismo a pesar de las presiones y los desaf\u00edos. Yara tambi\u00e9n brinda apoyo psicosocial a las defensoras a trav\u00e9s de capacitaciones sobre bienestar, autocuidado y seguridad hol\u00edstica para sus socios.<\/span><span data-ccp-props=\"{&quot;134233279&quot;:false,&quot;335551550&quot;:6,&quot;335551620&quot;:6,&quot;335559685&quot;:0,&quot;335559739&quot;:120,&quot;335559991&quot;:357}\">\u00a0<\/span><\/li>\n<\/ul>\n<ul>\n<li data-leveltext=\"\uf0b7\" data-font=\"Symbol\" data-listid=\"15\" data-list-defn-props=\"{&quot;335552541&quot;:1,&quot;335559684&quot;:-2,&quot;335559685&quot;:360,&quot;335559991&quot;:360,&quot;469769226&quot;:&quot;Symbol&quot;,&quot;469769242&quot;:[8226],&quot;469777803&quot;:&quot;left&quot;,&quot;469777804&quot;:&quot;\uf0b7&quot;,&quot;469777815&quot;:&quot;multilevel&quot;}\" aria-setsize=\"-1\" data-aria-posinset=\"1\" data-aria-level=\"1\"><span data-contrast=\"none\"><strong><a href=\"https:\/\/www.openbriefing.org\/blog\/new-funded-wellbeing-support-for-women-human-rights-defenders\/\" target=\"_blank\" rel=\"noopener\">Open Briefing<\/a> <\/strong>brinda apoyo en temas de bienestar a las <\/span><span data-contrast=\"auto\"> defensoras de derechos humanos de Am\u00e9rica Latina, incluyendo asesoramiento remoto <\/span><span data-contrast=\"none\">en espa\u00f1ol, un plan de acci\u00f3n relacionado con el bienestar, y referencias de apoyo y recursos entre pares. <\/span><span data-ccp-props=\"{&quot;335551550&quot;:6,&quot;335551620&quot;:6,&quot;335559685&quot;:0}\">\u00a0<\/span><\/li>\n<\/ul>\n<a style=\"margin-bottom: 1em;\" href=\"https:\/\/wphfund.org\/wp-content\/uploads\/2023\/09\/230510-WHRD-Mental-Health-and-Wellbeing-Guides-for-WHRDs-1.pdf\" class=\"attachment\" target=\"_blank\" ><img decoding=\"async\" alt=\"doc icon\" src=\"https:\/\/wphfund.org\/wp-content\/themes\/wphf\/assets\/dist\/img\/icon.doc.png\" srcset=\"https:\/\/wphfund.org\/wp-content\/themes\/wphf\/assets\/dist\/img\/icon.doc.png 1x, https:\/\/wphfund.org\/wp-content\/themes\/wphf\/assets\/dist\/img\/icon.doc@2x.png 2x, https:\/\/wphfund.org\/wp-content\/themes\/wphf\/assets\/dist\/img\/icon.doc@3x.png3x\"><span class=\"attachment-type\">Mental Health and Wellbeing Resources<\/span><span class=\"attachment-desc\">English<\/span><\/a>\n<a style=\"margin-bottom: 1em;\" href=\"https:\/\/wphfund.org\/wp-content\/uploads\/2023\/09\/230510-Phyisical-and-Digital-Security-Resources-for-WHRDs-1.pdf\" class=\"attachment\" target=\"_blank\" ><img decoding=\"async\" alt=\"doc icon\" src=\"https:\/\/wphfund.org\/wp-content\/themes\/wphf\/assets\/dist\/img\/icon.doc.png\" srcset=\"https:\/\/wphfund.org\/wp-content\/themes\/wphf\/assets\/dist\/img\/icon.doc.png 1x, https:\/\/wphfund.org\/wp-content\/themes\/wphf\/assets\/dist\/img\/icon.doc@2x.png 2x, https:\/\/wphfund.org\/wp-content\/themes\/wphf\/assets\/dist\/img\/icon.doc@3x.png3x\"><span class=\"attachment-type\">Physical and Digital Security Resources<\/span><span class=\"attachment-desc\">English<\/span><\/a>\n<a style=\"margin-bottom: 1em;\" href=\"https:\/\/wphfund.org\/wp-content\/uploads\/2023\/09\/230510-Collective-Protection-Resources-for-WHRDs-1.pdf\" class=\"attachment\" target=\"_blank\" ><img decoding=\"async\" alt=\"doc icon\" src=\"https:\/\/wphfund.org\/wp-content\/themes\/wphf\/assets\/dist\/img\/icon.doc.png\" srcset=\"https:\/\/wphfund.org\/wp-content\/themes\/wphf\/assets\/dist\/img\/icon.doc.png 1x, https:\/\/wphfund.org\/wp-content\/themes\/wphf\/assets\/dist\/img\/icon.doc@2x.png 2x, https:\/\/wphfund.org\/wp-content\/themes\/wphf\/assets\/dist\/img\/icon.doc@3x.png3x\"><span class=\"attachment-type\">Collective Protection Resources<\/span><span class=\"attachment-desc\">English<\/span><\/a>\n","protected":false},"excerpt":{"rendered":"<p>El WPHF agradece el trabajo de\u00a0investigaci\u00f3n y la experiencia de Freedom House, que compil\u00f3 los antecedentes de esta lista de recursos. Oportunidades de derivaci\u00f3n de salud mental y bienestar\u00a0 El&#8230;<\/p>\n","protected":false},"author":9,"featured_media":0,"parent":0,"menu_order":0,"comment_status":"closed","ping_status":"closed","template":"","meta":{"_acf_changed":false,"footnotes":""},"class_list":["post-19606","page","type-page","status-publish","hentry"],"acf":[],"yoast_head":"<!-- This site is optimized with the Yoast SEO plugin v26.4 - https:\/\/yoast.com\/wordpress\/plugins\/seo\/ -->\n<title>Otros mecanismos de financiaci\u00f3n para WHRDs - Women\u2019s Peace and Humanitarian Fund<\/title>\n<meta name=\"robots\" content=\"index, follow, max-snippet:-1, max-image-preview:large, max-video-preview:-1\" \/>\n<link rel=\"canonical\" href=\"https:\/\/wphfund.org\/es\/otros-mecanismos-de-financiacion-para-whrds\/\" \/>\n<meta property=\"og:locale\" content=\"es_ES\" \/>\n<meta property=\"og:type\" content=\"article\" \/>\n<meta property=\"og:title\" content=\"Otros mecanismos de financiaci\u00f3n para WHRDs - Women\u2019s Peace and Humanitarian Fund\" \/>\n<meta property=\"og:description\" content=\"El WPHF agradece el trabajo de\u00a0investigaci\u00f3n y la experiencia de Freedom House, que compil\u00f3 los antecedentes de esta lista de recursos. Oportunidades de derivaci\u00f3n de salud mental y bienestar\u00a0 El...\" \/>\n<meta property=\"og:url\" content=\"https:\/\/wphfund.org\/es\/otros-mecanismos-de-financiacion-para-whrds\/\" \/>\n<meta property=\"og:site_name\" content=\"Women\u2019s Peace and Humanitarian Fund\" \/>\n<meta property=\"article:modified_time\" content=\"2023-09-15T11:36:58+00:00\" \/>\n<meta name=\"twitter:card\" content=\"summary_large_image\" \/>\n<meta name=\"twitter:label1\" content=\"Tiempo de lectura\" \/>\n\t<meta name=\"twitter:data1\" content=\"1 minuto\" \/>\n<script type=\"application\/ld+json\" class=\"yoast-schema-graph\">{\"@context\":\"https:\/\/schema.org\",\"@graph\":[{\"@type\":\"WebPage\",\"@id\":\"https:\/\/wphfund.org\/es\/otros-mecanismos-de-financiacion-para-whrds\/\",\"url\":\"https:\/\/wphfund.org\/es\/otros-mecanismos-de-financiacion-para-whrds\/\",\"name\":\"Otros mecanismos de financiaci\u00f3n para WHRDs - Women\u2019s Peace and Humanitarian Fund\",\"isPartOf\":{\"@id\":\"https:\/\/wphfund.org\/#website\"},\"datePublished\":\"2023-09-15T11:36:05+00:00\",\"dateModified\":\"2023-09-15T11:36:58+00:00\",\"inLanguage\":\"es\",\"potentialAction\":[{\"@type\":\"ReadAction\",\"target\":[\"https:\/\/wphfund.org\/es\/otros-mecanismos-de-financiacion-para-whrds\/\"]}]},{\"@type\":\"WebSite\",\"@id\":\"https:\/\/wphfund.org\/#website\",\"url\":\"https:\/\/wphfund.org\/\",\"name\":\"Women\u2019s Peace and Humanitarian Fund\",\"description\":\"Support women. Prevent conflict. Build peace.\",\"potentialAction\":[{\"@type\":\"SearchAction\",\"target\":{\"@type\":\"EntryPoint\",\"urlTemplate\":\"https:\/\/wphfund.org\/?s={search_term_string}\"},\"query-input\":{\"@type\":\"PropertyValueSpecification\",\"valueRequired\":true,\"valueName\":\"search_term_string\"}}],\"inLanguage\":\"es\"}]}<\/script>\n<!-- \/ Yoast SEO plugin. -->","yoast_head_json":{"title":"Otros mecanismos de financiaci\u00f3n para WHRDs - Women\u2019s Peace and Humanitarian Fund","robots":{"index":"index","follow":"follow","max-snippet":"max-snippet:-1","max-image-preview":"max-image-preview:large","max-video-preview":"max-video-preview:-1"},"canonical":"https:\/\/wphfund.org\/es\/otros-mecanismos-de-financiacion-para-whrds\/","og_locale":"es_ES","og_type":"article","og_title":"Otros mecanismos de financiaci\u00f3n para WHRDs - Women\u2019s Peace and Humanitarian Fund","og_description":"El WPHF agradece el trabajo de\u00a0investigaci\u00f3n y la experiencia de Freedom House, que compil\u00f3 los antecedentes de esta lista de recursos. Oportunidades de derivaci\u00f3n de salud mental y bienestar\u00a0 El...","og_url":"https:\/\/wphfund.org\/es\/otros-mecanismos-de-financiacion-para-whrds\/","og_site_name":"Women\u2019s Peace and Humanitarian Fund","article_modified_time":"2023-09-15T11:36:58+00:00","twitter_card":"summary_large_image","twitter_misc":{"Tiempo de lectura":"1 minuto"},"schema":{"@context":"https:\/\/schema.org","@graph":[{"@type":"WebPage","@id":"https:\/\/wphfund.org\/es\/otros-mecanismos-de-financiacion-para-whrds\/","url":"https:\/\/wphfund.org\/es\/otros-mecanismos-de-financiacion-para-whrds\/","name":"Otros mecanismos de financiaci\u00f3n para WHRDs - Women\u2019s Peace and Humanitarian Fund","isPartOf":{"@id":"https:\/\/wphfund.org\/#website"},"datePublished":"2023-09-15T11:36:05+00:00","dateModified":"2023-09-15T11:36:58+00:00","inLanguage":"es","potentialAction":[{"@type":"ReadAction","target":["https:\/\/wphfund.org\/es\/otros-mecanismos-de-financiacion-para-whrds\/"]}]},{"@type":"WebSite","@id":"https:\/\/wphfund.org\/#website","url":"https:\/\/wphfund.org\/","name":"Women\u2019s Peace and Humanitarian Fund","description":"Support women. Prevent conflict. Build peace.","potentialAction":[{"@type":"SearchAction","target":{"@type":"EntryPoint","urlTemplate":"https:\/\/wphfund.org\/?s={search_term_string}"},"query-input":{"@type":"PropertyValueSpecification","valueRequired":true,"valueName":"search_term_string"}}],"inLanguage":"es"}]}},"_links":{"self":[{"href":"https:\/\/wphfund.org\/es\/wp-json\/wp\/v2\/pages\/19606","targetHints":{"allow":["GET"]}}],"collection":[{"href":"https:\/\/wphfund.org\/es\/wp-json\/wp\/v2\/pages"}],"about":[{"href":"https:\/\/wphfund.org\/es\/wp-json\/wp\/v2\/types\/page"}],"author":[{"embeddable":true,"href":"https:\/\/wphfund.org\/es\/wp-json\/wp\/v2\/users\/9"}],"replies":[{"embeddable":true,"href":"https:\/\/wphfund.org\/es\/wp-json\/wp\/v2\/comments?post=19606"}],"version-history":[{"count":0,"href":"https:\/\/wphfund.org\/es\/wp-json\/wp\/v2\/pages\/19606\/revisions"}],"wp:attachment":[{"href":"https:\/\/wphfund.org\/es\/wp-json\/wp\/v2\/media?parent=19606"}],"curies":[{"name":"wp","href":"https:\/\/api.w.org\/{rel}","templated":true}]}}